{"id":701,"date":"2024-09-13T23:17:04","date_gmt":"2024-09-13T23:17:04","guid":{"rendered":"https:\/\/lofimusic.com.es\/index.php\/producto\/b0cqx87qjz_fr\/"},"modified":"2024-09-13T23:17:04","modified_gmt":"2024-09-13T23:17:04","slug":"b0cqx87qjz_fr","status":"publish","type":"product","link":"https:\/\/lofimusic.com.es\/index.php\/producto\/b0cqx87qjz_fr\/","title":{"rendered":"B0CQX87QJZ_FR"},"content":{"rendered":"<p>&#8211; \u3010Grand espace de rangement\u3011Ce support pour toilettes comprend des \u00e9tag\u00e8res de rangement ouvertes \u00e0 3 niveaux et 4 crochets de 5 kg pour garder les essentiels de votre salle de bain organis\u00e9s et facilement accessibles, tels que les serviettes, les shampoings, le papier toilette, les produits de soin de la peau. De plus, les bords sur\u00e9lev\u00e9s emp\u00eachent les objets ne tombent pas.<br \/>\n&#8211; \u3010Plus stable que vous ne le pensez\u3011Les tubes m\u00e9talliques solides et antirouille et la structure renforc\u00e9e en forme de \u2018X\u2019 rendent l&#8217;\u00e9tag\u00e8re de rangement difficile \u00e0 vaciller ou \u00e0 d\u00e9former et durable pendant des ann\u00e9es. Convient \u00e0 la salle de bains, \u00e0 la buanderie, au balcon, \u00e0 la cuisine, au salon, etc.\u2003<br \/>\n&#8211; \u3010Exploitez pleinement l&#8217;espace\u3011La partie sup\u00e9rieure de la salle de bains est utilis\u00e9e pour offrir un espace de rangement et am\u00e9liorer l&#8217;utilisation de l&#8217;espace. La barre inf\u00e9rieure est r\u00e9glable en hauteur sur 6,5 cm et peut \u00eatre adapt\u00e9e \u00e0 diff\u00e9rents mod\u00e8les de toilettes. L&#8217;espace inf\u00e9rieur de 90,5 x 60 cm peut \u00e9galement accueillir un lave-linge de taille appropri\u00e9e, un panier \u00e0 linge sale, etc.<br \/>\n&#8211; \u3010Conception s\u00e9curis\u00e9e et adapt\u00e9e\u30112 dispositifs anti-basculement sont inclus pour fixer fermement le support de rangement au mur pour plus de s\u00e9curit\u00e9. De plus, l&#8217;\u00e9tag\u00e8re est livr\u00e9e avec des autocollants pour recouvrir les trous de vis et am\u00e9liorer l&#8217;esth\u00e9tique globale.<br \/>\n&#8211; \u3010Large application et assemblage facile\u3011Il s&#8217;agit non seulement d&#8217;un support de rangement au-dessus des toilettes, mais \u00e9galement d&#8217;un pr\u00e9sentoir ou d&#8217;une \u00e9tag\u00e8re de rangement qui peut \u00eatre utilis\u00e9 dans la buanderie, la cuisine et plus encore. De plus, gr\u00e2ce \u00e0 des instructions d\u00e9taill\u00e9es, vous pouvez assembler le support en peu de temps.<\/p>\n","protected":false},"excerpt":{"rendered":"<p>publicit\u00e9<br \/>\nCOSTWAY \u00c9tag\u00e8re de Salle de Bain, Meuble WC Au-Dessus des Toilettes \u00e0 3 Niveaux, 4 Crochets, Barre Inf\u00e9rieure R\u00e9glable, Meuble de Rangement Cadre en M\u00e9tal, 24 x 63 x 164 cm (Blanc)<\/p>\n","protected":false},"featured_media":700,"comment_status":"open","ping_status":"closed","template":"","meta":[],"product_cat":[15],"product_tag":[],"class_list":{"0":"post-701","1":"product","2":"type-product","3":"status-publish","4":"has-post-thumbnail","6":"product_cat-sin-categorizar","7":"nodate","8":"item-wrap","10":"first","11":"instock","12":"shipping-taxable","13":"product-type-external"},"_links":{"self":[{"href":"https:\/\/lofimusic.com.es\/index.php\/wp-json\/wp\/v2\/product\/701","targetHints":{"allow":["GET"]}}],"collection":[{"href":"https:\/\/lofimusic.com.es\/index.php\/wp-json\/wp\/v2\/product"}],"about":[{"href":"https:\/\/lofimusic.com.es\/index.php\/wp-json\/wp\/v2\/types\/product"}],"replies":[{"embeddable":true,"href":"https:\/\/lofimusic.com.es\/index.php\/wp-json\/wp\/v2\/comments?post=701"}],"wp:featuredmedia":[{"embeddable":true,"href":"https:\/\/lofimusic.com.es\/index.php\/wp-json\/wp\/v2\/media\/700"}],"wp:attachment":[{"href":"https:\/\/lofimusic.com.es\/index.php\/wp-json\/wp\/v2\/media?parent=701"}],"wp:term":[{"taxonomy":"product_cat","embeddable":true,"href":"https:\/\/lofimusic.com.es\/index.php\/wp-json\/wp\/v2\/product_cat?post=701"},{"taxonomy":"product_tag","embeddable":true,"href":"https:\/\/lofimusic.com.es\/index.php\/wp-json\/wp\/v2\/product_tag?post=701"}],"curies":[{"name":"wp","href":"https:\/\/api.w.org\/{rel}","templated":true}]}}