{"id":695,"date":"2024-09-13T23:13:03","date_gmt":"2024-09-13T23:13:03","guid":{"rendered":"https:\/\/lofimusic.com.es\/index.php\/producto\/b0d818csld_fr\/"},"modified":"2024-09-13T23:13:03","modified_gmt":"2024-09-13T23:13:03","slug":"b0d818csld_fr","status":"publish","type":"product","link":"https:\/\/lofimusic.com.es\/index.php\/producto\/b0d818csld_fr\/","title":{"rendered":"B0D818CSLD_FR"},"content":{"rendered":"<p>&#8211; \u3010Installation Facile\u3011Avec des supports pliables et le mat\u00e9riel de montage mural inclus, ce jeu de puissance 4 g\u00e9ant peut \u00eatre facilement fix\u00e9 au mur ou utilis\u00e9 comme jeu de table. Sa grande taille offre une exp\u00e9rience de jeu inoubliable.<br \/>\n&#8211; \u3010Amusement sans fin\u3011Dot\u00e9 de r\u00e8gles simples, ce jeu de soci\u00e9t\u00e9 est con\u00e7u pour apporter un plaisir sans fin. La premi\u00e8re personne \u00e0 connecter 4 jetons en ligne droite (horizontalement, verticalement ou en diagonale) gagne !<br \/>\n&#8211; \u3010Set Complet &amp; Rangement Facile\u3011Le jeu puissance 4 g\u00e9ant est livr\u00e9 avec un sac de transport, 42 jetons color\u00e9s et 2 sacs \u00e0 cordon, offrant une exp\u00e9rience de jeu ultime. Avec sa conception l\u00e9g\u00e8re, vous pouvez l&#8217;emporter partout.<br \/>\n&#8211; \u3010Lib\u00e9ration Rapide &amp; R\u00e9initialisation\u3011Vous pouvez commencer une nouvelle partie facilement en faisant basculer le panneau inf\u00e9rieur pour faire tomber tous les jetons en une fois. Les 2 plateaux inf\u00e9rieurs facilitent la collecte des jetons.<br \/>\n&#8211; \u3010Mat\u00e9riau S\u00e9lectionn\u00e9\u3011Le jeu 4-en-ligne est fabriqu\u00e9 \u00e0 partir de mat\u00e9riaux PP+ABS durables et s\u00fbrs.Les coins arrondis et les bords sans bavure augmentent la s\u00e9curit\u00e9 en \u00e9vitant les blessures accidentelles.<\/p>\n","protected":false},"excerpt":{"rendered":"<p>publicit\u00e9<br \/>\nCOSTWAY Jeux Puissance 4 G\u00e9ant Mural avec 42 Jetons, Jeu de Soci\u00e9t\u00e9 Ludique &amp; \u00c9ducatif avec Sac de Transport &amp; 2 Plateaux, Utilisation Int\u00e9rieur Ext\u00e9rieur pour Enfant &amp; Adulte, 62x20x48,5cm (Rouge)<\/p>\n","protected":false},"featured_media":694,"comment_status":"open","ping_status":"closed","template":"","meta":[],"product_cat":[15],"product_tag":[],"class_list":{"0":"post-695","1":"product","2":"type-product","3":"status-publish","4":"has-post-thumbnail","6":"product_cat-sin-categorizar","7":"nodate","8":"item-wrap","10":"first","11":"instock","12":"shipping-taxable","13":"product-type-external"},"_links":{"self":[{"href":"https:\/\/lofimusic.com.es\/index.php\/wp-json\/wp\/v2\/product\/695","targetHints":{"allow":["GET"]}}],"collection":[{"href":"https:\/\/lofimusic.com.es\/index.php\/wp-json\/wp\/v2\/product"}],"about":[{"href":"https:\/\/lofimusic.com.es\/index.php\/wp-json\/wp\/v2\/types\/product"}],"replies":[{"embeddable":true,"href":"https:\/\/lofimusic.com.es\/index.php\/wp-json\/wp\/v2\/comments?post=695"}],"wp:featuredmedia":[{"embeddable":true,"href":"https:\/\/lofimusic.com.es\/index.php\/wp-json\/wp\/v2\/media\/694"}],"wp:attachment":[{"href":"https:\/\/lofimusic.com.es\/index.php\/wp-json\/wp\/v2\/media?parent=695"}],"wp:term":[{"taxonomy":"product_cat","embeddable":true,"href":"https:\/\/lofimusic.com.es\/index.php\/wp-json\/wp\/v2\/product_cat?post=695"},{"taxonomy":"product_tag","embeddable":true,"href":"https:\/\/lofimusic.com.es\/index.php\/wp-json\/wp\/v2\/product_tag?post=695"}],"curies":[{"name":"wp","href":"https:\/\/api.w.org\/{rel}","templated":true}]}}