{"id":693,"date":"2024-09-13T23:09:04","date_gmt":"2024-09-13T23:09:04","guid":{"rendered":"https:\/\/lofimusic.com.es\/index.php\/producto\/b089d7wn43_fr\/"},"modified":"2024-09-13T23:09:04","modified_gmt":"2024-09-13T23:09:04","slug":"b089d7wn43_fr","status":"publish","type":"product","link":"https:\/\/lofimusic.com.es\/index.php\/producto\/b089d7wn43_fr\/","title":{"rendered":"B089D7WN43_FR"},"content":{"rendered":"<p>&#8211; \u3010Vapeur puissante et efficace :\u3011Apr\u00e8s avoir branch\u00e9 l&#8217;alimentation \u00e9lectrique, le nettoyeur \u00e0 vapeur sera pr\u00eat en 3 minutes avec 1050W de puissance. La lampe s&#8217;\u00e9teint automatiquement apr\u00e8s 3 minutes pour indiquer que le chauffage est termin\u00e9.<br \/>\n&#8211; \u3010Conception s\u00fbre :\u3011La vapeur chaude est sans produits chimiques, sans vapeurs ni r\u00e9sidus nocifs. Il y a un verrou de s\u00e9curit\u00e9 sur la poign\u00e9e et un capuchon de s\u00e9curit\u00e9 pour assurer la s\u00e9curit\u00e9 lorsque la vapeur est utilis\u00e9e. Ne craignez pas de vous \u00e9bouillanter avec un liquide chaud ou de la vapeur.<br \/>\n&#8211; \u3010Ensemble d&#8217;accessoires 9 pi\u00e8ces :\u3011Ce nettoyeur \u00e0 vapeur est livr\u00e9 avec des accessoires en 9 pi\u00e8ces, \u00e0 savoir un gobelet doseur, un entonnoir, un outil de nettoyage des vitres, une brosse ronde en nylon, un chiffon, une buse \u00e0 jet, une buse courb\u00e9e, etc.<br \/>\n&#8211; \u3010L\u00e9ger et portable \u00e0 utiliser :\u3011ce nettoyeur \u00e0 vapeur est facile \u00e0 transporter d&#8217;un endroit \u00e0 l&#8217;autre gr\u00e2ce \u00e0 son poids l\u00e9ger et portable. La poign\u00e9e poss\u00e8de une conception ergonomique qui vous assure une prise en main confortable.<br \/>\n&#8211; \u3010Nettoyeur \u00e0 vapeur multifonctionnel :\u3011Le nettoyeur \u00e0 vapeur haute temp\u00e9rature peut r\u00e9pondre \u00e0 vos besoins quotidiens de nettoyage et de d\u00e9sinfection. Il est id\u00e9al pour nettoyer les \u00e9viers, les cuisini\u00e8res, les comptoirs, les r\u00e9frig\u00e9rateurs, les fen\u00eatres, les toilettes, les carreaux, les rideaux de douche etc.<\/p>\n","protected":false},"excerpt":{"rendered":"<p>publicit\u00e9<br \/>\nCOSTWAY Nettoyeur \u00e0 Vapeur \u00e0 Main Polyvalent Portatif 900-1050 W R\u00e9servoir d&#8217;Eau 350ML avec Accessoires 9 Pi\u00e8ces pour Eliminer les Taches de Rideau Vitre Si\u00e8ges d&#8217;Auto Sofa (Jaune)<\/p>\n","protected":false},"featured_media":691,"comment_status":"open","ping_status":"closed","template":"","meta":[],"product_cat":[15],"product_tag":[],"class_list":{"0":"post-693","1":"product","2":"type-product","3":"status-publish","4":"has-post-thumbnail","6":"product_cat-sin-categorizar","7":"nodate","8":"item-wrap","10":"first","11":"instock","12":"shipping-taxable","13":"product-type-external"},"_links":{"self":[{"href":"https:\/\/lofimusic.com.es\/index.php\/wp-json\/wp\/v2\/product\/693","targetHints":{"allow":["GET"]}}],"collection":[{"href":"https:\/\/lofimusic.com.es\/index.php\/wp-json\/wp\/v2\/product"}],"about":[{"href":"https:\/\/lofimusic.com.es\/index.php\/wp-json\/wp\/v2\/types\/product"}],"replies":[{"embeddable":true,"href":"https:\/\/lofimusic.com.es\/index.php\/wp-json\/wp\/v2\/comments?post=693"}],"wp:featuredmedia":[{"embeddable":true,"href":"https:\/\/lofimusic.com.es\/index.php\/wp-json\/wp\/v2\/media\/691"}],"wp:attachment":[{"href":"https:\/\/lofimusic.com.es\/index.php\/wp-json\/wp\/v2\/media?parent=693"}],"wp:term":[{"taxonomy":"product_cat","embeddable":true,"href":"https:\/\/lofimusic.com.es\/index.php\/wp-json\/wp\/v2\/product_cat?post=693"},{"taxonomy":"product_tag","embeddable":true,"href":"https:\/\/lofimusic.com.es\/index.php\/wp-json\/wp\/v2\/product_tag?post=693"}],"curies":[{"name":"wp","href":"https:\/\/api.w.org\/{rel}","templated":true}]}}