{"id":692,"date":"2024-09-13T23:09:04","date_gmt":"2024-09-13T23:09:04","guid":{"rendered":"https:\/\/lofimusic.com.es\/index.php\/producto\/b0czl4v5rp_de\/"},"modified":"2024-09-13T23:09:04","modified_gmt":"2024-09-13T23:09:04","slug":"b0czl4v5rp_de","status":"publish","type":"product","link":"https:\/\/lofimusic.com.es\/index.php\/producto\/b0czl4v5rp_de\/","title":{"rendered":"B0CZL4V5RP_DE"},"content":{"rendered":"<p>&#8211; Weit verbreitet Exploration und p\u00e4dagogische Werkzeuge: Das digitales Mikroskop mit 8 einstellbaren LED Licht ist ideal f\u00fcr die Beobachtung von M\u00fcnzen, Pflanzen, Steine, Schmuck, Sammlung \u00dcberpr\u00fcfung, Briefmarken QC Inspektion, biologische Dias, Das usb Mikroskop ist auch geeignet f\u00fcr Micro L\u00f6ten und Elektronik Reparatur etc.Perfect Geburtstag \/ Urlaub \/ Weihnachten Geschenke f\u00fcr M\u00e4dchen,Jungen und gro\u00dfe Spielzeug f\u00fcr Kinder<br \/>\n&#8211; 4,3-Zoll Bildschirm:HD IPS Bildschirm liefert au\u00dfergew\u00f6hnlich scharfe und detaillierte Probenbilder,der ein gutes Sichtfeld f\u00fcr eine einfache Betrachtung bietet.Vrbessert Ihre Beobachtung mit un\u00fcbertroffener Pr\u00e4zision und Lebendigkeit.Es handelt mit der Sie nicht nur hochwertige Schnappsch\u00fcsse,sondern auch beeindruckende Videos aufnehmen k\u00f6nnen. M\u00fchelose Erfahrung, die Ihre wissenschaftlichen Aktivit\u00e4ten auf ein neues Niveau hebt. (32G TF Karte nicht im Lieferumfang enthalten)<br \/>\n&#8211; Vielseitige 50-1000 fache Vergr\u00f6\u00dferung: Das digitale Vergr\u00f6\u00dferungs microscope erm\u00f6glicht das Vergr\u00f6\u00dfern und Verkleinern, um unglaubliche Details mit einer beeindruckenden 50- bis 1000-fachen Vergr\u00f6\u00dferung zu betrachten. Ob Sie in die Komplexit\u00e4t des Mikrokosmos eintauchen oder makroskopische Strukturen untersuchen, dieser vielseitige Vergr\u00f6\u00dferungsbereich sorgt daf\u00fcr, dass Sie f\u00fcr jedes Thema die perfekte Detailgenauigkeit haben<br \/>\n&#8211; Einstellbare 8 LED-Leuchten und hochgradig verstellbare Halterung: \u00dcbernehmen Sie die Kontrolle \u00fcber Ihre Beobachtungsumgebung mit den einstellbaren 8 LED-Leuchten. Sie k\u00f6nnen die Helligkeit der Lichter einfach steuern, indem Sie den Lichteinstellknopf an der Seite sanft verschieben. Passen Sie Ihr Mikroskopie-Erlebnis mit h\u00f6chster Pr\u00e4zision an mit unserer hochverstellbaren Halterung<br \/>\n&#8211; Unterst\u00fctzung der Verbindung mit dem PC: Output for Larger View, Capture hochaufl\u00f6sende Bilder und Videos von winzigen Details mit GlobalCrown Mikroskop, das leicht an Ihren Computer \u00fcber USB f\u00fcr die Anzeige und Analyse angeschlossen werden kann. Erleben Sie Sicherheit mit unserem unersch\u00fctterlichen Engagement f\u00fcr den Kundensupport.Bei Fragen senden Sie uns bitte eine Nachricht \u00fcber Amazon. Wir werden Ihnen innerhalb von 12 Stunden antworten<\/p>\n","protected":false},"excerpt":{"rendered":"<p>Werbung<br \/>\nGlobalCrown Mikroskop f\u00fcr Kinder\/Erwachsene,Mikroskop digital 4,3 Zoll Bildschirm 1000X facher Vergr\u00f6\u00dferung und 8 verstellbaren LED-Lichtern, Windows\/Mac kompatibel<\/p>\n","protected":false},"featured_media":690,"comment_status":"open","ping_status":"closed","template":"","meta":[],"product_cat":[15],"product_tag":[],"class_list":{"0":"post-692","1":"product","2":"type-product","3":"status-publish","4":"has-post-thumbnail","6":"product_cat-sin-categorizar","7":"nodate","8":"item-wrap","10":"first","11":"instock","12":"shipping-taxable","13":"product-type-external"},"_links":{"self":[{"href":"https:\/\/lofimusic.com.es\/index.php\/wp-json\/wp\/v2\/product\/692","targetHints":{"allow":["GET"]}}],"collection":[{"href":"https:\/\/lofimusic.com.es\/index.php\/wp-json\/wp\/v2\/product"}],"about":[{"href":"https:\/\/lofimusic.com.es\/index.php\/wp-json\/wp\/v2\/types\/product"}],"replies":[{"embeddable":true,"href":"https:\/\/lofimusic.com.es\/index.php\/wp-json\/wp\/v2\/comments?post=692"}],"wp:featuredmedia":[{"embeddable":true,"href":"https:\/\/lofimusic.com.es\/index.php\/wp-json\/wp\/v2\/media\/690"}],"wp:attachment":[{"href":"https:\/\/lofimusic.com.es\/index.php\/wp-json\/wp\/v2\/media?parent=692"}],"wp:term":[{"taxonomy":"product_cat","embeddable":true,"href":"https:\/\/lofimusic.com.es\/index.php\/wp-json\/wp\/v2\/product_cat?post=692"},{"taxonomy":"product_tag","embeddable":true,"href":"https:\/\/lofimusic.com.es\/index.php\/wp-json\/wp\/v2\/product_tag?post=692"}],"curies":[{"name":"wp","href":"https:\/\/api.w.org\/{rel}","templated":true}]}}