{"id":689,"date":"2024-09-13T23:05:04","date_gmt":"2024-09-13T23:05:04","guid":{"rendered":"https:\/\/lofimusic.com.es\/index.php\/producto\/b0d2gxnsj5_fr\/"},"modified":"2024-09-13T23:05:04","modified_gmt":"2024-09-13T23:05:04","slug":"b0d2gxnsj5_fr","status":"publish","type":"product","link":"https:\/\/lofimusic.com.es\/index.php\/producto\/b0d2gxnsj5_fr\/","title":{"rendered":"B0D2GXNSJ5_FR"},"content":{"rendered":"<p>&#8211; \u3010Conception 4 en 1\u3011L&#8217;ensemble arbre \u00e0 chat et table offre une solution pratique pour vous et vos chats, qui peut servir de table de nuit pour contenir vos livres, ordinateurs portables etc. De plus, il comprend un jouet suspendu, un griffoir et un coussin, permettant \u00e0 votre chat de gratter, de jouer et de dormir.<br \/>\n&#8211; \u3010Planche \u00e0 Gratter Durable\u3011Equip\u00e9 d&#8217;une planche \u00e0 gratter, l&#8217;arbre \u00e0 chat multifonctionnel lib\u00e9rera l&#8217;instinct de griffer, \u00e9conomisant ainsi vos meubles. Le griffoir est fabriqu\u00e9 en sisal naturel, r\u00e9sistant aux rayures et sans danger pour les animaux de compagnie !<br \/>\n&#8211; \u3010Durabilit\u00e9 et Robustesse\u3011Fabriqu\u00e9e avec un cadre en m\u00e9tal rev\u00eatu et du MDF solide, la table d&#8217;appoint offre une excellente robustesse et r\u00e9sistance \u00e0 la rouille. De plus, elle dispose de protections antid\u00e9rapantes pour am\u00e9liorer encore la stabilit\u00e9 sans endommager votre sol.<br \/>\n&#8211; \u3010Design Compact\u3011Gr\u00e2ce \u00e0 la structure en forme de \u2018C\u2019, vous pouvez facilement glisser la table d&#8217;appoint pour chat pr\u00e8s des canap\u00e9s et des lits ou n&#8217;importe quel coin limit\u00e9 de votre salon ou de votre chambre. Dot\u00e9e d&#8217;une finition en imitation bois, la table d&#8217;appoint pour chat peut s&#8217;agencer \u00e0 de nombreux th\u00e8mes de d\u00e9coration.<br \/>\n&#8211; \u3010Nettoyage Facile\u3011Livr\u00e9 avec un coussin en peluche amovible, le mobilier moderne pour chat offre un endroit confortable pour qu\u2019il puisse faire une sieste. Le coussin est lavable en machine pour un nettoyage pratique. Et le plateau plaqu\u00e9 est \u00e9galement facile \u00e0 entretenir avec un chiffon humide.<\/p>\n","protected":false},"excerpt":{"rendered":"<p>publicit\u00e9<br \/>\nCOSTWAY Arbre \u00e0 Chat et Table d&#8217;Appoint, Tour \u00e0 Chat avec Tapis \u00e0 Gratter et Balle Suspendue, Griffoir pour Chat avec Coussin Amovible, Dispositif Anti-Basculement et Coussinet R\u00e9glable, Marron<\/p>\n","protected":false},"featured_media":688,"comment_status":"open","ping_status":"closed","template":"","meta":[],"product_cat":[15],"product_tag":[],"class_list":{"0":"post-689","1":"product","2":"type-product","3":"status-publish","4":"has-post-thumbnail","6":"product_cat-sin-categorizar","7":"nodate","8":"item-wrap","10":"first","11":"instock","12":"shipping-taxable","13":"product-type-external"},"_links":{"self":[{"href":"https:\/\/lofimusic.com.es\/index.php\/wp-json\/wp\/v2\/product\/689","targetHints":{"allow":["GET"]}}],"collection":[{"href":"https:\/\/lofimusic.com.es\/index.php\/wp-json\/wp\/v2\/product"}],"about":[{"href":"https:\/\/lofimusic.com.es\/index.php\/wp-json\/wp\/v2\/types\/product"}],"replies":[{"embeddable":true,"href":"https:\/\/lofimusic.com.es\/index.php\/wp-json\/wp\/v2\/comments?post=689"}],"wp:featuredmedia":[{"embeddable":true,"href":"https:\/\/lofimusic.com.es\/index.php\/wp-json\/wp\/v2\/media\/688"}],"wp:attachment":[{"href":"https:\/\/lofimusic.com.es\/index.php\/wp-json\/wp\/v2\/media?parent=689"}],"wp:term":[{"taxonomy":"product_cat","embeddable":true,"href":"https:\/\/lofimusic.com.es\/index.php\/wp-json\/wp\/v2\/product_cat?post=689"},{"taxonomy":"product_tag","embeddable":true,"href":"https:\/\/lofimusic.com.es\/index.php\/wp-json\/wp\/v2\/product_tag?post=689"}],"curies":[{"name":"wp","href":"https:\/\/api.w.org\/{rel}","templated":true}]}}