{"id":687,"date":"2024-09-13T23:04:03","date_gmt":"2024-09-13T23:04:03","guid":{"rendered":"https:\/\/lofimusic.com.es\/index.php\/producto\/b0bhy7ft9r_de\/"},"modified":"2024-09-13T23:04:03","modified_gmt":"2024-09-13T23:04:03","slug":"b0bhy7ft9r_de","status":"publish","type":"product","link":"https:\/\/lofimusic.com.es\/index.php\/producto\/b0bhy7ft9r_de\/","title":{"rendered":"B0BHY7FT9R_DE"},"content":{"rendered":"<p>&#8211; KinderKamera: Sofortbildkameras drucken schnell und automatisch, kein Warten mehr auf die Entwicklung von Fotos, l\u00e4sst Kinder in der Freude an der Fotografie mit Sofortdruck schwelgen.Jede Rolle Druckpapier kann ca. 90 Schwarz Wei\u00df Fotos drucken. Einfach zu bedienen, wirtschaftlich zu besitzen, perfekt f\u00fcr Kinder.Digitalkamera Kinder ist als Geschenk f\u00fcr 3-12 Jahre alt Jungen M\u00e4dchen Outdoor-Spiel entworfen<br \/>\n&#8211; Thermo druck technologie: Null Tinte, die sofortige Thermo druck technologie druckt Schwarz Wei\u00df Fotos auf umweltfreundlichem, sicherem und BPA-freiem Fotopapier.Jungen und M\u00e4dchen k\u00f6nnen die Buntstifte verwenden, um DIY Dekoration zu machen und die gedruckten Fotos zu f\u00e4rben, ihre praktischen F\u00e4higkeiten zu verbessern und ihre Neugier und ihr Interesse an der Fotografie zu kultivieren, wodurch die Kreativit\u00e4t und Fantasie der Kinder angeregt wird<br \/>\n&#8211; Digitalkamera Kinder Sofortbildkamera:1080p HD-Video;1200 mAh wiederaufladbare Batterie,12 Megapixel; Die 3,5\u00bb gro\u00dfe Bildschirm-Kamera hat eine 12 Megapixel, die bis zu 1920x1080P Video nehmen k\u00f6nnte, wird die klare wunderbare Moment f\u00fcr Kinder zu halten.Die Kamera kommt mit 4 Rollen Druckpapier und 32GB Micro-SD-Karte, kann sofort verwendet werden<br \/>\n&#8211; Fotodruck papier und 32GB Micro SD Karte:32GB Speicherkarte und eine Rolle Druckerpapier sind bereits in der Kamera vorhanden.Wenn keine SD-Karte vorhanden ist, kann die Kamera direkt drucken, aber Bilder und Videos k\u00f6nnen nicht gespeichert werden<br \/>\n&#8211; 3 in 1 Kamera Kinder fotoapparat :Direktdruck,3,5 Zoll Gro\u00dfbildschirm,Autofokus,DIY-Graffiti,OTG-\u00dcbertragung,Video,Zeitgesteuertes Selfie,Lustiger Fotorahmen,Kreative Filter,Umweltschutz.Unterschiedliche Umgebungshelligkeit,Fotoaufl\u00f6sung und Druckdichte,die gedruckten Fotos werden unterschiedliche Effekte haben.Bitte w\u00e4hlen Sie die entsprechenden Parametereinstellungen (Fotoaufl\u00f6sung\/Druckdichte etc.)<\/p>\n","protected":false},"excerpt":{"rendered":"<p>Werbung<br \/>\nGlobalCrown Sofortbildkamera Kinder,Digitalkamera kinderkamera fotoapparat Kamera Geschenke f\u00fcr 3-12 Jahre Jungen M\u00e4dchen (einschlie\u00dflich 4 Rollen Druckpapier und 32GB Karte)<\/p>\n","protected":false},"featured_media":686,"comment_status":"open","ping_status":"closed","template":"","meta":[],"product_cat":[15],"product_tag":[],"class_list":{"0":"post-687","1":"product","2":"type-product","3":"status-publish","4":"has-post-thumbnail","6":"product_cat-sin-categorizar","7":"nodate","8":"item-wrap","10":"first","11":"instock","12":"shipping-taxable","13":"product-type-external"},"_links":{"self":[{"href":"https:\/\/lofimusic.com.es\/index.php\/wp-json\/wp\/v2\/product\/687","targetHints":{"allow":["GET"]}}],"collection":[{"href":"https:\/\/lofimusic.com.es\/index.php\/wp-json\/wp\/v2\/product"}],"about":[{"href":"https:\/\/lofimusic.com.es\/index.php\/wp-json\/wp\/v2\/types\/product"}],"replies":[{"embeddable":true,"href":"https:\/\/lofimusic.com.es\/index.php\/wp-json\/wp\/v2\/comments?post=687"}],"wp:featuredmedia":[{"embeddable":true,"href":"https:\/\/lofimusic.com.es\/index.php\/wp-json\/wp\/v2\/media\/686"}],"wp:attachment":[{"href":"https:\/\/lofimusic.com.es\/index.php\/wp-json\/wp\/v2\/media?parent=687"}],"wp:term":[{"taxonomy":"product_cat","embeddable":true,"href":"https:\/\/lofimusic.com.es\/index.php\/wp-json\/wp\/v2\/product_cat?post=687"},{"taxonomy":"product_tag","embeddable":true,"href":"https:\/\/lofimusic.com.es\/index.php\/wp-json\/wp\/v2\/product_tag?post=687"}],"curies":[{"name":"wp","href":"https:\/\/api.w.org\/{rel}","templated":true}]}}