{"id":685,"date":"2024-09-13T23:01:03","date_gmt":"2024-09-13T23:01:03","guid":{"rendered":"https:\/\/lofimusic.com.es\/index.php\/producto\/b0d48xdctb_fr\/"},"modified":"2024-09-13T23:01:03","modified_gmt":"2024-09-13T23:01:03","slug":"b0d48xdctb_fr","status":"publish","type":"product","link":"https:\/\/lofimusic.com.es\/index.php\/producto\/b0d48xdctb_fr\/","title":{"rendered":"B0D48XDCTB_FR"},"content":{"rendered":"<p>&#8211; \u3010Solution de Stockage Peu Encombrante\u3011Optimisez l\u2019espace de votre pi\u00e8ce avec cette \u00e9tag\u00e8re \u00e9quip\u00e9e d\u2019une armoire de rangement. Elle utilise efficacement l\u2019espace vertical, id\u00e9ale pour la salle de bain, le salon, ou la salle d\u2019\u00e9tude.<br \/>\n&#8211; \u3010Options de Rangement Polyvalentes\u3011Profitez de 3 \u00e9tag\u00e8res ouvertes et d\u2019une armoire \u00e0 2 portes pour exposer vos livres, objets de d\u00e9coration ou ranger vos effets personnels. L\u2019\u00e9tag\u00e8re int\u00e9rieure est amovible et r\u00e9glable avec 2 hauteurs diff\u00e9rentes (\u00e9cart de 3 cm), offrant une capacit\u00e9 de charge totale de 120 kg.<br \/>\n&#8211; \u3010Portes d\u2019Armoire en Rotin PV\u3011Les portes en rotin PV sont durables et faciles \u00e0 entretenir. Elles sont \u00e9quip\u00e9es de boutons dor\u00e9s, de loquets magn\u00e9tiques et de charni\u00e8res \u00e0 fermeture douce pour une utilisation pratique et \u00e9l\u00e9gante.<br \/>\n&#8211; \u3010Cadre en M\u00e9tal Mat\u3011Le cadre en m\u00e9tal est trait\u00e9 par pulv\u00e9risation de plastique pour une durabilit\u00e9 accrue. La conception anti-dumping avec fixation murale(Il vous suffit de fixer le haut et le milieu de l\u2019\u00e9tag\u00e8re au mur par 4 vis.) et pieds r\u00e9glables assure stabilit\u00e9 et s\u00e9curit\u00e9 sur tous types de sols.<br \/>\n&#8211; \u3010Entretien Facile\u3011La surface lisse et imperm\u00e9able se nettoie facilement, vous faisant gagner du temps et des efforts. Dimensions : 30 x 60 x 180 cm (L x l x H).<\/p>\n","protected":false},"excerpt":{"rendered":"<p>publicit\u00e9<br \/>\nCOSTWAY Biblioth\u00e8que \u00c9tag\u00e8re \u00c9chelle avec Armoire en Rotin, \u00c9tag\u00e8re de Rangement \u00e0 6 Niveaux avec Cadre M\u00e9tallique, pour Salon Chambre Bureau, 30 x 60 x 180 cm, Naturel<\/p>\n","protected":false},"featured_media":684,"comment_status":"open","ping_status":"closed","template":"","meta":[],"product_cat":[15],"product_tag":[],"class_list":{"0":"post-685","1":"product","2":"type-product","3":"status-publish","4":"has-post-thumbnail","6":"product_cat-sin-categorizar","7":"nodate","8":"item-wrap","10":"first","11":"instock","12":"shipping-taxable","13":"product-type-external"},"_links":{"self":[{"href":"https:\/\/lofimusic.com.es\/index.php\/wp-json\/wp\/v2\/product\/685","targetHints":{"allow":["GET"]}}],"collection":[{"href":"https:\/\/lofimusic.com.es\/index.php\/wp-json\/wp\/v2\/product"}],"about":[{"href":"https:\/\/lofimusic.com.es\/index.php\/wp-json\/wp\/v2\/types\/product"}],"replies":[{"embeddable":true,"href":"https:\/\/lofimusic.com.es\/index.php\/wp-json\/wp\/v2\/comments?post=685"}],"wp:featuredmedia":[{"embeddable":true,"href":"https:\/\/lofimusic.com.es\/index.php\/wp-json\/wp\/v2\/media\/684"}],"wp:attachment":[{"href":"https:\/\/lofimusic.com.es\/index.php\/wp-json\/wp\/v2\/media?parent=685"}],"wp:term":[{"taxonomy":"product_cat","embeddable":true,"href":"https:\/\/lofimusic.com.es\/index.php\/wp-json\/wp\/v2\/product_cat?post=685"},{"taxonomy":"product_tag","embeddable":true,"href":"https:\/\/lofimusic.com.es\/index.php\/wp-json\/wp\/v2\/product_tag?post=685"}],"curies":[{"name":"wp","href":"https:\/\/api.w.org\/{rel}","templated":true}]}}