{"id":683,"date":"2024-09-13T22:59:03","date_gmt":"2024-09-13T22:59:03","guid":{"rendered":"https:\/\/lofimusic.com.es\/index.php\/producto\/b0d7p3z2lj_de\/"},"modified":"2024-09-13T22:59:03","modified_gmt":"2024-09-13T22:59:03","slug":"b0d7p3z2lj_de","status":"publish","type":"product","link":"https:\/\/lofimusic.com.es\/index.php\/producto\/b0d7p3z2lj_de\/","title":{"rendered":"B0D7P3Z2LJ_DE"},"content":{"rendered":"<p>&#8211; [Kompatibel mit Xiaomi Redmi 13 4G \/ Poco M6 4G] &#8211; Die H\u00fclle ist kompatibel mit dem Xiaomi Redmi 13 4G \/ Poco M6 4G, f\u00fchlt sich angenehm an und l\u00e4sst sich leicht anbringen oder entfernen.<br \/>\n&#8211; [Pr\u00e4zises Schneiden] &#8211; Wir haben L\u00f6cher f\u00fcr alle n\u00fctzlichen Anschl\u00fcsse und Tasten geschnitten. Sie m\u00fcssen die H\u00fclle nicht abnehmen, selbst wenn Sie alle Funktionen des Telefons nutzen.<br \/>\n&#8211; [Soft transparent und anti-gelb] &#8211; Der H\u00fclle f\u00fcr Xiaomi Redmi 13 4G ist aus flexiblem Polymer, es ist ultra transparent und erm\u00f6glicht es Ihnen, die nat\u00fcrliche Sch\u00f6nheit Ihres Telefons zu zeigen. Der H\u00fclle ist auch anti-gelb, wodurch lang anhaltende Klarheit.<br \/>\n&#8211; [Das Versprechen des Verk\u00e4ufers] &#8211; Diese H\u00fclle, Kameraschutz und Schutzfolie f\u00fcr Xiaomi Redmi 13 4G k\u00f6nnen mindestens 3-4 Monate verwendet werden. Wenn es w\u00e4hrend dieser Zeit kaputt geht, k\u00f6nnen Sie uns jederzeit kontaktieren, wir erstatten Ihnen die Zahlung zur\u00fcck.<\/p>\n","protected":false},"excerpt":{"rendered":"<p>Werbung<br \/>\nYsjisy H\u00fclle f\u00fcr Xiaomi Redmi 13 4G \/ Poco M6 4G mit 2 St\u00fccke Schutzfolie und 2 St\u00fccke Kameraschutz, Weich und Transparent TPU Handyh\u00fclle, Sto\u00dffest und Anti-gelb Schutzh\u00fclle<\/p>\n","protected":false},"featured_media":682,"comment_status":"open","ping_status":"closed","template":"","meta":[],"product_cat":[15],"product_tag":[],"class_list":{"0":"post-683","1":"product","2":"type-product","3":"status-publish","4":"has-post-thumbnail","6":"product_cat-sin-categorizar","7":"nodate","8":"item-wrap","10":"first","11":"instock","12":"shipping-taxable","13":"product-type-external"},"_links":{"self":[{"href":"https:\/\/lofimusic.com.es\/index.php\/wp-json\/wp\/v2\/product\/683","targetHints":{"allow":["GET"]}}],"collection":[{"href":"https:\/\/lofimusic.com.es\/index.php\/wp-json\/wp\/v2\/product"}],"about":[{"href":"https:\/\/lofimusic.com.es\/index.php\/wp-json\/wp\/v2\/types\/product"}],"replies":[{"embeddable":true,"href":"https:\/\/lofimusic.com.es\/index.php\/wp-json\/wp\/v2\/comments?post=683"}],"wp:featuredmedia":[{"embeddable":true,"href":"https:\/\/lofimusic.com.es\/index.php\/wp-json\/wp\/v2\/media\/682"}],"wp:attachment":[{"href":"https:\/\/lofimusic.com.es\/index.php\/wp-json\/wp\/v2\/media?parent=683"}],"wp:term":[{"taxonomy":"product_cat","embeddable":true,"href":"https:\/\/lofimusic.com.es\/index.php\/wp-json\/wp\/v2\/product_cat?post=683"},{"taxonomy":"product_tag","embeddable":true,"href":"https:\/\/lofimusic.com.es\/index.php\/wp-json\/wp\/v2\/product_tag?post=683"}],"curies":[{"name":"wp","href":"https:\/\/api.w.org\/{rel}","templated":true}]}}