{"id":681,"date":"2024-09-13T22:57:04","date_gmt":"2024-09-13T22:57:04","guid":{"rendered":"https:\/\/lofimusic.com.es\/index.php\/producto\/b0d8t7bq6l_fr\/"},"modified":"2024-09-13T22:57:04","modified_gmt":"2024-09-13T22:57:04","slug":"b0d8t7bq6l_fr","status":"publish","type":"product","link":"https:\/\/lofimusic.com.es\/index.php\/producto\/b0d8t7bq6l_fr\/","title":{"rendered":"B0D8T7BQ6L_FR"},"content":{"rendered":"<p>&#8211; \u3010Structure Robuste en Bois de Sapin\u3011Fabriqu\u00e9e en bois de sapin de qualit\u00e9 sup\u00e9rieure, la chaise Adirondack a un aspect naturel et est con\u00e7ue pour durer. De plus, la surface peinte permet \u00e0 la chaise de vous accompagner pendant longtemps.<br \/>\n&#8211; \u3010Si\u00e8ge Ergonomique et Large\u3011Dot\u00e9 d&#8217;un si\u00e8ge spacieux de 51 x 46 cm, la chaise longue vous permet de vous asseoir avec moins de stress et plus de facilit\u00e9. De plus, le dossier inclin\u00e9 \u00e0 105\u00b0 et les larges accoudoirs vous apporteront un confort ultime.<br \/>\n&#8211; \u3010Facile \u00e0 Plier\u3011Lorsque vous avez termin\u00e9 de l\u2019utiliser, vous pouvez rapidement plier la chaise Adirondack dans une taille compacte, ce qui permet d&#8217;\u00e9conomiser de l&#8217;espace et est simple \u00e0 transporter. Profitez de votre temps libre avec la chaise longue portable !<br \/>\n&#8211; \u3010D\u00e9tails Bien Con\u00e7us\u3011Les connecteurs flexibles rendent la chaise facile \u00e0 plier et \u00e0 \u00e9tendre. Et la barre transversale renforc\u00e9e am\u00e9liore consid\u00e9rablement la stabilit\u00e9 globale. De plus, le si\u00e8ge \u00e0 lattes est respirant pour s&#8217;asseoir et \u00e9vite l\u2019accumulation d&#8217;eau.<br \/>\n&#8211; \u3010Chaise Ext\u00e9rieure\u3011Avec notre chaise Adirondack, Vous pouvez vous y d\u00e9tendre n&#8217;importe o\u00f9, comme dans la cour, au bord de la piscine, dans le jardin, sur la terrasse. Dimension hors tout : 89 x 71 x 94 cm (L x l x H).<\/p>\n","protected":false},"excerpt":{"rendered":"<p>publicit\u00e9<br \/>\nCOSTWAY Chaise de Jardin Adirondack en Bois, Chaise d&#8217;Ext\u00e9rieur Pliable avec Accoudoirs, Fuateuil de Jardin \u00e0 Lattes, Dossier Haut, Chaise Pliable pour Pisine, Patio, Charge 160 KG (2)<\/p>\n","protected":false},"featured_media":680,"comment_status":"open","ping_status":"closed","template":"","meta":[],"product_cat":[15],"product_tag":[],"class_list":{"0":"post-681","1":"product","2":"type-product","3":"status-publish","4":"has-post-thumbnail","6":"product_cat-sin-categorizar","7":"nodate","8":"item-wrap","10":"first","11":"instock","12":"shipping-taxable","13":"product-type-external"},"_links":{"self":[{"href":"https:\/\/lofimusic.com.es\/index.php\/wp-json\/wp\/v2\/product\/681","targetHints":{"allow":["GET"]}}],"collection":[{"href":"https:\/\/lofimusic.com.es\/index.php\/wp-json\/wp\/v2\/product"}],"about":[{"href":"https:\/\/lofimusic.com.es\/index.php\/wp-json\/wp\/v2\/types\/product"}],"replies":[{"embeddable":true,"href":"https:\/\/lofimusic.com.es\/index.php\/wp-json\/wp\/v2\/comments?post=681"}],"wp:featuredmedia":[{"embeddable":true,"href":"https:\/\/lofimusic.com.es\/index.php\/wp-json\/wp\/v2\/media\/680"}],"wp:attachment":[{"href":"https:\/\/lofimusic.com.es\/index.php\/wp-json\/wp\/v2\/media?parent=681"}],"wp:term":[{"taxonomy":"product_cat","embeddable":true,"href":"https:\/\/lofimusic.com.es\/index.php\/wp-json\/wp\/v2\/product_cat?post=681"},{"taxonomy":"product_tag","embeddable":true,"href":"https:\/\/lofimusic.com.es\/index.php\/wp-json\/wp\/v2\/product_tag?post=681"}],"curies":[{"name":"wp","href":"https:\/\/api.w.org\/{rel}","templated":true}]}}