{"id":679,"date":"2024-09-13T22:54:03","date_gmt":"2024-09-13T22:54:03","guid":{"rendered":"https:\/\/lofimusic.com.es\/index.php\/producto\/b0cwnxx3xy_de\/"},"modified":"2024-09-13T22:54:03","modified_gmt":"2024-09-13T22:54:03","slug":"b0cwnxx3xy_de","status":"publish","type":"product","link":"https:\/\/lofimusic.com.es\/index.php\/producto\/b0cwnxx3xy_de\/","title":{"rendered":"B0CWNXX3XY_DE"},"content":{"rendered":"<p>&#8211; \ud83d\udc01 \u3010360\u00b0Ultraschall Maus und Ratte\u3011M\u00e4useabwehr ist mit Kernfunktionen und ausgereiften Technologien wie Ultraschall, Infrarotinduktion und lichtempfindlichen Stroboskoplichtern ausgestattet, um Schritt f\u00fcr Schritt einzugreifen. Halten Sie M\u00e4use und andere Insekten einfach fern.<br \/>\n&#8211; \ud83d\udc01\u30103 ARBEITSMODI\u3011Unsere ultraschall m\u00e4useabwehr sind so konzipiert, dass sie eine Vielzahl von Optionen bieten, die Ihren Trainingsanforderungen entsprechen. Der Nagetierschutz kann Tag und Nacht verwendet werden und reduziert gleichzeitig den Energieverbrauch. Je nach Bedarf k\u00f6nnen drei Stufen angepasst werden, um Ihr Zuhause 24 Stunden am Tag zu sch\u00fctzen und M\u00e4usen den Garaus zu machen.<br \/>\n&#8211; \ud83d\udc01 \u3010KEINE TOTRAUM-ABDECKUNG\u3011Mit einem gro\u00dfen Kontrollbereich von 120 Quadratmetern und einer 360-Grad-Abdeckung kann der M\u00e4useschreck wie ein standhafter Wachposten M\u00e4use in jeder Ecke des Raums kraftvoll vertreiben und Ihr Zuhause stets vor Eindringlingen sch\u00fctzen. Gleichzeitig k\u00f6nnen Stroboskoplichter im Dunkeln eine schockierendere Wirkung haben.<br \/>\n&#8211; \ud83d\udc01 \u3010Sicher und Komfortabel\u3011 Im Gegensatz zu herk\u00f6mmlichen Fallen und Giften werden nur physikalische Methoden verwendet, um Ihr Zuhause von Sch\u00e4dlingen zu befreien, wodurch der Einsatz sch\u00e4dlicher Chemikalien vermieden wird, die eine Gefahr f\u00fcr Kinder, Haustiere und den Planeten darstellen k\u00f6nnen. Mit dieser umweltfreundlichen und sicheren L\u00f6sung k\u00f6nnen Sie ein sch\u00e4dlingsfreies Zuhause genie\u00dfen und die H\u00e4nde frei haben.<br \/>\n&#8211; \ud83d\udc01\u3010 EINES PASST F\u00dcR ALLES\u3011 Das M\u00e4useabwehrmittel hat eine erhebliche abwehrende und abschreckende Wirkung auf Ratten, Eichh\u00f6rnchen, Rattenabwehr und andere Sch\u00e4dlinge. Der Mini-M\u00e4usevertreiber kann auf Dachb\u00f6den, Garagen, Kellern, Zimmern, Lagerr\u00e4umen usw. platziert und \u00fcberall im Innenbereich eingesetzt werden. W\u00e4hlen Sie unseren M\u00e4usevertreiber, um Ihr Sch\u00e4dlingsproblem zu l\u00f6sen und die Sch\u00e4dlinge aus Ihrem Zuhause zu vertreiben.<\/p>\n","protected":false},"excerpt":{"rendered":"<p>Werbung<br \/>\nUltraschall Maus und Ratten 360\u00b0,Ger\u00e4t Ultraschall Maus Mit Stroboskoplichtern und PIR,Ultraschall M\u00e4useabwehr M\u00e4use f\u00fcr Nagetiere, M\u00e4use, Eichh\u00f6rnchen, Spinnen, Pl\u00f6tze<\/p>\n","protected":false},"featured_media":678,"comment_status":"open","ping_status":"closed","template":"","meta":[],"product_cat":[15],"product_tag":[],"class_list":{"0":"post-679","1":"product","2":"type-product","3":"status-publish","4":"has-post-thumbnail","6":"product_cat-sin-categorizar","7":"nodate","8":"item-wrap","10":"first","11":"instock","12":"shipping-taxable","13":"product-type-external"},"_links":{"self":[{"href":"https:\/\/lofimusic.com.es\/index.php\/wp-json\/wp\/v2\/product\/679","targetHints":{"allow":["GET"]}}],"collection":[{"href":"https:\/\/lofimusic.com.es\/index.php\/wp-json\/wp\/v2\/product"}],"about":[{"href":"https:\/\/lofimusic.com.es\/index.php\/wp-json\/wp\/v2\/types\/product"}],"replies":[{"embeddable":true,"href":"https:\/\/lofimusic.com.es\/index.php\/wp-json\/wp\/v2\/comments?post=679"}],"wp:featuredmedia":[{"embeddable":true,"href":"https:\/\/lofimusic.com.es\/index.php\/wp-json\/wp\/v2\/media\/678"}],"wp:attachment":[{"href":"https:\/\/lofimusic.com.es\/index.php\/wp-json\/wp\/v2\/media?parent=679"}],"wp:term":[{"taxonomy":"product_cat","embeddable":true,"href":"https:\/\/lofimusic.com.es\/index.php\/wp-json\/wp\/v2\/product_cat?post=679"},{"taxonomy":"product_tag","embeddable":true,"href":"https:\/\/lofimusic.com.es\/index.php\/wp-json\/wp\/v2\/product_tag?post=679"}],"curies":[{"name":"wp","href":"https:\/\/api.w.org\/{rel}","templated":true}]}}