{"id":677,"date":"2024-09-13T22:53:03","date_gmt":"2024-09-13T22:53:03","guid":{"rendered":"https:\/\/lofimusic.com.es\/index.php\/producto\/b0ddwkb53p_fr\/"},"modified":"2024-09-13T22:53:03","modified_gmt":"2024-09-13T22:53:03","slug":"b0ddwkb53p_fr","status":"publish","type":"product","link":"https:\/\/lofimusic.com.es\/index.php\/producto\/b0ddwkb53p_fr\/","title":{"rendered":"B0DDWKB53P_FR"},"content":{"rendered":"<p>&#8211; Conception \u00e0 Plateau Relevable 2 en 1 : Dot\u00e9e d&#8217;un plateau relevable, la table basse est adapt\u00e9e pour travailler sur votre ordinateur portable ou profiter d&#8217;une tasse de caf\u00e9 pour r\u00e9pondre \u00e0 vos multiples besoins. La conception de levage pratique peut soulever ou abaisser la surface facilement et en douceur gr\u00e2ce \u00e0 un m\u00e9canisme de levage robuste \u00e0 v\u00e9rin \u00e0 gaz.<br \/>\n&#8211; Rangement Cach\u00e9 et Ouvert : Maximisez votre espace de vie avec de nombreuses options de rangement fournies par notre table basse. Elle comprend un espace de rangement cach\u00e9 pour des objets tels que des t\u00e9l\u00e9commandes et des bo\u00eetes de mouchoirs, tandis que le plateau sup\u00e9rieur ouvert est parfait pour exposer des plantes ou des collations. De plus, les compartiments lat\u00e9raux et inf\u00e9rieurs offrent un espace suppl\u00e9mentaire.<br \/>\n&#8211; Construction Fiable : Fabriqu\u00e9e en bois d&#8217;ing\u00e9nierie \u00e9pais et en m\u00e9tal robuste, cette table basse est r\u00e9sistante pour un usage quotidien. Les repose-pieds r\u00e9glables garantissent que la table reste \u00e9quilibr\u00e9e sur des sols in\u00e9gaux. Profitez d&#8217;un meuble stable qui allie praticit\u00e9 et esth\u00e9tique.<br \/>\n&#8211; Conception Conviviale : La table basse est con\u00e7ue pour votre commodit\u00e9 avec un fonctionnement fluide pour un mouvement silencieux. Elle est con\u00e7ue avec une \u00e9tag\u00e8re de rangement amovible qui peut \u00eatre ajust\u00e9e ou retir\u00e9e selon vos besoins de stockage. Les poign\u00e9es d\u00e9coup\u00e9es facilitent la manipulation. Un espace suffisant en dessous facilite le nettoyage des aspirateurs robots.<br \/>\n&#8211; Utilisations Polyvalentes : Non seulement un endroit pour poser votre tasse de caf\u00e9, cette table basse \u00e0 plateau relevable est suffisamment polyvalente pour servir \u00e0 plusieurs fins dans votre maison. Utilisez-la comme poste de travail, table \u00e0 manger ou unit\u00e9 de rangement. Son design \u00e9l\u00e9gant et minimaliste compl\u00e8te n&#8217;importe quel style de d\u00e9coration, transformant n&#8217;importe quelle pi\u00e8ce en un espace moderne et fonctionnel.<\/p>\n","protected":false},"excerpt":{"rendered":"<p>publicit\u00e9<br \/>\nGOPLUS Table Basse Relevable, Table Basse Salon avec Plateau Relevable V\u00e9rin \u00e0 Gaz, avec Compartiments Cach\u00e9 &amp; Ouverts, Moderne,Rectangulaire pour Bureau,Charge 40+20KG,100 x 49,5 x 47,5CM (Blanc)<\/p>\n","protected":false},"featured_media":676,"comment_status":"open","ping_status":"closed","template":"","meta":[],"product_cat":[15],"product_tag":[],"class_list":{"0":"post-677","1":"product","2":"type-product","3":"status-publish","4":"has-post-thumbnail","6":"product_cat-sin-categorizar","7":"nodate","8":"item-wrap","10":"first","11":"instock","12":"shipping-taxable","13":"product-type-external"},"_links":{"self":[{"href":"https:\/\/lofimusic.com.es\/index.php\/wp-json\/wp\/v2\/product\/677","targetHints":{"allow":["GET"]}}],"collection":[{"href":"https:\/\/lofimusic.com.es\/index.php\/wp-json\/wp\/v2\/product"}],"about":[{"href":"https:\/\/lofimusic.com.es\/index.php\/wp-json\/wp\/v2\/types\/product"}],"replies":[{"embeddable":true,"href":"https:\/\/lofimusic.com.es\/index.php\/wp-json\/wp\/v2\/comments?post=677"}],"wp:featuredmedia":[{"embeddable":true,"href":"https:\/\/lofimusic.com.es\/index.php\/wp-json\/wp\/v2\/media\/676"}],"wp:attachment":[{"href":"https:\/\/lofimusic.com.es\/index.php\/wp-json\/wp\/v2\/media?parent=677"}],"wp:term":[{"taxonomy":"product_cat","embeddable":true,"href":"https:\/\/lofimusic.com.es\/index.php\/wp-json\/wp\/v2\/product_cat?post=677"},{"taxonomy":"product_tag","embeddable":true,"href":"https:\/\/lofimusic.com.es\/index.php\/wp-json\/wp\/v2\/product_tag?post=677"}],"curies":[{"name":"wp","href":"https:\/\/api.w.org\/{rel}","templated":true}]}}