{"id":675,"date":"2024-09-13T22:49:04","date_gmt":"2024-09-13T22:49:04","guid":{"rendered":"https:\/\/lofimusic.com.es\/index.php\/producto\/b0d9xm152d_de\/"},"modified":"2024-09-13T22:49:04","modified_gmt":"2024-09-13T22:49:04","slug":"b0d9xm152d_de","status":"publish","type":"product","link":"https:\/\/lofimusic.com.es\/index.php\/producto\/b0d9xm152d_de\/","title":{"rendered":"B0D9XM152D_DE"},"content":{"rendered":"<p>&#8211; \u3010Sicherer Und Effektiver\u3011Unser Bug Zapper aus Isolierte ABS-Schale ist sicherer als Metallschale, bei der das Risiko eines Stromlecks besteht. Auch, Die Wanzenzapper mit einem Maschensieb, das einen versehentlichen Kontakt mit dem Stromnetz verhindert. naturfreundlich und sicher f\u00fcr familie und haustiere. 4200V Zapping-Power, t\u00f6tet Moskitos schnell. Wirksamer als andere, die sie nur bet\u00e4uben.<br \/>\n&#8211; \u3010Nat\u00fcrlicher &amp; Stummer M\u00fcckenkiller\u3011Der Insektenlampe Elektrische wurde entwickelt, um gutartiges ultraviolettes Licht zu emittieren, um fliegende Insekten wie Fliegen, Fruchtfliegen, Motten und M\u00fccken anzulocken. das Moskitos und Fliegen dazu bringen kann. Das Ger\u00e4t verwendet einen Transformator, um Hochspannung zu erzeugen, um das innere Metallgitter aufzuladen und Sch\u00e4dlinge durch Stromschlag zu t\u00f6ten, wenn es das innere Metallgitter ber\u00fchrt. Es werden keine Chemikalien verwendet.<br \/>\n&#8211; \u3010Multifunktional Elektrisch M\u00fcckenfalle\u3011Unser Elektrischer M\u00fcckenfalle sich leicht zerlegen, aufstellen und aufh\u00e4ngen. Jeder m\u00fcckenfalle wird mit einer Kette geliefert, so dass Sie ihn \u00fcberall an einen Haken h\u00e4ngen oder auf eine Arbeitsplatte, einen Tisch oder den Boden stellen k\u00f6nnen. Und eignet sich f\u00fcr verschiedene Innenr\u00e4ume wie K\u00fcche, Esszimmer, Wohnzimmer, B\u00fcro, Hotel usw.<br \/>\n&#8211; \u3010Einfache Bedienung mit Einem Schalter\u3011Unser fliegenfalle platzieren sie die elektronische Insektenfalle an einem trockenen Ort und schlie\u00dfen Sie diese an das Stromnetz an. das Geh\u00e4use ist mit einem Schalter ausgestattet, der das h\u00e4ufige Ein- und Ausstecken von Kabeln \u00fcberfl\u00fcssig macht. Abnehmbare M\u00fccken-Aufbewahrungsbox, leicht zu reinigen, sauber und hygienisch. Vor der Reinigung m\u00fcssen Sie den Netzstecker des M\u00fcckenkillers ziehen.<br \/>\n&#8211; \u3010Qualit\u00e4ts Kundenservice\u3011Wir haben ein professionelles Marken-Pre-Sale und After-Sale-Team 24 Stunden online, um Sie zu bedienen, wenn Sie irgendwelche Probleme im Kaufprozess oder nach dem Kauf haben, k\u00f6nnen Sie uns jederzeit kontaktieren. Wenn es irgendein Produktqualit\u00e4tsproblem im Prozess der Verwendung von Moskito-Kontrolllampen gibt, k\u00f6nnen Sie uns einfach f\u00fcr R\u00fcckerstattung oder Ersatz kontaktieren, Ihre Zufriedenheit ist unsere gr\u00f6\u00dfte Aufrichtigkeit.<\/p>\n","protected":false},"excerpt":{"rendered":"<p>Werbung<br \/>\nWUGEIN M\u00fcckenabwehr Outdoor,LED 2 IN 1 M\u00fcckenlampe mit UV, 360\u00b0 M\u00fcckenschutz Insektenf\u00e4nger Insektenfalle,f\u00fcr K\u00fcche, Schlafzimmer, Campingund Andere Innen<\/p>\n","protected":false},"featured_media":674,"comment_status":"open","ping_status":"closed","template":"","meta":[],"product_cat":[15],"product_tag":[],"class_list":{"0":"post-675","1":"product","2":"type-product","3":"status-publish","4":"has-post-thumbnail","6":"product_cat-sin-categorizar","7":"nodate","8":"item-wrap","10":"first","11":"instock","12":"shipping-taxable","13":"product-type-external"},"_links":{"self":[{"href":"https:\/\/lofimusic.com.es\/index.php\/wp-json\/wp\/v2\/product\/675","targetHints":{"allow":["GET"]}}],"collection":[{"href":"https:\/\/lofimusic.com.es\/index.php\/wp-json\/wp\/v2\/product"}],"about":[{"href":"https:\/\/lofimusic.com.es\/index.php\/wp-json\/wp\/v2\/types\/product"}],"replies":[{"embeddable":true,"href":"https:\/\/lofimusic.com.es\/index.php\/wp-json\/wp\/v2\/comments?post=675"}],"wp:featuredmedia":[{"embeddable":true,"href":"https:\/\/lofimusic.com.es\/index.php\/wp-json\/wp\/v2\/media\/674"}],"wp:attachment":[{"href":"https:\/\/lofimusic.com.es\/index.php\/wp-json\/wp\/v2\/media?parent=675"}],"wp:term":[{"taxonomy":"product_cat","embeddable":true,"href":"https:\/\/lofimusic.com.es\/index.php\/wp-json\/wp\/v2\/product_cat?post=675"},{"taxonomy":"product_tag","embeddable":true,"href":"https:\/\/lofimusic.com.es\/index.php\/wp-json\/wp\/v2\/product_tag?post=675"}],"curies":[{"name":"wp","href":"https:\/\/api.w.org\/{rel}","templated":true}]}}