{"id":673,"date":"2024-09-13T22:49:04","date_gmt":"2024-09-13T22:49:04","guid":{"rendered":"https:\/\/lofimusic.com.es\/index.php\/producto\/b0clg86kj8_fr\/"},"modified":"2024-09-13T22:49:04","modified_gmt":"2024-09-13T22:49:04","slug":"b0clg86kj8_fr","status":"publish","type":"product","link":"https:\/\/lofimusic.com.es\/index.php\/producto\/b0clg86kj8_fr\/","title":{"rendered":"B0CLG86KJ8_FR"},"content":{"rendered":"<p>&#8211; Conception \u00e0 2 niveaux : Notre table basse \u00e0 2 niveaux dispose d\u2019un dessus spacieux en faux marbre et une \u00e9tag\u00e8re inf\u00e9rieure, vous offrant suffisamment d\u2019espace de stockage pour ranger de divers objets tels que tasses, livres, cadres photos, plantes en pot et ornements.<br \/>\n&#8211; Construction robuste : Le cadre de cette table basse est fabriqu\u00e9 en fer solide de meilleure qualit\u00e9 afin d\u2019obtenir une forte r\u00e9sistance \u00e0 la d\u00e9formation et une durabilit\u00e9 prolong\u00e9e. La capacit\u00e9 de poids maximale peut aller jusqu\u2019\u00e0 60 kg, vous pouvez donc profiter d\u2019utilisation plus fiable.<br \/>\n&#8211; D\u00e9tails bien pens\u00e9s : Chaque pied est \u00e9quip\u00e9 d\u2019un coussinet ajustable, ce qui am\u00e9liore consid\u00e9rablement la stabilit\u00e9 du meuble. D\u2019ailleurs, l\u2019espacement entre l\u2019\u00e9tag\u00e8re inf\u00e9rieure et le sol est de 11 cm, permettant aux robots balayeurs de librement passer pour un nettoyage facile.<br \/>\n&#8211; Style simple et moderne : Nous vous offrons 2 couleurs (noir\/blanc+or) au choix qui sont toutes \u00e9l\u00e9gantes et de bon go\u00fbt. Avec des motifs de marbre qui apportent une touche esth\u00e9tique, cette table basse se marie bien avec l\u2019ameublement int\u00e9rieur de types diff\u00e9rents.<br \/>\n&#8211; Montage et nettoyage faciles : L\u2019installation de cette table basse rectangulaire sera tr\u00e8s facile avec l\u2019aide du manuel des instructions d\u00e9taill\u00e9es. La surface est lisse et imperm\u00e9able \u00e0 l\u2019eau, ce qui facilite le nettoyage quotidien. Vous pouvez donc simplement l\u2019essuyer avec un chiffon humide.<\/p>\n","protected":false},"excerpt":{"rendered":"<p>publicit\u00e9<br \/>\nGOPLUS Table Basse Marbre Faux 2 Niveaux,Table Basse Salon avec Plateau Spacieux et \u00c9tag\u00e8re Rangement Scandinave&amp; Moderne pour Bureau Chambre Charge 60KG,105x55x46,5CM (Noir)<\/p>\n","protected":false},"featured_media":672,"comment_status":"open","ping_status":"closed","template":"","meta":[],"product_cat":[15],"product_tag":[],"class_list":{"0":"post-673","1":"product","2":"type-product","3":"status-publish","4":"has-post-thumbnail","6":"product_cat-sin-categorizar","7":"nodate","8":"item-wrap","10":"first","11":"instock","12":"shipping-taxable","13":"product-type-external"},"_links":{"self":[{"href":"https:\/\/lofimusic.com.es\/index.php\/wp-json\/wp\/v2\/product\/673","targetHints":{"allow":["GET"]}}],"collection":[{"href":"https:\/\/lofimusic.com.es\/index.php\/wp-json\/wp\/v2\/product"}],"about":[{"href":"https:\/\/lofimusic.com.es\/index.php\/wp-json\/wp\/v2\/types\/product"}],"replies":[{"embeddable":true,"href":"https:\/\/lofimusic.com.es\/index.php\/wp-json\/wp\/v2\/comments?post=673"}],"wp:featuredmedia":[{"embeddable":true,"href":"https:\/\/lofimusic.com.es\/index.php\/wp-json\/wp\/v2\/media\/672"}],"wp:attachment":[{"href":"https:\/\/lofimusic.com.es\/index.php\/wp-json\/wp\/v2\/media?parent=673"}],"wp:term":[{"taxonomy":"product_cat","embeddable":true,"href":"https:\/\/lofimusic.com.es\/index.php\/wp-json\/wp\/v2\/product_cat?post=673"},{"taxonomy":"product_tag","embeddable":true,"href":"https:\/\/lofimusic.com.es\/index.php\/wp-json\/wp\/v2\/product_tag?post=673"}],"curies":[{"name":"wp","href":"https:\/\/api.w.org\/{rel}","templated":true}]}}