{"id":669,"date":"2024-09-13T22:44:04","date_gmt":"2024-09-13T22:44:04","guid":{"rendered":"https:\/\/lofimusic.com.es\/index.php\/producto\/b0ct3fsh1w_de\/"},"modified":"2024-09-13T22:44:04","modified_gmt":"2024-09-13T22:44:04","slug":"b0ct3fsh1w_de","status":"publish","type":"product","link":"https:\/\/lofimusic.com.es\/index.php\/producto\/b0ct3fsh1w_de\/","title":{"rendered":"B0CT3FSH1W_DE"},"content":{"rendered":"<p>&#8211; TOP SONNENSCHUTZ &#8211; W\u00e4rmed\u00e4mmung im Sommer und W\u00e4rmeerhaltung im Winter. Die w\u00e4rmeschutzfolie fenster kann die W\u00e4rme im Winter speichern und im Sommer abhalten. Sparen Sie mit einer einfachen Folie teure Klimatisierungs- und Heizkosten.<br \/>\n&#8211; UV-SCHUTZ \u2013 Unsere Spiegelfolie blockiert 99% sch\u00e4dliche UV-Strahlen, kann das Verblassen und Altern von Innenm\u00f6beln reduzieren, kann Hautalterung, Falten und dunkle Flecken reduzieren, Ihre Hautgesundheit sch\u00fctzen. 10% VLT helfen, Blendung effektiv zu reduzieren, sch\u00fctzen Sie Ihre Auge<br \/>\n&#8211; PRIVATSPH\u00c4RE &#8211; Die Sichtschutzfolie bietet tags\u00fcber ein hohes Ma\u00df an Privatsph\u00e4re, da das Glas von au\u00dfen silbern verspiegelt ist. Genie\u00dfen Sie das Leben, ohne dass Fremde in Ihre Privatsph\u00e4re eindringen.<br \/>\n&#8211; EFFEKTIV GLASSCHUTZ &#8211; Egal ob drinnen oder drau\u00dfen kann verspiegelte Fensterfolie effektiv verhindern dass Scherbe spritzt, wenn das Glas unerwartet platzt, und Ihre Familie sch\u00fctzen.<br \/>\n&#8211; R\u00dcCKSTANDSFREI &#8211; Die moderne Sonnenschutzfolie ist dank ihrer selbstklebenden R\u00fcckseite besonders einfach anzubringen, sowie bei Bedarf r\u00fcckstandsfrei entfernbar. Durch das mitgelieferte Equipment klappt die Montage jetzt noch leichter.<\/p>\n","protected":false},"excerpt":{"rendered":"<p>Werbung<br \/>\nEvofensteere UV Folie Fenster Hitzeschutz Selbsthaftend Spiegelfolie Fenster Sichtschutz R\u00fcckstandslose Sonnenschutzfolie Fenster innen oder au\u00dfen Thermofolie Fenster Gegen Hitze Silber 44.5x200cm<\/p>\n","protected":false},"featured_media":668,"comment_status":"open","ping_status":"closed","template":"","meta":[],"product_cat":[15],"product_tag":[],"class_list":{"0":"post-669","1":"product","2":"type-product","3":"status-publish","4":"has-post-thumbnail","6":"product_cat-sin-categorizar","7":"nodate","8":"item-wrap","10":"first","11":"instock","12":"shipping-taxable","13":"product-type-external"},"_links":{"self":[{"href":"https:\/\/lofimusic.com.es\/index.php\/wp-json\/wp\/v2\/product\/669","targetHints":{"allow":["GET"]}}],"collection":[{"href":"https:\/\/lofimusic.com.es\/index.php\/wp-json\/wp\/v2\/product"}],"about":[{"href":"https:\/\/lofimusic.com.es\/index.php\/wp-json\/wp\/v2\/types\/product"}],"replies":[{"embeddable":true,"href":"https:\/\/lofimusic.com.es\/index.php\/wp-json\/wp\/v2\/comments?post=669"}],"wp:featuredmedia":[{"embeddable":true,"href":"https:\/\/lofimusic.com.es\/index.php\/wp-json\/wp\/v2\/media\/668"}],"wp:attachment":[{"href":"https:\/\/lofimusic.com.es\/index.php\/wp-json\/wp\/v2\/media?parent=669"}],"wp:term":[{"taxonomy":"product_cat","embeddable":true,"href":"https:\/\/lofimusic.com.es\/index.php\/wp-json\/wp\/v2\/product_cat?post=669"},{"taxonomy":"product_tag","embeddable":true,"href":"https:\/\/lofimusic.com.es\/index.php\/wp-json\/wp\/v2\/product_tag?post=669"}],"curies":[{"name":"wp","href":"https:\/\/api.w.org\/{rel}","templated":true}]}}