{"id":667,"date":"2024-09-13T22:41:03","date_gmt":"2024-09-13T22:41:03","guid":{"rendered":"https:\/\/lofimusic.com.es\/index.php\/producto\/b0d9rnbwwh_fr\/"},"modified":"2024-09-13T22:41:03","modified_gmt":"2024-09-13T22:41:03","slug":"b0d9rnbwwh_fr","status":"publish","type":"product","link":"https:\/\/lofimusic.com.es\/index.php\/producto\/b0d9rnbwwh_fr\/","title":{"rendered":"B0D9RNBWWH_FR"},"content":{"rendered":"<p>&#8211; \u3010Comment fonctionne le r\u00e9pulsif \u00e0 ultrasons pour chasse les taupes\u3011 Stimule le syst\u00e8me nerveux central des souris en vibrant et en \u00e9mettant des ondes sonores de 400 \u00e0 1000 Hz, donc chassez-les. Il fait sentir les animaux mal \u00e0 l&#8217;aise et peut \u00eatre rejet\u00e9 sans les endommager. Peut \u00e9loigner les taupes, les serpents, les rongeurs cafards, les rats, les souris et autres rongeurs destructeurs. Sans danger pour l&#8217;environnement, l&#8217;homme et les animaux. \u00c9limine l&#8217;utilisation de pi\u00e8ges \u00e0 taupes, tueurs de taupes ou poison \u00e0 taupes.<br \/>\n&#8211; \u3010\u00c9tanche et \u00e9tanche IP65\u3011R\u00e9pulsif solaire pour taupes avec une excellente r\u00e9sistance \u00e0 l&#8217;eau et capable de fonctionner en permanence m\u00eame les jours de pluie. Fabriqu\u00e9 en plastique ABS robuste et aluminium r\u00e9sistant \u00e0 la corrosion, pas de rayonnement, de produits chimiques ou d&#8217;odeurs, sans danger pour l&#8217;homme et pour nos animaux de compagnie.<br \/>\n&#8211; \u3010Technologie de panneau solaire\u3011ce piege a taupe est aliment\u00e9 par un panneau solaire sur le dessus. La taille du panneau solaire est suffisamment grande pour recueillir la lumi\u00e8re du soleil pour que le repulsif taupes fonctionne pendant 3 \u00e0 5 jours sans utiliser de piles suppl\u00e9mentaires.<br \/>\n&#8211; \u3010Facile \u00e0 installer\u3011L&#8217;installation se compl\u00e8te simplement en l&#8217;ins\u00e9rant dans le sol. Parce qu&#8217;il est compact et pratique \u00e0 transporter. Vous pouvez facilement installer des r\u00e9pulsifs dans diff\u00e9rents endroits. Prot\u00e8ge diverses choses comme les jardins d&#8217;h\u00f4tel, les jardins de villas, les fermes, les rizi\u00e8res et les champs agricoles des taupes.<br \/>\n&#8211; \u3010Contenu et services de livraison\u3011Si vous avez des questions sur nos produits, n&#8217;h\u00e9sitez pas \u00e0 nous contacter. Nous vous r\u00e9pondrons dans les 24 heures.<\/p>\n","protected":false},"excerpt":{"rendered":"<p>publicit\u00e9<br \/>\nR\u00e9pulsifs Anti Taupes, Solaire,Ultrason 4 pcs,ultrasons borne pour Taupes, Serpents campagnols Gophers et Autres R\u00e9pulsif<\/p>\n","protected":false},"featured_media":666,"comment_status":"open","ping_status":"closed","template":"","meta":[],"product_cat":[15],"product_tag":[],"class_list":{"0":"post-667","1":"product","2":"type-product","3":"status-publish","4":"has-post-thumbnail","6":"product_cat-sin-categorizar","7":"nodate","8":"item-wrap","10":"first","11":"instock","12":"shipping-taxable","13":"product-type-external"},"_links":{"self":[{"href":"https:\/\/lofimusic.com.es\/index.php\/wp-json\/wp\/v2\/product\/667","targetHints":{"allow":["GET"]}}],"collection":[{"href":"https:\/\/lofimusic.com.es\/index.php\/wp-json\/wp\/v2\/product"}],"about":[{"href":"https:\/\/lofimusic.com.es\/index.php\/wp-json\/wp\/v2\/types\/product"}],"replies":[{"embeddable":true,"href":"https:\/\/lofimusic.com.es\/index.php\/wp-json\/wp\/v2\/comments?post=667"}],"wp:featuredmedia":[{"embeddable":true,"href":"https:\/\/lofimusic.com.es\/index.php\/wp-json\/wp\/v2\/media\/666"}],"wp:attachment":[{"href":"https:\/\/lofimusic.com.es\/index.php\/wp-json\/wp\/v2\/media?parent=667"}],"wp:term":[{"taxonomy":"product_cat","embeddable":true,"href":"https:\/\/lofimusic.com.es\/index.php\/wp-json\/wp\/v2\/product_cat?post=667"},{"taxonomy":"product_tag","embeddable":true,"href":"https:\/\/lofimusic.com.es\/index.php\/wp-json\/wp\/v2\/product_tag?post=667"}],"curies":[{"name":"wp","href":"https:\/\/api.w.org\/{rel}","templated":true}]}}