{"id":665,"date":"2024-09-13T22:39:04","date_gmt":"2024-09-13T22:39:04","guid":{"rendered":"https:\/\/lofimusic.com.es\/index.php\/producto\/b0ct3k51x7_de\/"},"modified":"2024-09-13T22:39:04","modified_gmt":"2024-09-13T22:39:04","slug":"b0ct3k51x7_de","status":"publish","type":"product","link":"https:\/\/lofimusic.com.es\/index.php\/producto\/b0ct3k51x7_de\/","title":{"rendered":"B0CT3K51X7_DE"},"content":{"rendered":"<p>&#8211; UV-Schutz \uff1aDie Sonnenschutzfolie lenkt 99% der ultravioletten und 85%IR Strahlen ab. Vermeiden Sie sch\u00e4dliche Strahlung und sch\u00fctzen Sie Ihre Haut und Augen. Dar\u00fcber hinaus minimiert die Schutzfolie das Verblassen von M\u00f6beln. W\u00e4rmed\u00e4mmung im Sommer und W\u00e4rmeerhaltung im Winter. Die W\u00e4rmeregelungs-Fensterfolie kann die W\u00e4rme im Winter speichern und im Sommer abhalten. Sparen Sie mit einer einfachen Folie teure Klimatisierungs- und Heizkosten.<br \/>\n&#8211; Garantierte Privatsph\u00e4re \uff1a Die hochwertige Spiegelfolie ist die perfekte L\u00f6sung f\u00fcr eine private Barriere, in der man sich wohlf\u00fchlen kann. Dank der hochglanzverspiegelten Folie kannst Du es tags\u00fcber als Spiegel nutzen und keiner kann Dich sehen.<br \/>\n&#8211; Breiter Anwendungsbereich : Fensterfolie aus PET, klar und hell, selbstklebender Fensteraufkleber, einfach zu installieren. Geeignet f\u00fcr glatte Glasfl\u00e4chen, Schiebet\u00fcren, Schlafzimmer, Balkone, B\u00e4der, B\u00fcrot\u00fcren und Fenster.<br \/>\n&#8211; Zuverl\u00e4ssige Qualit\u00e4t : Die Sichtschutzfolie hat eine gute W\u00e4rmed\u00e4mmung, ist mit einer kratzfesten Schicht auf der Oberfl\u00e4che versehen, reibungsbest\u00e4ndig, verblasst nicht und bildet keine Blasen, l\u00e4sst sich leicht abrei\u00dfen und ist wirtschaftlich und praktisch.<br \/>\n&#8211; Effektiver Glasschutz : Egal ob drinnen oder drau\u00dfen kann verspiegelte Fensterfolie effektiv verhindern dass Scherbe spritzt, wenn das Glas unerwartet platzt, und Ihre Familie sch\u00fctzen<\/p>\n","protected":false},"excerpt":{"rendered":"<p>Werbung<br \/>\nEvofensteere UV-Schutz Sonnenschutzfolie Fenster innen oder au\u00dfen,Selbstklebend Ohne R\u00fcckst\u00e4nde Thermofolie Fenster Gegen Hitze, spiegelfolie Fenster sichtschutz f\u00fcr B\u00fcro und Haus(Silber 44.5X200)<\/p>\n","protected":false},"featured_media":664,"comment_status":"open","ping_status":"closed","template":"","meta":[],"product_cat":[15],"product_tag":[],"class_list":{"0":"post-665","1":"product","2":"type-product","3":"status-publish","4":"has-post-thumbnail","6":"product_cat-sin-categorizar","7":"nodate","8":"item-wrap","10":"first","11":"instock","12":"shipping-taxable","13":"product-type-external"},"_links":{"self":[{"href":"https:\/\/lofimusic.com.es\/index.php\/wp-json\/wp\/v2\/product\/665","targetHints":{"allow":["GET"]}}],"collection":[{"href":"https:\/\/lofimusic.com.es\/index.php\/wp-json\/wp\/v2\/product"}],"about":[{"href":"https:\/\/lofimusic.com.es\/index.php\/wp-json\/wp\/v2\/types\/product"}],"replies":[{"embeddable":true,"href":"https:\/\/lofimusic.com.es\/index.php\/wp-json\/wp\/v2\/comments?post=665"}],"wp:featuredmedia":[{"embeddable":true,"href":"https:\/\/lofimusic.com.es\/index.php\/wp-json\/wp\/v2\/media\/664"}],"wp:attachment":[{"href":"https:\/\/lofimusic.com.es\/index.php\/wp-json\/wp\/v2\/media?parent=665"}],"wp:term":[{"taxonomy":"product_cat","embeddable":true,"href":"https:\/\/lofimusic.com.es\/index.php\/wp-json\/wp\/v2\/product_cat?post=665"},{"taxonomy":"product_tag","embeddable":true,"href":"https:\/\/lofimusic.com.es\/index.php\/wp-json\/wp\/v2\/product_tag?post=665"}],"curies":[{"name":"wp","href":"https:\/\/api.w.org\/{rel}","templated":true}]}}