{"id":663,"date":"2024-09-13T22:37:03","date_gmt":"2024-09-13T22:37:03","guid":{"rendered":"https:\/\/lofimusic.com.es\/index.php\/producto\/b0dd7vj8qn_fr\/"},"modified":"2024-09-13T22:37:03","modified_gmt":"2024-09-13T22:37:03","slug":"b0dd7vj8qn_fr","status":"publish","type":"product","link":"https:\/\/lofimusic.com.es\/index.php\/producto\/b0dd7vj8qn_fr\/","title":{"rendered":"B0DD7VJ8QN_FR"},"content":{"rendered":"<p>&#8211; \u3010Le Plus R\u00e9cent Br\u00fbleur de Graisse &amp; Tonus Musculaire\u3011&#8211; Diff\u00e9rent de la ceinture de tonification abdominale habituelle, Il n&#8217;y a pas que l&#8217;entra\u00eenement des muscles abdominaux mais aussi la ceinture. il est possible de former la taille, Vous pouvez stimuler le muscle abdominal et la taille en m\u00eame temps.<br \/>\n&#8211; \u3010Type USB Rechargeable Pratique\u3011&#8211; Il peut \u00eatre charg\u00e9 avec une connexion s\u00fbre et facile depuis un ordinateur portable, une batterie mobile, un chargeur portable, une alimentation \u00e9lectrique dans la voiture, etc. Le c\u00e2ble de chargement USB inclus est plus pratique. Une fois compl\u00e8tement charg\u00e9 (le temps de charge est d&#8217;environ 30 minutes), il peut \u00eatre utilis\u00e9 pendant environ 3 heures (une op\u00e9ration dure 20 minutes).<br \/>\n&#8211; \u3010Technologie des Muscles Abdominaux EMS Haute Performance\u3011&#8211; Les EMS par courant, envoient directement le signal aux muscles et favorisent le mouvement musculaire. Tout ce que vous avez \u00e0 faire est d\u2019adapter les coussinets \u00e0 votre corps et de les laisser exercer vos muscles. Le stimulateur Muscle AB est destin\u00e9 \u00e0 l&#8217;entra\u00eenement des muscles abdomen \/ bras \/ jambe \/ hanche \/ taille.<br \/>\n&#8211; \u3010Design Frais &amp; Facile \u00e0 Utiliser\u3011&#8211;EGEYI musculaire ceinture avoir 6 modes. Modes 1-2 sont con\u00e7us pour br\u00fbler les graisses. Il donne \u00e0 vos muscles un mouvement dense et uniforme pour \u00e9liminer rapidement votre graisse abdominale. Modes 3-4 sont les meilleurs pour la croissance musculaire. Il fournit des mouvements \u00e9lastiques forts pour resserrer et renforcer les muscles de votre corps. Modes 4-5 ont pour but de vous donner une silhouette parfaite gr\u00e2ce \u00e0 la stimulation de courant multibande.<br \/>\n&#8211; \u3010S\u00e9curitaire et Facile\u3011Attention: Les feuilles de gel doivent \u00eatre remplac\u00e9es au bout de 30 fois avec une ouverture sup\u00e9rieure ou \u00e9gale \u00e0 30 jours, car elles risquent de ne pas devenir collantes. Le stimulateur musculaire abdominal est \u00e0 micro-courant et s\u00fbr. Garantie de remboursement de 100% pour stimulateur abs ou toute raison pour laquelle vous n&#8217;\u00eates pas satisfait de la ceinture de musculation ceinture abdominale, nous approuvons la garantie de 12 mois.<\/p>\n","protected":false},"excerpt":{"rendered":"<p>publicit\u00e9<br \/>\nLEMENG EMS Electrostimulateur Musculaire, EMS Ceinture Abdominale Electrostimulation, Abdos Musculation Appareil, Musculation Abdominaux 8 Modes &amp; 19 Intensit\u00e9s<\/p>\n","protected":false},"featured_media":662,"comment_status":"open","ping_status":"closed","template":"","meta":[],"product_cat":[15],"product_tag":[],"class_list":{"0":"post-663","1":"product","2":"type-product","3":"status-publish","4":"has-post-thumbnail","6":"product_cat-sin-categorizar","7":"nodate","8":"item-wrap","10":"first","11":"instock","12":"shipping-taxable","13":"product-type-external"},"_links":{"self":[{"href":"https:\/\/lofimusic.com.es\/index.php\/wp-json\/wp\/v2\/product\/663","targetHints":{"allow":["GET"]}}],"collection":[{"href":"https:\/\/lofimusic.com.es\/index.php\/wp-json\/wp\/v2\/product"}],"about":[{"href":"https:\/\/lofimusic.com.es\/index.php\/wp-json\/wp\/v2\/types\/product"}],"replies":[{"embeddable":true,"href":"https:\/\/lofimusic.com.es\/index.php\/wp-json\/wp\/v2\/comments?post=663"}],"wp:featuredmedia":[{"embeddable":true,"href":"https:\/\/lofimusic.com.es\/index.php\/wp-json\/wp\/v2\/media\/662"}],"wp:attachment":[{"href":"https:\/\/lofimusic.com.es\/index.php\/wp-json\/wp\/v2\/media?parent=663"}],"wp:term":[{"taxonomy":"product_cat","embeddable":true,"href":"https:\/\/lofimusic.com.es\/index.php\/wp-json\/wp\/v2\/product_cat?post=663"},{"taxonomy":"product_tag","embeddable":true,"href":"https:\/\/lofimusic.com.es\/index.php\/wp-json\/wp\/v2\/product_tag?post=663"}],"curies":[{"name":"wp","href":"https:\/\/api.w.org\/{rel}","templated":true}]}}