{"id":661,"date":"2024-09-13T22:34:03","date_gmt":"2024-09-13T22:34:03","guid":{"rendered":"https:\/\/lofimusic.com.es\/index.php\/producto\/b0d7pvrytt_de\/"},"modified":"2024-09-13T22:34:03","modified_gmt":"2024-09-13T22:34:03","slug":"b0d7pvrytt_de","status":"publish","type":"product","link":"https:\/\/lofimusic.com.es\/index.php\/producto\/b0d7pvrytt_de\/","title":{"rendered":"B0D7PVRYTT_DE"},"content":{"rendered":"<p>&#8211; \u26a1\u3010Ultraschall Maulwurf Vertreiber\u3011Unsere diese Solar maulwurf vertreiber schreckt Maulwurf durch Ultraschall,Pro 20 Sekunden einmal Schallim mit 30Hz Schall,die in den Boden eindringen und Sch\u00e4dlinge zwingen,den vom Schall bedeckten Bereich zu evakuieren.Ultraschall stimuliert sie, simuliert Gefahr und vertreibt sie aus dem bestrahlten Bereich<br \/>\n&#8211; \ud83d\udd05\u3010Solar aufladen und wasserdichte Funktion\u3011 Aufladen mit Solarpanel. Es ist ein energiesparendes und umweltfreundliches Produkt. Wenn Sie es an einem sonnigen Ort installieren, k\u00f6nnen Sie den eingebauten Akku jederzeit aufladen, ohne sich Sorgen machen zu m\u00fcssen, dass der Akku ausgeht. Es hat ein Ma\u00df an Wasserdichtigkeit, so dass Sie es problemlos verwenden k\u00f6nnen, auch wenn es im Regen nass wird. (Hinweis: Bei starkem Regen oder Taifun vor\u00fcbergehend nach innen ziehen). Nicht in Wasser eintauchen.<br \/>\n&#8211; \u2763\u3010TIERFREUNDLICH\u3011Unser Tiervertreiber ist eine tolle und schonende Alternative zu herk\u00f6mmlichen Tierabwehr-Produkten. Die Tiere werden ausschlie\u00dflich aufgrund der Tonfrequenzen vertrieben \u2013 sie werden weder verletzt noch vergiftet<br \/>\n&#8211; \ud83d\udca6\u3010IP66 Wasserdicht\u3011Unsere diese Solar Maulwurfabwehr ist IP65 Wasserdicht,Sodass Sie es im Drau\u00dfen stellen,entwede im Sonne oder Regen funktiert es auch in ordnung.<br \/>\n&#8211; \u2757\u3010WICHTIGE HINWEISE\u3011: Niemals in den Maulwurfsh\u00fcgel stecken, niemals an den Grundst\u00fccksecken einsetzen, sonst wird das Tier in der Mitte eingekesselt. Unterirdische Barrieren sowie Rohre, Fundamente, Beeteinfassungen etc. ber\u00fccksichtige.<\/p>\n","protected":false},"excerpt":{"rendered":"<p>Werbung<br \/>\nMole Repellent Sonic-ger\u00e4t 4 St\u00fcck Ultrasonic Solar Maulwurfabwehr Maulwurfschreck W\u00fchlmausabwehr Schlagenabwehr Eidechsenabwehr Mole Repellent Sch\u00e4dlingsbek\u00e4mpfung f\u00fcr Den Rasen Garten<\/p>\n","protected":false},"featured_media":660,"comment_status":"open","ping_status":"closed","template":"","meta":[],"product_cat":[15],"product_tag":[],"class_list":{"0":"post-661","1":"product","2":"type-product","3":"status-publish","4":"has-post-thumbnail","6":"product_cat-sin-categorizar","7":"nodate","8":"item-wrap","10":"first","11":"instock","12":"shipping-taxable","13":"product-type-external"},"_links":{"self":[{"href":"https:\/\/lofimusic.com.es\/index.php\/wp-json\/wp\/v2\/product\/661","targetHints":{"allow":["GET"]}}],"collection":[{"href":"https:\/\/lofimusic.com.es\/index.php\/wp-json\/wp\/v2\/product"}],"about":[{"href":"https:\/\/lofimusic.com.es\/index.php\/wp-json\/wp\/v2\/types\/product"}],"replies":[{"embeddable":true,"href":"https:\/\/lofimusic.com.es\/index.php\/wp-json\/wp\/v2\/comments?post=661"}],"wp:featuredmedia":[{"embeddable":true,"href":"https:\/\/lofimusic.com.es\/index.php\/wp-json\/wp\/v2\/media\/660"}],"wp:attachment":[{"href":"https:\/\/lofimusic.com.es\/index.php\/wp-json\/wp\/v2\/media?parent=661"}],"wp:term":[{"taxonomy":"product_cat","embeddable":true,"href":"https:\/\/lofimusic.com.es\/index.php\/wp-json\/wp\/v2\/product_cat?post=661"},{"taxonomy":"product_tag","embeddable":true,"href":"https:\/\/lofimusic.com.es\/index.php\/wp-json\/wp\/v2\/product_tag?post=661"}],"curies":[{"name":"wp","href":"https:\/\/api.w.org\/{rel}","templated":true}]}}