{"id":657,"date":"2024-09-13T22:29:04","date_gmt":"2024-09-13T22:29:04","guid":{"rendered":"https:\/\/lofimusic.com.es\/index.php\/producto\/b0cssbvrr4_de\/"},"modified":"2024-09-13T22:29:04","modified_gmt":"2024-09-13T22:29:04","slug":"b0cssbvrr4_de","status":"publish","type":"product","link":"https:\/\/lofimusic.com.es\/index.php\/producto\/b0cssbvrr4_de\/","title":{"rendered":"B0CSSBVRR4_DE"},"content":{"rendered":"<p>&#8211; \ud83c\udf81App-Steuerung und WiFi-Verbindung &#8211; Die SV-TCQW Fotofalle verwendet ihre integrierten WLAN- und Bluetooth-Module. (Bluetooth aktiviert WLAN.) Mit der App auf Ihrem Smartphone (TrailCam Go) k\u00f6nnen Sie die Fotofalle ganz einfach aus der Ferne steuern, anzeigen, herunterladen und anpassen, wo immer Sie sind. Verwalten Sie Ihre wertvollen Momente ganz einfach mit diesem fortschrittlichen Ger\u00e4t.<br \/>\n&#8211; Hohe Aufl\u00f6sung garantiert &#8211; Die wilde WLAN-Fotofalle erfasst au\u00dfergew\u00f6hnliche Momente mit einer au\u00dfergew\u00f6hnlichen Fotoaufl\u00f6sung von 32 MP und nimmt realistische Videos in 1080P bei 30 Bildern pro Sekunde auf. Diese Fotofalle verewigt die Natur mit kristallklaren Details und liefert lebendige Bilder und Videos von Wildtieren, ohne ihr nat\u00fcrliches Verhalten zu st\u00f6ren. Ein echter Blick auf das wilde Leben, gefangen in h\u00f6chster Qualit\u00e4t.<br \/>\n&#8211; Sofortige Aufnahme 0,1 s &#8211; Mit einer au\u00dfergew\u00f6hnlichen Ausl\u00f6segeschwindigkeit von 0,1 Sekunden erfasst diese Tierfotofalle sofort auch die schnellsten Bewegungen mit Pr\u00e4zision. Verpassen Sie keinen Moment der Action, egal ob es sich um ein fl\u00fcchtiges Tier oder ein schnelles Ereignis handelt. Zeichnen Sie jedes Detail rechtzeitig auf und stellen Sie sicher, dass Sie jeden aufregenden Moment in der Wildnis festhalten.<br \/>\n&#8211; Verbesserte Nachtsicht &#8211; Ausgestattet mit 850 nm Infrarot-LED-Lichtern, bietet diese unsichtbare Infrarot-Fotofalle au\u00dfergew\u00f6hnliche Nachtsichtf\u00e4higkeiten. Erleben Sie klare und detaillierte Bilder auch bei schlechten Lichtverh\u00e4ltnissen oder v\u00f6lliger Dunkelheit und stellen Sie sicher, dass Ihnen nichts entgeht. (Nachtsicht bis zu 20 m)<br \/>\n&#8211; \ud83d\udd0bMiniatur und 4 Batterien &#8211; Wir pr\u00e4sentieren die Fotofalle im Mini-Format (4,4 x 1,6 x 3,5 Zoll), wiegt nur 0,39 Pfund. Mit seinem kompakten und leichten Design ist es der perfekte Begleiter f\u00fcr Ihre Outdoor-Abenteuer. Ben\u00f6tigt nur 4 Batterien zum Betrieb, dies spart nicht nur Batteriekosten, sondern sorgt auch f\u00fcr eine l\u00e4ngere Nutzungszeit im Feld.<\/p>\n","protected":false},"excerpt":{"rendered":"<p>Werbung<br \/>\nCoolifepro Wildkamera mit Handy\u00fcbertragung App, 32MP Mini WLAN Wildkamera, 0,1 s Ausl\u00f6segeschwindigkeit, 90\u00b0 Erfassungs Winkel, MP4-Format, Wildkamera mit Bewegungsmelder Nachtsicht mit 32 GB Karte<\/p>\n","protected":false},"featured_media":656,"comment_status":"open","ping_status":"closed","template":"","meta":[],"product_cat":[15],"product_tag":[],"class_list":{"0":"post-657","1":"product","2":"type-product","3":"status-publish","4":"has-post-thumbnail","6":"product_cat-sin-categorizar","7":"nodate","8":"item-wrap","10":"first","11":"instock","12":"shipping-taxable","13":"product-type-external"},"_links":{"self":[{"href":"https:\/\/lofimusic.com.es\/index.php\/wp-json\/wp\/v2\/product\/657","targetHints":{"allow":["GET"]}}],"collection":[{"href":"https:\/\/lofimusic.com.es\/index.php\/wp-json\/wp\/v2\/product"}],"about":[{"href":"https:\/\/lofimusic.com.es\/index.php\/wp-json\/wp\/v2\/types\/product"}],"replies":[{"embeddable":true,"href":"https:\/\/lofimusic.com.es\/index.php\/wp-json\/wp\/v2\/comments?post=657"}],"wp:featuredmedia":[{"embeddable":true,"href":"https:\/\/lofimusic.com.es\/index.php\/wp-json\/wp\/v2\/media\/656"}],"wp:attachment":[{"href":"https:\/\/lofimusic.com.es\/index.php\/wp-json\/wp\/v2\/media?parent=657"}],"wp:term":[{"taxonomy":"product_cat","embeddable":true,"href":"https:\/\/lofimusic.com.es\/index.php\/wp-json\/wp\/v2\/product_cat?post=657"},{"taxonomy":"product_tag","embeddable":true,"href":"https:\/\/lofimusic.com.es\/index.php\/wp-json\/wp\/v2\/product_tag?post=657"}],"curies":[{"name":"wp","href":"https:\/\/api.w.org\/{rel}","templated":true}]}}