{"id":655,"date":"2024-09-13T22:29:03","date_gmt":"2024-09-13T22:29:03","guid":{"rendered":"https:\/\/lofimusic.com.es\/index.php\/producto\/b0dd3s8qmd_fr\/"},"modified":"2024-09-13T22:29:03","modified_gmt":"2024-09-13T22:29:03","slug":"b0dd3s8qmd_fr","status":"publish","type":"product","link":"https:\/\/lofimusic.com.es\/index.php\/producto\/b0dd3s8qmd_fr\/","title":{"rendered":"B0DD3S8QMD_FR"},"content":{"rendered":"<p>&#8211; \u3010Charge solaire\u3011Alimentation par cellule solaire, pas besoin de batterie suppl\u00e9mentaire. Si vous l&#8217;installez dans un endroit ensoleill\u00e9, vous pouvez toujours charger la batterie int\u00e9gr\u00e9e et vous n&#8217;avez pas \u00e0 vous soucier de rester sans batterie. La pr\u00e9cision du panneau solaire a \u00e9t\u00e9 am\u00e9lior\u00e9e. Une charge compl\u00e8te peut continuer \u00e0 fonctionner pendant 5 \u00e0 7 jours pour assurer un travail normal par temps pluvieux ou nuageux.<br \/>\n&#8211; Facile \u00e0 installer : l&#8217;installation est termin\u00e9e en le plantant simplement dans le sol. Parce qu&#8217;il est compact et pratique \u00e0 transporter. Vous pouvez facilement installer le r\u00e9pulsif dans diff\u00e9rents endroits. Prot\u00e8ge divers objets tels que les jardins d&#8217;h\u00f4tel, les jardins de villas, les fermes, les rizi\u00e8res et les champs agricoles contre les taupes.<br \/>\n&#8211; Sans danger pour l&#8217;homme et les animaux : le r\u00e9pulsif solaire anti-taupes \u00e9met de fortes ondes de vibration et des signaux sonores. Ainsi, les animaux se sentent mal \u00e0 l&#8217;aise et peuvent \u00eatre rejet\u00e9s sans les endommager. Comme il s&#8217;agit d&#8217;un produit inoffensif pour les humains et les animaux, mais il est recommand\u00e9 de le placer \u00e0 l&#8217;ext\u00e9rieur.<br \/>\n&#8211; Large gamme de travail efficace : pour une performance optimale, nous vous recommandons de placer le r\u00e9pulsif anti-taupes tous les 70 pieds sur la pelouse. Les impulsions sonores de 3 \u00e0 4 secondes toutes les 30 secondes p\u00e9n\u00e8trent dans le sol et obligent \u00e9galement les parasites \u00e0 \u00e9vacuer la zone \u00e0 travers laquelle le son se d\u00e9place.<br \/>\n&#8211; Imperm\u00e9able et durable : le r\u00e9pulsif pour souris est fabriqu\u00e9 en mat\u00e9riaux ABS et PVC de haute qualit\u00e9, il n&#8217;est pas facile \u00e0 corroder lorsqu&#8217;il est plac\u00e9 \u00e0 l&#8217;ext\u00e9rieur pendant une longue p\u00e9riode. Ce r\u00e9pulsif anti-taupes a une bonne performance \u00e9tanche et n&#8217;a pas peur de la pluie. Ainsi, vous n&#8217;avez pas \u00e0 vous soucier de l&#8217;utiliser les jours de pluie.<\/p>\n","protected":false},"excerpt":{"rendered":"<p>publicit\u00e9<br \/>\nLot de 4 r\u00e9pulsifs solaires anti-taupes &#8211; R\u00e9pulsif contre les taupes &#8211; R\u00e9pulsif contre les campagnols &#8211; R\u00e9pulsif \u00e0 ultrasons &#8211; R\u00e9pulsif solaire contre les taupes<\/p>\n","protected":false},"featured_media":654,"comment_status":"open","ping_status":"closed","template":"","meta":[],"product_cat":[15],"product_tag":[],"class_list":{"0":"post-655","1":"product","2":"type-product","3":"status-publish","4":"has-post-thumbnail","6":"product_cat-sin-categorizar","7":"nodate","8":"item-wrap","10":"first","11":"instock","12":"shipping-taxable","13":"product-type-external"},"_links":{"self":[{"href":"https:\/\/lofimusic.com.es\/index.php\/wp-json\/wp\/v2\/product\/655","targetHints":{"allow":["GET"]}}],"collection":[{"href":"https:\/\/lofimusic.com.es\/index.php\/wp-json\/wp\/v2\/product"}],"about":[{"href":"https:\/\/lofimusic.com.es\/index.php\/wp-json\/wp\/v2\/types\/product"}],"replies":[{"embeddable":true,"href":"https:\/\/lofimusic.com.es\/index.php\/wp-json\/wp\/v2\/comments?post=655"}],"wp:featuredmedia":[{"embeddable":true,"href":"https:\/\/lofimusic.com.es\/index.php\/wp-json\/wp\/v2\/media\/654"}],"wp:attachment":[{"href":"https:\/\/lofimusic.com.es\/index.php\/wp-json\/wp\/v2\/media?parent=655"}],"wp:term":[{"taxonomy":"product_cat","embeddable":true,"href":"https:\/\/lofimusic.com.es\/index.php\/wp-json\/wp\/v2\/product_cat?post=655"},{"taxonomy":"product_tag","embeddable":true,"href":"https:\/\/lofimusic.com.es\/index.php\/wp-json\/wp\/v2\/product_tag?post=655"}],"curies":[{"name":"wp","href":"https:\/\/api.w.org\/{rel}","templated":true}]}}