{"id":653,"date":"2024-09-13T22:25:04","date_gmt":"2024-09-13T22:25:04","guid":{"rendered":"https:\/\/lofimusic.com.es\/index.php\/producto\/b0d3pqpczd_fr\/"},"modified":"2024-09-13T22:25:04","modified_gmt":"2024-09-13T22:25:04","slug":"b0d3pqpczd_fr","status":"publish","type":"product","link":"https:\/\/lofimusic.com.es\/index.php\/producto\/b0d3pqpczd_fr\/","title":{"rendered":"B0D3PQPCZD_FR"},"content":{"rendered":"<p>&#8211; \ud83d\udc07\u3010Panneau Solaire et Charge USB\u3011L&#8217;appareil peut \u00eatre charg\u00e9 par le soleil \u00e0 travers le panneau solaire pendant la journ\u00e9e sans se soucier d&#8217;oublier de charger. S&#8217;il est nuageux ou pluvieux, vous pouvez utiliser le port USB pour le charger. Il faut environ 5 heures pour charger compl\u00e8tement l&#8217;appareil.<br \/>\n&#8211; \ud83d\udc31\u3010Installation Facile\u3011Le dispositif solaire r\u00e9pulsif pour animaux est facile \u00e0 installer avec les tubes fournis et facilement ins\u00e9r\u00e9 dans le sol, parfait pour les cours, les patios, les porches, les jardins, les fermes, les pelouses, les \u00e9tangs, etc. Installez-le dans un endroit ensoleill\u00e9 et allumez-le, il fonctionnera normalement pendant longtemps sans entretien.<br \/>\n&#8211; \ud83d\udc26\u3010Protection \u00e0 Ultrasons\u3011Le r\u00e9pulsif pour chat \u00e9met des ondes ultrasoniques de 15 KHZ \u00e0 65 KHZ, qui sont Inoffensives pour les Humains et les animaux domestiques. En m\u00eame temps, il ne contient pas de produits chimiques ni de marchandises dangereuses.Il peut \u00e9loigner les animaux sans leur nuire, prot\u00e9geant ainsi votre s\u00e9curit\u00e9 et celle de vos animaux de compagnie.<br \/>\n&#8211; \ud83e\udd8a\u3010Fonction D&#8217;animaux \u00e0 Double Conduite\u3011Le dispositif de conduite d&#8217;animaux adopte un capteur infrarouge PIR. Lorsqu&#8217;il y a un animal, l&#8217;appareil d\u00e9marre, la lumi\u00e8re LED \u00e9mettra une forte lumi\u00e8re et clignotera, et les haut-parleurs \u00e0 ultrasons \u00e9mettront un son ultrasonique.<br \/>\n&#8211; \ud83d\udc00\u3010Port\u00e9e D&#8217;expulsion de 120 \u200b\u200b\u00b0\u3011 Notre r\u00e9pulsif \u00e0 ultrasons pour chats d&#8217;ext\u00e9rieur se compose de quatre c\u00f4t\u00e9s et est con\u00e7u avec un capteur infrarouge (PIR). plage de d\u00e9tection Infrarouge : 120\u00b0 et la distance maximale est de 12 m. Les capteurs infrarouges sont tr\u00e8s sensibles et peuvent d\u00e9tecter les moindres mouvements d\u2019Animaux intrus.<\/p>\n","protected":false},"excerpt":{"rendered":"<p>publicit\u00e9<br \/>\nR\u00e9pulsif Chat \u00e0 ultrasons, r\u00e9pulsif d&#8217;ext\u00e9rieur pour Animaux,Repousse Les Animaux d&#8217;ext\u00e9rieur comme Les Chats, Les Rats, Les Chiens, Les Oiseaux, Les Renards, r\u00e9pulsif Solaire \u00e0 ultrasons pour Chats<\/p>\n","protected":false},"featured_media":652,"comment_status":"open","ping_status":"closed","template":"","meta":[],"product_cat":[15],"product_tag":[],"class_list":{"0":"post-653","1":"product","2":"type-product","3":"status-publish","4":"has-post-thumbnail","6":"product_cat-sin-categorizar","7":"nodate","8":"item-wrap","10":"first","11":"instock","12":"shipping-taxable","13":"product-type-external"},"_links":{"self":[{"href":"https:\/\/lofimusic.com.es\/index.php\/wp-json\/wp\/v2\/product\/653","targetHints":{"allow":["GET"]}}],"collection":[{"href":"https:\/\/lofimusic.com.es\/index.php\/wp-json\/wp\/v2\/product"}],"about":[{"href":"https:\/\/lofimusic.com.es\/index.php\/wp-json\/wp\/v2\/types\/product"}],"replies":[{"embeddable":true,"href":"https:\/\/lofimusic.com.es\/index.php\/wp-json\/wp\/v2\/comments?post=653"}],"wp:featuredmedia":[{"embeddable":true,"href":"https:\/\/lofimusic.com.es\/index.php\/wp-json\/wp\/v2\/media\/652"}],"wp:attachment":[{"href":"https:\/\/lofimusic.com.es\/index.php\/wp-json\/wp\/v2\/media?parent=653"}],"wp:term":[{"taxonomy":"product_cat","embeddable":true,"href":"https:\/\/lofimusic.com.es\/index.php\/wp-json\/wp\/v2\/product_cat?post=653"},{"taxonomy":"product_tag","embeddable":true,"href":"https:\/\/lofimusic.com.es\/index.php\/wp-json\/wp\/v2\/product_tag?post=653"}],"curies":[{"name":"wp","href":"https:\/\/api.w.org\/{rel}","templated":true}]}}