{"id":651,"date":"2024-09-13T22:24:04","date_gmt":"2024-09-13T22:24:04","guid":{"rendered":"https:\/\/lofimusic.com.es\/index.php\/producto\/b0d1g3wfrb_de\/"},"modified":"2024-09-13T22:24:04","modified_gmt":"2024-09-13T22:24:04","slug":"b0d1g3wfrb_de","status":"publish","type":"product","link":"https:\/\/lofimusic.com.es\/index.php\/producto\/b0d1g3wfrb_de\/","title":{"rendered":"B0D1G3WFRB_DE"},"content":{"rendered":"<p>&#8211; [Breite Kompatibilit\u00e4t] Dieses Endoskop funktioniert mit Android 4.4+ und iPhone mit iOS 9+ System. Au\u00dferdem mit iPhone\/Micro-USB-Adapter. Wichtiger Hinweis: Gilt nur f\u00fcr Android-Smartphones\/Tablets mit OTG- und USB-UVC-Funktion. Es wird empfohlen, die kostenlose App \u201eUSB OTG CHECKER\u201c zu installieren, um OTG vor dem Kauf zu \u00fcberpr\u00fcfen. iPhone einfach Plug and Go. Computer passt nicht.<br \/>\n&#8211; [WLAN-Verbindung] Laden Sie die \u201eANESOK\u201c-App herunter und installieren Sie sie auf Ihrem Ger\u00e4t. Lassen Sie uns das Endoskopkabel mit Ihrem Smartphone verbinden. \u00d6ffnen Sie die WLAN-Einstellungen Ihres Telefons, dann generiert es ein Wi-Fi-Signal (ANESOK-xxxx). Verbinden Sie das WLAN und starten Sie dann die App, um mit der Inspektion zu beginnen.<br \/>\n&#8211; [HD-Inspektionskamera] Das 2,0-MP-Endoskop bietet Ihnen ein wunderbares Erlebnis, ein klares HD-Video und -Bild aus n\u00e4chster N\u00e4he mit einstellbaren Aufl\u00f6sungen wie 720P \/ 1080P aufzunehmen. 9.84FT (3M) halbstarres Kabel, 360-Grad-Drehung zur einfachen Auswahl des Betrachtungswinkels.<br \/>\n&#8211; [Wasserdichtes Design] IP67 wasserdicht, Sonde mit 7,9 mm Durchmesser, mit 6 einstellbaren LED-Leuchten und d\u00fcnner wasserdichter Sonde, dieses Endoskop eignet sich f\u00fcr verschiedene Umgebungen, z. B. schwach beleuchtete oder dunkle Bereiche, feuchte oder nasse Bereiche usw.<br \/>\n&#8211; [Ideales Heimwerkzeug] f\u00fcr Unterwasserkameras, wasserdichte Mikrokameras, Kraftfahrzeugdetektoren, Kanalrohrdetektoren, Such- und Rettungsdienste, kriminelle und kundenspezifische Detektoren, arch\u00e4ologische Detektion, PCB-Detektion, h\u00e4usliche Pflege, Luft- und Raumfahrtindustrie, Pflege- und Traktorenindustrie, Erd\u00f6lbohrindustrie, Bauwesen und so weiter.<\/p>\n","protected":false},"excerpt":{"rendered":"<p>Werbung<br \/>\nPancellent Endoskopkamera mit Licht, 1080P WiFi Endoskop-Kamera Handy mit Licht Wasserdichtes Ip67 Inspektionskamera mit 6 Einstellbaren LED Licht f\u00fcr Android &amp; iOS, Tablet (3M)<\/p>\n","protected":false},"featured_media":650,"comment_status":"open","ping_status":"closed","template":"","meta":[],"product_cat":[15],"product_tag":[],"class_list":{"0":"post-651","1":"product","2":"type-product","3":"status-publish","4":"has-post-thumbnail","6":"product_cat-sin-categorizar","7":"nodate","8":"item-wrap","10":"first","11":"instock","12":"shipping-taxable","13":"product-type-external"},"_links":{"self":[{"href":"https:\/\/lofimusic.com.es\/index.php\/wp-json\/wp\/v2\/product\/651","targetHints":{"allow":["GET"]}}],"collection":[{"href":"https:\/\/lofimusic.com.es\/index.php\/wp-json\/wp\/v2\/product"}],"about":[{"href":"https:\/\/lofimusic.com.es\/index.php\/wp-json\/wp\/v2\/types\/product"}],"replies":[{"embeddable":true,"href":"https:\/\/lofimusic.com.es\/index.php\/wp-json\/wp\/v2\/comments?post=651"}],"wp:featuredmedia":[{"embeddable":true,"href":"https:\/\/lofimusic.com.es\/index.php\/wp-json\/wp\/v2\/media\/650"}],"wp:attachment":[{"href":"https:\/\/lofimusic.com.es\/index.php\/wp-json\/wp\/v2\/media?parent=651"}],"wp:term":[{"taxonomy":"product_cat","embeddable":true,"href":"https:\/\/lofimusic.com.es\/index.php\/wp-json\/wp\/v2\/product_cat?post=651"},{"taxonomy":"product_tag","embeddable":true,"href":"https:\/\/lofimusic.com.es\/index.php\/wp-json\/wp\/v2\/product_tag?post=651"}],"curies":[{"name":"wp","href":"https:\/\/api.w.org\/{rel}","templated":true}]}}