{"id":649,"date":"2024-09-13T22:21:04","date_gmt":"2024-09-13T22:21:04","guid":{"rendered":"https:\/\/lofimusic.com.es\/index.php\/producto\/b0df2lpwmw_fr\/"},"modified":"2024-09-13T22:21:04","modified_gmt":"2024-09-13T22:21:04","slug":"b0df2lpwmw_fr","status":"publish","type":"product","link":"https:\/\/lofimusic.com.es\/index.php\/producto\/b0df2lpwmw_fr\/","title":{"rendered":"B0DF2LPWMW_FR"},"content":{"rendered":"<p>&#8211; Notre r\u00e9pulsif \u00e0 ultrasons pour parasites chassera instantan\u00e9ment les parasites nocifs sans aucun d\u00e9sordre ni odeur. Ultrasons pour souris d&#8217;ext\u00e9rieur Pas besoin de nettoyer les parasites morts, pas de mauvaises odeurs et de cadavres, pas de batterie n\u00e9cessaire et \u00e9conomise beaucoup d&#8217;argent. Anti-moustiques \u00e0 ultrasons Les r\u00e9sultats peuvent \u00eatre g\u00e9n\u00e9ralement affich\u00e9s dans les 2 \u00e0 3 semaines.<br \/>\n&#8211; Notre ultrasons pour souris d&#8217;ext\u00e9rieur pour rongeurs est un meilleur choix comme anti-moustiques ultrasons pour les parasites pour enfants et animaux domestiques. ultrasons moustiques Contrairement aux ultrasons traditionnels pour souris, nos ondes sonores ultrasoniques ne sont pas audibles par les humains et les animaux domestiques. Nos anti-moustiques ultrasons sont particuli\u00e8rement amicaux et inoffensifs pour les enfants.<br \/>\n&#8211; Chaque r\u00e9pulsif \u00e0 ultrasons peut couvrir une zone jusqu&#8217;\u00e0 1200 pieds carr\u00e9s. Ultrasons pour souris Pour obtenir les meilleurs r\u00e9sultats, nous vous recommandons une unit\u00e9 pour chaque pi\u00e8ce afin que chaque coin de la maison puisse \u00eatre couvert et prot\u00e9g\u00e9. Le r\u00e9pulsif \u00e0 ultrasons pour le contr\u00f4le des parasites peut \u00eatre largement utilis\u00e9 dans la maison, le restaurant, le supermarch\u00e9, le garage, l&#8217;h\u00f4tel, le bureau, l&#8217;entrep\u00f4t, l&#8217;h\u00f4pital, etc.<br \/>\n&#8211; Notre safer home insectes \u00e0 ultrasons pour souris \u00e9met des ondes sonores \u00e0 haute fr\u00e9quence qui sont trop \u00e9lev\u00e9es pour \u00eatre entendues par les humains. Ces vagues sont con\u00e7ues pour distraire, d\u00e9ranger et d\u00e9courager les parasites domestiques communs tels que les cafards, les araign\u00e9es, les fourmis et les rongeurs. Notre syst\u00e8me de conversion intelligent \u00e0 ultrasons multifr\u00e9quence rend impossible la dissimulation des parasites.<br \/>\n&#8211; Le son ultrasonique pour souris n&#8217;est pas audible par l&#8217;homme et les animaux domestiques et offre un environnement s\u00fbr. L&#8217;anti-moustiques ultrasonique repousse simplement les parasites sans les tuer, dit adieu aux pi\u00e8ges \u00e0 souris, pi\u00e8ges \u00e0 colle, motel pour cafards et spray pour insectes. R\u00e9pulsif \u00e0 ultrasons Il n&#8217;est plus n\u00e9cessaire d&#8217;\u00e9liminer les parasites morts, plus besoin d&#8217;appeler un technicien.<\/p>\n","protected":false},"excerpt":{"rendered":"<p>publicit\u00e9<br \/>\nAnti-moustiques ultrasoniques, ultrasons, pour souris, ultrasons, moustiques, anti-souris, insectes, moustiques, cafards, rats, fourmis, araign\u00e9es 4 packs<\/p>\n","protected":false},"featured_media":648,"comment_status":"open","ping_status":"closed","template":"","meta":[],"product_cat":[15],"product_tag":[],"class_list":{"0":"post-649","1":"product","2":"type-product","3":"status-publish","4":"has-post-thumbnail","6":"product_cat-sin-categorizar","7":"nodate","8":"item-wrap","10":"first","11":"instock","12":"shipping-taxable","13":"product-type-external"},"_links":{"self":[{"href":"https:\/\/lofimusic.com.es\/index.php\/wp-json\/wp\/v2\/product\/649","targetHints":{"allow":["GET"]}}],"collection":[{"href":"https:\/\/lofimusic.com.es\/index.php\/wp-json\/wp\/v2\/product"}],"about":[{"href":"https:\/\/lofimusic.com.es\/index.php\/wp-json\/wp\/v2\/types\/product"}],"replies":[{"embeddable":true,"href":"https:\/\/lofimusic.com.es\/index.php\/wp-json\/wp\/v2\/comments?post=649"}],"wp:featuredmedia":[{"embeddable":true,"href":"https:\/\/lofimusic.com.es\/index.php\/wp-json\/wp\/v2\/media\/648"}],"wp:attachment":[{"href":"https:\/\/lofimusic.com.es\/index.php\/wp-json\/wp\/v2\/media?parent=649"}],"wp:term":[{"taxonomy":"product_cat","embeddable":true,"href":"https:\/\/lofimusic.com.es\/index.php\/wp-json\/wp\/v2\/product_cat?post=649"},{"taxonomy":"product_tag","embeddable":true,"href":"https:\/\/lofimusic.com.es\/index.php\/wp-json\/wp\/v2\/product_tag?post=649"}],"curies":[{"name":"wp","href":"https:\/\/api.w.org\/{rel}","templated":true}]}}