{"id":647,"date":"2024-09-13T22:19:04","date_gmt":"2024-09-13T22:19:04","guid":{"rendered":"https:\/\/lofimusic.com.es\/index.php\/producto\/b0d6gd8zxk_de\/"},"modified":"2024-09-13T22:19:04","modified_gmt":"2024-09-13T22:19:04","slug":"b0d6gd8zxk_de","status":"publish","type":"product","link":"https:\/\/lofimusic.com.es\/index.php\/producto\/b0d6gd8zxk_de\/","title":{"rendered":"B0D6GD8ZXK_DE"},"content":{"rendered":"<p>&#8211; INDOOR-TRAININGSFAHRRAD: Dieses Heimtrainer kann f\u00fcr Ober- und Unterk\u00f6rper\u00fcbungen verwendet werden, um die Muskelkraft, die Beweglichkeit der Gelenke und die Koordination zu verbessern und tr\u00e4gt zur Verbesserung der allgemeinen Fitness bei.<br \/>\n&#8211; TRAINIEREN SIE IN IHRER FREIZEIT: Das Fahrradpedal ist kompakt und leicht, Sie k\u00f6nnen es \u00fcberall hin mitnehmen. Das verstellbare Pedal-Heimtrainer ist ideal f\u00fcr Frauen und M\u00e4nner jeden Alters, B\u00fcroangestellte mit eingeschr\u00e4nkter Mobilit\u00e4t und Menschen, die nicht viel Zeit haben, ins Fitnessstudio zu gehen.<\/p>\n","protected":false},"excerpt":{"rendered":"<p>Werbung<br \/>\nHeimtrainer Fahrrad Indoor Cycling Bike<\/p>\n","protected":false},"featured_media":646,"comment_status":"open","ping_status":"closed","template":"","meta":[],"product_cat":[15],"product_tag":[],"class_list":{"0":"post-647","1":"product","2":"type-product","3":"status-publish","4":"has-post-thumbnail","6":"product_cat-sin-categorizar","7":"nodate","8":"item-wrap","10":"first","11":"instock","12":"shipping-taxable","13":"product-type-external"},"_links":{"self":[{"href":"https:\/\/lofimusic.com.es\/index.php\/wp-json\/wp\/v2\/product\/647","targetHints":{"allow":["GET"]}}],"collection":[{"href":"https:\/\/lofimusic.com.es\/index.php\/wp-json\/wp\/v2\/product"}],"about":[{"href":"https:\/\/lofimusic.com.es\/index.php\/wp-json\/wp\/v2\/types\/product"}],"replies":[{"embeddable":true,"href":"https:\/\/lofimusic.com.es\/index.php\/wp-json\/wp\/v2\/comments?post=647"}],"wp:featuredmedia":[{"embeddable":true,"href":"https:\/\/lofimusic.com.es\/index.php\/wp-json\/wp\/v2\/media\/646"}],"wp:attachment":[{"href":"https:\/\/lofimusic.com.es\/index.php\/wp-json\/wp\/v2\/media?parent=647"}],"wp:term":[{"taxonomy":"product_cat","embeddable":true,"href":"https:\/\/lofimusic.com.es\/index.php\/wp-json\/wp\/v2\/product_cat?post=647"},{"taxonomy":"product_tag","embeddable":true,"href":"https:\/\/lofimusic.com.es\/index.php\/wp-json\/wp\/v2\/product_tag?post=647"}],"curies":[{"name":"wp","href":"https:\/\/api.w.org\/{rel}","templated":true}]}}