{"id":643,"date":"2024-09-13T22:14:04","date_gmt":"2024-09-13T22:14:04","guid":{"rendered":"https:\/\/lofimusic.com.es\/index.php\/producto\/b0d2htf8mk_de\/"},"modified":"2024-09-13T22:14:04","modified_gmt":"2024-09-13T22:14:04","slug":"b0d2htf8mk_de","status":"publish","type":"product","link":"https:\/\/lofimusic.com.es\/index.php\/producto\/b0d2htf8mk_de\/","title":{"rendered":"B0D2HTF8MK_DE"},"content":{"rendered":"<p>&#8211; [2024 neu aktualisierter CarPlay Wireless-Adapter]Mit dem HSTOP CarPlay Wireless Adapter sind keine l\u00e4stigen Verbindungskabel mehr n\u00f6tig! Genie\u00dfen Sie alle CarPlay-Funktionen wie Navigation, Musik, Siri und kabellose Anrufe (nur kompatibel mit Apple CarPlay und unterst\u00fctzt Systeme mit iOS 10 oder h\u00f6her). Erleben Sie die Freiheit des kabellosen Apple CarPlay mit unserem zuverl\u00e4ssigen Adapter.<br \/>\n&#8211; [Schnelle und stabile Verbindung]Mit der 2024 neu aktualisierten Chip-Technologie, die 5,8 GHz WLAN und 2,4 GHz Bluetooth unterst\u00fctzt, k\u00f6nnen Sie mit einfachen Schritten schnell und einfach eine Verbindung herstellen und so eine schnelle und stabile Verbindung bereitstellen. Plug-and-Play, um ganz einfach ein angenehmes und komfortables Fahrerlebnis zu starten.<br \/>\n&#8211; [Einfache Einrichtung]Das Anschlie\u00dfen des CarPlay Wireless Adapters erfolgt in nur drei einfachen Schritten, es sind keine zus\u00e4tzlichen Treiber, Apps oder umst\u00e4ndlichen Updates erforderlich. Nach der Ersteinrichtung wird der Adapter automatisch drahtlos aktiviert, wenn Ihr Fahrzeug gestartet wird, wodurch Doppelarbeit vermieden wird.<br \/>\n&#8211; [Geeignet f\u00fcr alle Fahrzeugmodelle] Der Carplay Wireless Adapter verf\u00fcgt \u00fcber eine USB-A-Buchse und einen zus\u00e4tzlichen USB-A-auf-USB-C-Anschluss. Er ist mit \u00fcber 1.000 Modellen kompatibel und kann in einer Vielzahl von Fahrzeugen verwendet werden, die mit kabelgebundenem Carplay ausgestattet sind. (Hinweis: BMW-Modelle und Tesla-Modelle sind nicht kompatibel)<br \/>\n&#8211; [Modisch und tragbar]Das elegante und kompakte Design dieses CarPlay Wireless-Adapters erleichtert den Transport und nimmt keinen Platz im Auto ein. Das kabellose Design l\u00f6st perfekt das Problem der durch Kabel verursachten Unordnung im Auto und sorgt f\u00fcr ein komfortableres Fahrerlebnis.<\/p>\n","protected":false},"excerpt":{"rendered":"<p>Werbung<br \/>\nHSTOP Carplay Wireless Adapter 2024 Neue Aktualisierte Version Wireless CarPlay Adapter Konvertieren Sie Kabelgebundenes CarPlay in Kabelloses,USB-A-zu-USB-C-Plug-and-Play,Kompatibel mit iPhone ios10+<\/p>\n","protected":false},"featured_media":642,"comment_status":"open","ping_status":"closed","template":"","meta":[],"product_cat":[15],"product_tag":[],"class_list":{"0":"post-643","1":"product","2":"type-product","3":"status-publish","4":"has-post-thumbnail","6":"product_cat-sin-categorizar","7":"nodate","8":"item-wrap","10":"first","11":"instock","12":"shipping-taxable","13":"product-type-external"},"_links":{"self":[{"href":"https:\/\/lofimusic.com.es\/index.php\/wp-json\/wp\/v2\/product\/643","targetHints":{"allow":["GET"]}}],"collection":[{"href":"https:\/\/lofimusic.com.es\/index.php\/wp-json\/wp\/v2\/product"}],"about":[{"href":"https:\/\/lofimusic.com.es\/index.php\/wp-json\/wp\/v2\/types\/product"}],"replies":[{"embeddable":true,"href":"https:\/\/lofimusic.com.es\/index.php\/wp-json\/wp\/v2\/comments?post=643"}],"wp:featuredmedia":[{"embeddable":true,"href":"https:\/\/lofimusic.com.es\/index.php\/wp-json\/wp\/v2\/media\/642"}],"wp:attachment":[{"href":"https:\/\/lofimusic.com.es\/index.php\/wp-json\/wp\/v2\/media?parent=643"}],"wp:term":[{"taxonomy":"product_cat","embeddable":true,"href":"https:\/\/lofimusic.com.es\/index.php\/wp-json\/wp\/v2\/product_cat?post=643"},{"taxonomy":"product_tag","embeddable":true,"href":"https:\/\/lofimusic.com.es\/index.php\/wp-json\/wp\/v2\/product_tag?post=643"}],"curies":[{"name":"wp","href":"https:\/\/api.w.org\/{rel}","templated":true}]}}