{"id":637,"date":"2024-09-13T22:09:05","date_gmt":"2024-09-13T22:09:05","guid":{"rendered":"https:\/\/lofimusic.com.es\/index.php\/producto\/b0ddgyy8br_fr\/"},"modified":"2024-09-13T22:09:05","modified_gmt":"2024-09-13T22:09:05","slug":"b0ddgyy8br_fr","status":"publish","type":"product","link":"https:\/\/lofimusic.com.es\/index.php\/producto\/b0ddgyy8br_fr\/","title":{"rendered":"B0DDGYY8BR_FR"},"content":{"rendered":"<p>&#8211; \ud83e\udd9fLampe anti-moustiques tr\u00e8s efficace : cette lampe anti-moustiques d&#8217;ext\u00e9rieur utilise une lumi\u00e8re UV \u00e0 360\u00b0 pour attirer les insectes, puis les choque avec un r\u00e9seau haute tension de 2000 V selon une m\u00e9thode physique. Il peut tuer efficacement la plupart des mouches, moustiques, gu\u00eapes, mites et autres insectes. Prot\u00e8ge vous et votre famille des parasites.<br \/>\n&#8211; \ud83e\udd9fDestruction efficace des insectes : la lampe anti-moustiques qui peut lib\u00e9rer une lumi\u00e8re ultraviolette de 395 nm, attire efficacement les moustiques et tue rapidement les moustiques \u00e0 haute tension. Il peut non seulement tuer les moustiques, mais aussi d&#8217;autres insectes, tels que les insectes, les moustiques, les mouches et les moustiques.<br \/>\n&#8211; \ud83e\udd9fFacile \u00e0 nettoyer et \u00e0 entretenir : notre pi\u00e8ge \u00e0 insectes est \u00e9quip\u00e9 d&#8217;un plateau de fond amovible qui aide \u00e0 recueillir les restes d&#8217;insectes et il est plus facile de nettoyer la coque avec une brosse. Il est plus efficace que les tapettes \u00e0 mouches ou les insectifuges qui contiennent des produits chimiques, piquants, inflammables et nocifs pour les femmes enceintes, les enfants et les animaux domestiques.<br \/>\n&#8211; \ud83e\udd9fFacile \u00e0 utiliser : le destructeur d&#8217;insectes \u00e9lectrique \u00e0 l&#8217;int\u00e9rieur est facile \u00e0 utiliser, il suffit de le brancher dans la prise et de travailler vous-m\u00eame. Vous pouvez le placer sur une table de terrasse. Sur le dessus du pi\u00e8ge \u00e0 lumi\u00e8re se trouve une poign\u00e9e qui vous permet de l&#8217;accrocher \u00e0 n&#8217;importe quel cintre ou branche. Avec la lampe anti-mouches \u00e9lectrique, vous pouvez profiter d&#8217;un \u00e9t\u00e9 agr\u00e9able sans \u00eatre d\u00e9rang\u00e9 par les moustiques.<br \/>\n&#8211; \ud83e\udd9f\u3010S\u00fbr et non toxique\u3011 La m\u00e9thode physique de lutte contre les moustiques est adopt\u00e9e, sans bruit, sans produits chimiques, sans rayonnement. Il est sans danger pour les femmes enceintes, les enfants et les animaux domestiques. Filet de s\u00e9curit\u00e9 externe pour \u00e9viter tout contact accidentel et assurer la s\u00e9curit\u00e9 et la protection de l&#8217;environnement.<\/p>\n","protected":false},"excerpt":{"rendered":"<p>publicit\u00e9<br \/>\nQueath Zapper \u00c9lectrique Lampe Anti Moustique int\u00e9rieur\/ext\u00e9rieur, Insect Fly Zapper, 4pi\u00e8ge \u00e0 moustiques \u00e9tanche pour Insectes Volants, Ampoule de Lampe Anti-moustiques<\/p>\n","protected":false},"featured_media":636,"comment_status":"open","ping_status":"closed","template":"","meta":[],"product_cat":[15],"product_tag":[],"class_list":{"0":"post-637","1":"product","2":"type-product","3":"status-publish","4":"has-post-thumbnail","6":"product_cat-sin-categorizar","7":"nodate","8":"item-wrap","10":"first","11":"instock","12":"shipping-taxable","13":"product-type-external"},"_links":{"self":[{"href":"https:\/\/lofimusic.com.es\/index.php\/wp-json\/wp\/v2\/product\/637","targetHints":{"allow":["GET"]}}],"collection":[{"href":"https:\/\/lofimusic.com.es\/index.php\/wp-json\/wp\/v2\/product"}],"about":[{"href":"https:\/\/lofimusic.com.es\/index.php\/wp-json\/wp\/v2\/types\/product"}],"replies":[{"embeddable":true,"href":"https:\/\/lofimusic.com.es\/index.php\/wp-json\/wp\/v2\/comments?post=637"}],"wp:featuredmedia":[{"embeddable":true,"href":"https:\/\/lofimusic.com.es\/index.php\/wp-json\/wp\/v2\/media\/636"}],"wp:attachment":[{"href":"https:\/\/lofimusic.com.es\/index.php\/wp-json\/wp\/v2\/media?parent=637"}],"wp:term":[{"taxonomy":"product_cat","embeddable":true,"href":"https:\/\/lofimusic.com.es\/index.php\/wp-json\/wp\/v2\/product_cat?post=637"},{"taxonomy":"product_tag","embeddable":true,"href":"https:\/\/lofimusic.com.es\/index.php\/wp-json\/wp\/v2\/product_tag?post=637"}],"curies":[{"name":"wp","href":"https:\/\/api.w.org\/{rel}","templated":true}]}}