{"id":635,"date":"2024-09-13T22:05:03","date_gmt":"2024-09-13T22:05:03","guid":{"rendered":"https:\/\/lofimusic.com.es\/index.php\/producto\/b0d3l884tf_fr\/"},"modified":"2024-09-13T22:05:03","modified_gmt":"2024-09-13T22:05:03","slug":"b0d3l884tf_fr","status":"publish","type":"product","link":"https:\/\/lofimusic.com.es\/index.php\/producto\/b0d3l884tf_fr\/","title":{"rendered":"B0D3L884TF_FR"},"content":{"rendered":"<p>&#8211; \ud83c\udf33 [\u00c9quip\u00e9 d&#8217;une cha\u00eene de 8 pouces] la scie \u00e0 cha\u00eene \u00e0 batterie miniature utilise une cha\u00eene durcie pour une coupe en douceur. La cha\u00eene est faite de mat\u00e9riaux a\u00e9rospatiaux et est trait\u00e9e par carbonatation et oxydation sans polissage de la cha\u00eene. Utilisez une cha\u00eene de 8 pouces pour tailler de grands troncs jusqu&#8217;\u00e0 20 cm de hauteur. Moins de vibrations et un syst\u00e8me antivibratoire r\u00e9duit la fatigue lors de longues heures de travail. Le bruit est faible et vous n&#8217;avez pas \u00e0 vous soucier de d\u00e9ranger les voisins.<br \/>\n&#8211; \ud83c\udfe1\u3010L\u00e9ger et Facile \u00e0 Utiliser\u3011 Le corps de la tron\u00e7onneuse sans fil + batterie ne p\u00e8se que 1,43 kg et la longueur totale n&#8217;est que de 45 cm, vous pouvez donc tenir et contr\u00f4ler la machine d&#8217;une seule main. Les tron\u00e7onneuses \u00e0 batterie l\u00e9g\u00e8res conviennent aux femmes, aux seniors et aux d\u00e9butants. Pour la coupe de bois de bricolage, les menuisiers professionnels peuvent choisir d&#8217;utiliser cette mini tron\u00e7onneuse \u00e0 batterie. Il est plus efficace, plus l\u00e9ger, plus durable.<br \/>\n&#8211; \ud83d\udc9a\u3010Performances de S\u00e9curit\u00e9 Puissantes\u3011La conception du couvercle de s\u00e9curit\u00e9 et du verrou de s\u00e9curit\u00e9 pour enfants garantit votre s\u00e9curit\u00e9, et le couvercle anti-\u00e9claboussures emp\u00eache la sciure de bois d&#8217;\u00e9clabousser pendant le travail. Avec la lumi\u00e8re LED en standard, il peut \u00eatre utilis\u00e9 sans probl\u00e8me m\u00eame la nuit. Livr\u00e9 avec bo\u00eete de rangement professionnelle, 2 batteries 3000mah, 1 chargeur, 2 cha\u00eene de 8 pouces,1 lunettes de protection, comprend \u00e9galement 1 paire de gants, 1 cl\u00e9 \u00e0 outils et 1 manuel professionnel.<br \/>\n&#8211; \ud83c\udf33\u3010Les 2 Batteries au Lithium\u3011Nous savons que l&#8217;utilisation de la batterie est la plus critique. Notre tron\u00e7onneuse \u00e9lectrique est livr\u00e9e avec 2 batteries 3000mAh 24V et un chargeur rapide. Chaque batterie peut fonctionner en continu pendant 30 \u00e0 40 minutes. Voyant du chargeur, facile \u00e0 v\u00e9rifier l&#8217;\u00e9tat de charge.<br \/>\n&#8211; \ud83c\udf81\u3010Services par Grenintol\u3011 Les tron\u00e7onneuses sans balais sont id\u00e9ales pour tailler les jardins, les arbustes, les branches et le bois, g\u00e9n\u00e9ralement utilis\u00e9s dans les jardins, les parcs, les cours, les vergers et les serres. C&#8217;est le meilleur cadeau pour tous les hommes et femme de jardinage. Nos tron\u00e7onneuses sont enti\u00e8rement certifi\u00e9es CE et peuvent \u00eatre utilis\u00e9es pendant de nombreuses ann\u00e9es. Si vous avez des questions, nous vous fournirons un service client parfait.<\/p>\n","protected":false},"excerpt":{"rendered":"<p>publicit\u00e9<br \/>\nGrenintol Mini Tron\u00e7onneuse \u00e0 Batterie, 8 Pouces Tron\u00e7onneuse \u00c9lectrique sans Fil, 24V\/1000W\/6000mAh Mini Tronconneuse sans Fil avec 2 Batterie, 2 Cha\u00eenes, Tron\u00e7onneuse \u00c9lectrique pour Jardin<\/p>\n","protected":false},"featured_media":634,"comment_status":"open","ping_status":"closed","template":"","meta":[],"product_cat":[15],"product_tag":[],"class_list":{"0":"post-635","1":"product","2":"type-product","3":"status-publish","4":"has-post-thumbnail","6":"product_cat-sin-categorizar","7":"nodate","8":"item-wrap","10":"first","11":"instock","12":"shipping-taxable","13":"product-type-external"},"_links":{"self":[{"href":"https:\/\/lofimusic.com.es\/index.php\/wp-json\/wp\/v2\/product\/635","targetHints":{"allow":["GET"]}}],"collection":[{"href":"https:\/\/lofimusic.com.es\/index.php\/wp-json\/wp\/v2\/product"}],"about":[{"href":"https:\/\/lofimusic.com.es\/index.php\/wp-json\/wp\/v2\/types\/product"}],"replies":[{"embeddable":true,"href":"https:\/\/lofimusic.com.es\/index.php\/wp-json\/wp\/v2\/comments?post=635"}],"wp:featuredmedia":[{"embeddable":true,"href":"https:\/\/lofimusic.com.es\/index.php\/wp-json\/wp\/v2\/media\/634"}],"wp:attachment":[{"href":"https:\/\/lofimusic.com.es\/index.php\/wp-json\/wp\/v2\/media?parent=635"}],"wp:term":[{"taxonomy":"product_cat","embeddable":true,"href":"https:\/\/lofimusic.com.es\/index.php\/wp-json\/wp\/v2\/product_cat?post=635"},{"taxonomy":"product_tag","embeddable":true,"href":"https:\/\/lofimusic.com.es\/index.php\/wp-json\/wp\/v2\/product_tag?post=635"}],"curies":[{"name":"wp","href":"https:\/\/api.w.org\/{rel}","templated":true}]}}