{"id":633,"date":"2024-09-13T22:04:03","date_gmt":"2024-09-13T22:04:03","guid":{"rendered":"https:\/\/lofimusic.com.es\/index.php\/producto\/b0d7prkthx_de\/"},"modified":"2024-09-13T22:04:03","modified_gmt":"2024-09-13T22:04:03","slug":"b0d7prkthx_de","status":"publish","type":"product","link":"https:\/\/lofimusic.com.es\/index.php\/producto\/b0d7prkthx_de\/","title":{"rendered":"B0D7PRKTHX_DE"},"content":{"rendered":"<p>&#8211; [Material] &#8211; Die Handyh\u00fclle besteht aus TPU, einem silikon\u00e4hnlichen Material, das weich und haltbar ist und sich angenehm anf\u00fchlt.<br \/>\n&#8211; [Pr\u00e4zise Positionierung der L\u00f6cher] &#8211; Wir haben L\u00f6cher f\u00fcr alle n\u00fctzlichen Tasten wie Kamera, Kopfh\u00f6reranschluss, Aufladen, Lautsprecher, Fingerabdruck-Entsperrung und Mikrofon geschnitten. Das bedeutet, dass Sie die Handyh\u00fclle nicht entfernen m\u00fcssen, um alle Funktionen des Telefons zu nutzen.<br \/>\n&#8211; [Geh\u00e4rtetes Glas Schutzfolie] &#8211; Der Schutzfolie f\u00fcr Xiaomi Redmi 13 4G besteht aus hochwertigem Klebstoff, der sich automatisch an den Bildschirm anpasst und somit sehr einfach zu installieren ist. die Oberfl\u00e4che des Schutzfolie ist mit einer oleophoben Plasmabeschichtung versehen, die sehr glatt ist und effektiv verhindert, dass Schwei\u00df und Fett Fingerabdr\u00fccke hinterlassen.<br \/>\n&#8211; [Modisch und fingerabdrucksicher] &#8211; Wir drucken Muster auf die R\u00fcckseite und den Rahmen, was der Handyh\u00fclle einen sehr modischen Look verleiht. Was mehr ist, ist die R\u00fcckseite matt, fingerabdrucksicher und ber\u00fchren glatt.<br \/>\n&#8211; [Professional Support] &#8211; Dieser Handyh\u00fclle und Schutzfolie f\u00fcr Xiaomi Redmi 13 4G kann f\u00fcr mindestens 3 bis 4 Monate verwendet werden. Wenn es w\u00e4hrend dieser Zeit gebrochen ist, k\u00f6nnen Sie uns jederzeit kontaktieren, wir werden Ihre Zahlung zur\u00fcckerstatten. Wenn Sie irgendwelche Fragen \u00fcber den Artikel oder unseren Shop haben, z\u00f6gern Sie bitte nicht, uns zu kontaktieren, wir werden Ihnen den besten Service bieten.<\/p>\n","protected":false},"excerpt":{"rendered":"<p>Werbung<br \/>\nCzyoa Handyh\u00fclle Kompatibel mit Xiaomi Redmi 13 4G \/ Poco M6 (4G) und 3 St\u00fcck Hartglas Schutzfolie + 1 Schl\u00fcsselband, Weich und TPU, Sto\u00dffest und Kratzfest Schutzh\u00fclle (Schwarz)<\/p>\n","protected":false},"featured_media":632,"comment_status":"open","ping_status":"closed","template":"","meta":[],"product_cat":[15],"product_tag":[],"class_list":{"0":"post-633","1":"product","2":"type-product","3":"status-publish","4":"has-post-thumbnail","6":"product_cat-sin-categorizar","7":"nodate","8":"item-wrap","10":"first","11":"instock","12":"shipping-taxable","13":"product-type-external"},"_links":{"self":[{"href":"https:\/\/lofimusic.com.es\/index.php\/wp-json\/wp\/v2\/product\/633","targetHints":{"allow":["GET"]}}],"collection":[{"href":"https:\/\/lofimusic.com.es\/index.php\/wp-json\/wp\/v2\/product"}],"about":[{"href":"https:\/\/lofimusic.com.es\/index.php\/wp-json\/wp\/v2\/types\/product"}],"replies":[{"embeddable":true,"href":"https:\/\/lofimusic.com.es\/index.php\/wp-json\/wp\/v2\/comments?post=633"}],"wp:featuredmedia":[{"embeddable":true,"href":"https:\/\/lofimusic.com.es\/index.php\/wp-json\/wp\/v2\/media\/632"}],"wp:attachment":[{"href":"https:\/\/lofimusic.com.es\/index.php\/wp-json\/wp\/v2\/media?parent=633"}],"wp:term":[{"taxonomy":"product_cat","embeddable":true,"href":"https:\/\/lofimusic.com.es\/index.php\/wp-json\/wp\/v2\/product_cat?post=633"},{"taxonomy":"product_tag","embeddable":true,"href":"https:\/\/lofimusic.com.es\/index.php\/wp-json\/wp\/v2\/product_tag?post=633"}],"curies":[{"name":"wp","href":"https:\/\/api.w.org\/{rel}","templated":true}]}}