{"id":6311,"date":"2024-12-06T15:54:34","date_gmt":"2024-12-06T15:54:34","guid":{"rendered":"https:\/\/lofimusic.com.es\/index.php\/producto\/b0dchsk631_es\/"},"modified":"2024-12-06T15:54:34","modified_gmt":"2024-12-06T15:54:34","slug":"b0dchsk631_es","status":"publish","type":"product","link":"https:\/\/lofimusic.com.es\/index.php\/producto\/b0dchsk631_es\/","title":{"rendered":"B0DCHSK631_ES"},"content":{"rendered":"<p>&#8211; \u3010Sonido\u3011El silbato de pl\u00e1stico tiene un sonido fuerte y n\u00edtido sin mucho esfuerzo y puede atraer r\u00e1pidamente la atenci\u00f3n de la multitud en cualquier momento.<br \/>\n&#8211; \u3010Material de Alta Calidad\u3011El silbato est\u00e1 hecho de material de alta calidad,hecho de acero inoxidable de alta calidad,seguro y duradero,en comparaci\u00f3n con los silbatos de pl\u00e1stico comunes,nuestro silbato no es f\u00e1cil de oxidar ni corroer y es m\u00e1s fuerte.<br \/>\n&#8211; \u3010Libera tus Manos\u3011Cada silbato cuenta con un cord\u00f3n negro, as\u00ed que puedes colgarlo f\u00e1cilmente alrededor de tu cuello,o en un soporte de pared,te ayuda a liberar tu mano.<br \/>\n&#8211; \u3010F\u00e1cil de Usar\u3011Simplemente sopla suavemente para emitir un sonido,no se requieren procesos complicados y es adecuado para ni\u00f1os y ancianos.Ligero y port\u00e1til,de tama\u00f1o reducido y no ocupa espacio a la hora de llevarlo a cabo.<br \/>\n&#8211; \u3010Aplicaci\u00f3n Amplia\u3011Adecuado para \u00e1rbitros,entrenadores,entrenadores,instructores,deportes,salvavidas,profesores,autodefensa,supervivencia,emergencia,pastoreo,formaci\u00f3n de p\u00e1jaros o perros,etc.<\/p>\n","protected":false},"excerpt":{"rendered":"<p>Publicidad NXPUXP Pack 2 Silbato de Acero Inoxidable,Silbato Arbitro,Silbato de \u00c1rbitro Profesional con Cord\u00f3n,Apto para Autocares y Socorristas, etc.<\/p>\n","protected":false},"featured_media":6310,"comment_status":"open","ping_status":"closed","template":"","meta":[],"product_cat":[15],"product_tag":[],"class_list":{"0":"post-6311","1":"product","2":"type-product","3":"status-publish","4":"has-post-thumbnail","6":"product_cat-sin-categorizar","7":"nodate","8":"item-wrap","10":"first","11":"instock","12":"shipping-taxable","13":"product-type-external"},"_links":{"self":[{"href":"https:\/\/lofimusic.com.es\/index.php\/wp-json\/wp\/v2\/product\/6311","targetHints":{"allow":["GET"]}}],"collection":[{"href":"https:\/\/lofimusic.com.es\/index.php\/wp-json\/wp\/v2\/product"}],"about":[{"href":"https:\/\/lofimusic.com.es\/index.php\/wp-json\/wp\/v2\/types\/product"}],"replies":[{"embeddable":true,"href":"https:\/\/lofimusic.com.es\/index.php\/wp-json\/wp\/v2\/comments?post=6311"}],"wp:featuredmedia":[{"embeddable":true,"href":"https:\/\/lofimusic.com.es\/index.php\/wp-json\/wp\/v2\/media\/6310"}],"wp:attachment":[{"href":"https:\/\/lofimusic.com.es\/index.php\/wp-json\/wp\/v2\/media?parent=6311"}],"wp:term":[{"taxonomy":"product_cat","embeddable":true,"href":"https:\/\/lofimusic.com.es\/index.php\/wp-json\/wp\/v2\/product_cat?post=6311"},{"taxonomy":"product_tag","embeddable":true,"href":"https:\/\/lofimusic.com.es\/index.php\/wp-json\/wp\/v2\/product_tag?post=6311"}],"curies":[{"name":"wp","href":"https:\/\/api.w.org\/{rel}","templated":true}]}}