{"id":627,"date":"2024-09-13T21:57:03","date_gmt":"2024-09-13T21:57:03","guid":{"rendered":"https:\/\/lofimusic.com.es\/index.php\/producto\/b0dc684wm8_fr\/"},"modified":"2024-09-13T21:57:03","modified_gmt":"2024-09-13T21:57:03","slug":"b0dc684wm8_fr","status":"publish","type":"product","link":"https:\/\/lofimusic.com.es\/index.php\/producto\/b0dc684wm8_fr\/","title":{"rendered":"B0DC684WM8_FR"},"content":{"rendered":"<p>&#8211; \ud83c\udfb6Solutions de Stockage Multiples : Ce support pour tourne-disque avec un plateau de table g\u00e9n\u00e9reux, 2 compartiments de rangement centraux et 2 espaces de rangement longs offre un espace de rangement abondant pour un tourne-disque, une lampe, des disques vinyles, des magazines et divers articles. Les rebords des 2 c\u00f4t\u00e9s du plateau emp\u00eachent les objets de tomber.<br \/>\n&#8211; \ud83d\udcfbStation de Charge : Vous pouvez facilement charger vos appareils \u00e9lectroniques avec la station de charge qui comprend 2 prises secteur, 2 ports USB, un port Type-C et un cordon d&#8217;alimentation. Les trous de gestion des c\u00e2bles sont con\u00e7us pour emp\u00eacher plusieurs cordons d&#8217;alimentation de s&#8217;emm\u00ealer et de cr\u00e9er de l&#8217;encombrement.<br \/>\n&#8211; \ud83c\udfb6Style Moderne et Nettoyage Facile : Mesurant 43 x 34,5 x 67,5cm (L x l x H), ce rangement vinyle autoportante est con\u00e7ue dans un style contemporain classique. Les pieds sur\u00e9lev\u00e9s et la surface facile \u00e0 nettoyer garantissent un entretien simple, ce qui en fait une option pratique.<br \/>\n&#8211; \ud83d\udcfbLarge Gamme d&#8217;Applications : Cette table d&#8217;appoint compl\u00e8te sans effort une gamme de styles de d\u00e9coration d&#8217;int\u00e9rieur, ce qui le rend adapt\u00e9 pour les salons, les chambres, les salles d&#8217;\u00e9tude et les salles de musique. En outre, servant de table de chevet ou de table d\u2019appoint polyvalente, il offre des possibilit\u00e9s d&#8217;utilisation infinies.<br \/>\n&#8211; \ud83c\udfb6Construction Stable et Robuste : Fabriqu\u00e9e \u00e0 partir de panneaux d&#8217;ing\u00e9nierie de qualit\u00e9 sup\u00e9rieure, la table d&#8217;appoint n&#8217;est pas facile \u00e0 casser et offre une capacit\u00e9 de poids maximale allant jusqu&#8217;\u00e0 90 kg. Le support de rangement pour disques vinyles est dot\u00e9 de pieds de support robustes, assurant une excellente robustesse et offrant un support solide pour vos articles.<\/p>\n","protected":false},"excerpt":{"rendered":"<p>publicit\u00e9<br \/>\nGOPLUS Table d&#8217;appoint avec Station de Charge,2 Prises, 2 USB, 1 Type-C, Meuble Rangement Vinyle, 4 Compartiments, Pieds Sur\u00e9lev\u00e9s pour Canap\u00e9, Salon, Chambre, Ch\u00eane Gris<\/p>\n","protected":false},"featured_media":626,"comment_status":"open","ping_status":"closed","template":"","meta":[],"product_cat":[15],"product_tag":[],"class_list":{"0":"post-627","1":"product","2":"type-product","3":"status-publish","4":"has-post-thumbnail","6":"product_cat-sin-categorizar","7":"nodate","8":"item-wrap","10":"first","11":"instock","12":"shipping-taxable","13":"product-type-external"},"_links":{"self":[{"href":"https:\/\/lofimusic.com.es\/index.php\/wp-json\/wp\/v2\/product\/627","targetHints":{"allow":["GET"]}}],"collection":[{"href":"https:\/\/lofimusic.com.es\/index.php\/wp-json\/wp\/v2\/product"}],"about":[{"href":"https:\/\/lofimusic.com.es\/index.php\/wp-json\/wp\/v2\/types\/product"}],"replies":[{"embeddable":true,"href":"https:\/\/lofimusic.com.es\/index.php\/wp-json\/wp\/v2\/comments?post=627"}],"wp:featuredmedia":[{"embeddable":true,"href":"https:\/\/lofimusic.com.es\/index.php\/wp-json\/wp\/v2\/media\/626"}],"wp:attachment":[{"href":"https:\/\/lofimusic.com.es\/index.php\/wp-json\/wp\/v2\/media?parent=627"}],"wp:term":[{"taxonomy":"product_cat","embeddable":true,"href":"https:\/\/lofimusic.com.es\/index.php\/wp-json\/wp\/v2\/product_cat?post=627"},{"taxonomy":"product_tag","embeddable":true,"href":"https:\/\/lofimusic.com.es\/index.php\/wp-json\/wp\/v2\/product_tag?post=627"}],"curies":[{"name":"wp","href":"https:\/\/api.w.org\/{rel}","templated":true}]}}