{"id":625,"date":"2024-09-13T21:54:04","date_gmt":"2024-09-13T21:54:04","guid":{"rendered":"https:\/\/lofimusic.com.es\/index.php\/producto\/b0cwv351r1_de\/"},"modified":"2024-09-13T21:54:04","modified_gmt":"2024-09-13T21:54:04","slug":"b0cwv351r1_de","status":"publish","type":"product","link":"https:\/\/lofimusic.com.es\/index.php\/producto\/b0cwv351r1_de\/","title":{"rendered":"B0CWV351R1_DE"},"content":{"rendered":"<p>&#8211; [Voller Zugang zu allen n\u00fctzlichen Tasten] &#8211; Wir schneiden L\u00f6cher f\u00fcr alle n\u00fctzlichen Tasten, wie Kameralinse, Kopfh\u00f6reranschluss, Laden, Lautsprecher, Fingerabdruck-Entsperrung und Mikrofon. Sie k\u00f6nnen alle Funktionen des Telefons verwenden, ohne die Handyh\u00fclle zu entfernen.<br \/>\n&#8211; [Eigenschaften des Schutzfolie] &#8211; Wir haben den Schutzfolie f\u00fcr Xiaomi Redmi Note 13 4G mit hochwertigem Klebstoff, kann es automatisch adsorbieren und passen den Bildschirm leicht.Auch Die Oberfl\u00e4che des Bildschirmschutzes ist mit oleophoben Plasmabeschichtung behandelt, die sehr glatt ist und effektiv verhindert, dass Schwei\u00df und Fett von Fingerabdr\u00fccken zu verlassen.<br \/>\n&#8211; [St\u00e4nder, Brieftasche und Magnetverschluss funktion] &#8211; Die Handyh\u00fclle f\u00fcr Xiaomi Redmi Note 13 4G kann als St\u00e4nder verwendet werden, die gro\u00dfe Bequemlichkeit f\u00fcr Freisprech-Video viewing.it hat auch Kartenf\u00e4cher im Inneren, k\u00f6nnen wir Kreditkarten, Geld oder ID-Karten zu speichern.Dar\u00fcber hinaus hat es die Funktion der magnetischen Verschluss, der vollst\u00e4ndigen Schutz f\u00fcr das Telefon bietet.<br \/>\n&#8211; [Packungsinhalt] &#8211; 1 St\u00fcck Handyh\u00fclle, 1 St\u00fcck geh\u00e4rtetes Glas Schutzfolie, 1 St\u00fcck feuchtes Tuch, 1 St\u00fcck trockenes Tuch, 1 St\u00fcck Abstauben Aufkleber, 1 St\u00fcck Installation sanleitung.<br \/>\n&#8211; [Das Versprechen des Verk\u00e4ufers] &#8211; Diese Handyh\u00fclle und Schutzfolie f\u00fcr Xiaomi Redmi Note 13 4G k\u00f6nnen mindestens 3-4 Monate verwendet werden. Wenn es w\u00e4hrend dieser Zeit kaputt geht, k\u00f6nnen Sie uns jederzeit kontaktieren, wir erstatten Ihnen die Zahlung zur\u00fcck. Wenn Sie Fragen zum Artikel oder zu unserem Shop haben, kontaktieren Sie uns bitte frei, wir werden Ihnen so schnell wie m\u00f6glich antworten.<\/p>\n","protected":false},"excerpt":{"rendered":"<p>Werbung<br \/>\nCzyoa Handyh\u00fclle f\u00fcr mit Xiaomi Redmi Note 13 4G\uff08Nicht f\u00fcr 5G\uff09 H\u00fclle mit 1 St\u00fccke Schutzfolie, PU Leder Klapph\u00fclle, Standfunktion und Kartenfach Schutzh\u00fclle f\u00fcr Xiaomi Redmi Note 13 4G (Tiefschwarz)<\/p>\n","protected":false},"featured_media":624,"comment_status":"open","ping_status":"closed","template":"","meta":[],"product_cat":[15],"product_tag":[],"class_list":{"0":"post-625","1":"product","2":"type-product","3":"status-publish","4":"has-post-thumbnail","6":"product_cat-sin-categorizar","7":"nodate","8":"item-wrap","10":"first","11":"instock","12":"shipping-taxable","13":"product-type-external"},"_links":{"self":[{"href":"https:\/\/lofimusic.com.es\/index.php\/wp-json\/wp\/v2\/product\/625","targetHints":{"allow":["GET"]}}],"collection":[{"href":"https:\/\/lofimusic.com.es\/index.php\/wp-json\/wp\/v2\/product"}],"about":[{"href":"https:\/\/lofimusic.com.es\/index.php\/wp-json\/wp\/v2\/types\/product"}],"replies":[{"embeddable":true,"href":"https:\/\/lofimusic.com.es\/index.php\/wp-json\/wp\/v2\/comments?post=625"}],"wp:featuredmedia":[{"embeddable":true,"href":"https:\/\/lofimusic.com.es\/index.php\/wp-json\/wp\/v2\/media\/624"}],"wp:attachment":[{"href":"https:\/\/lofimusic.com.es\/index.php\/wp-json\/wp\/v2\/media?parent=625"}],"wp:term":[{"taxonomy":"product_cat","embeddable":true,"href":"https:\/\/lofimusic.com.es\/index.php\/wp-json\/wp\/v2\/product_cat?post=625"},{"taxonomy":"product_tag","embeddable":true,"href":"https:\/\/lofimusic.com.es\/index.php\/wp-json\/wp\/v2\/product_tag?post=625"}],"curies":[{"name":"wp","href":"https:\/\/api.w.org\/{rel}","templated":true}]}}