{"id":623,"date":"2024-09-13T21:53:03","date_gmt":"2024-09-13T21:53:03","guid":{"rendered":"https:\/\/lofimusic.com.es\/index.php\/producto\/b0b6jdzxxv_fr\/"},"modified":"2024-09-13T21:53:03","modified_gmt":"2024-09-13T21:53:03","slug":"b0b6jdzxxv_fr","status":"publish","type":"product","link":"https:\/\/lofimusic.com.es\/index.php\/producto\/b0b6jdzxxv_fr\/","title":{"rendered":"B0B6JDZXXV_FR"},"content":{"rendered":"<p>&#8211; Grand d\u2019Espace de Rangement : Le plateau spacieux, les tiroirs et l\u2019\u00e9tag\u00e8re de rangement ouverte de notre buffet de cuisine vous offrent suffisamment d&#8217;espace de rangement pour stocker de nombreux articles, tels que des d\u00e9corations, des livres, des bouteilles de vin, des ustensiles de cuisine, etc.<br \/>\n&#8211; Conception bien-soign\u00e9e \uff1aNos buffets de cuisine sont dot\u00e9s de poign\u00e9es conviviales, qui facilitent l&#8217;ouverture et la fermeture des portes. Les portes \u00e0 grille m\u00e9tallique, visibles et respirantes, ce qui vous permet de stocker les aliments de mani\u00e8re efficace contre les moustiques.<br \/>\n&#8211; Aspect Industriel : L\u2019apparence de notre buffet est de style industriel, ce qui peut convient \u00e0 diff\u00e9rents styles de d\u00e9coration, vous pouvez l&#8217;utiliser comme armoire de rangement, armoire de salle \u00e0 manger, etc.<br \/>\n&#8211; Construction Stable : Nos buffets de cuisine sont fabriqu\u00e9s avec des mat\u00e9riaux de haute qualit\u00e9 pour une bonne durabilit\u00e9. Le cadre en m\u00e9tal assure la stabilit\u00e9 de l\u2019armoire avec une bonne capacit\u00e9 de charge 100kg.<br \/>\n&#8211; Nettoyage Facile : Notre buffet de cuisine est de construction simple, ce qui vous permet de l&#8217;assembler facilement en suivant les instructions de la brochure du produit. La surface du buffet est lisse et imperm\u00e9able, ce qui permet un nettoyage et un entretien faciles.<\/p>\n","protected":false},"excerpt":{"rendered":"<p>publicit\u00e9<br \/>\nGOPLUS Meuble de Rangement de Cuisine Industriel\uff0c2 Tiroirs Pr\u00e9sentoire &amp; 2 Portes en Fer, Buffet de Salle \u00e0 Manger Charge 100kg avec \u00c9tag\u00e8re Rangement,100x35x85cm<\/p>\n","protected":false},"featured_media":622,"comment_status":"open","ping_status":"closed","template":"","meta":[],"product_cat":[15],"product_tag":[],"class_list":{"0":"post-623","1":"product","2":"type-product","3":"status-publish","4":"has-post-thumbnail","6":"product_cat-sin-categorizar","7":"nodate","8":"item-wrap","10":"first","11":"instock","12":"shipping-taxable","13":"product-type-external"},"_links":{"self":[{"href":"https:\/\/lofimusic.com.es\/index.php\/wp-json\/wp\/v2\/product\/623","targetHints":{"allow":["GET"]}}],"collection":[{"href":"https:\/\/lofimusic.com.es\/index.php\/wp-json\/wp\/v2\/product"}],"about":[{"href":"https:\/\/lofimusic.com.es\/index.php\/wp-json\/wp\/v2\/types\/product"}],"replies":[{"embeddable":true,"href":"https:\/\/lofimusic.com.es\/index.php\/wp-json\/wp\/v2\/comments?post=623"}],"wp:featuredmedia":[{"embeddable":true,"href":"https:\/\/lofimusic.com.es\/index.php\/wp-json\/wp\/v2\/media\/622"}],"wp:attachment":[{"href":"https:\/\/lofimusic.com.es\/index.php\/wp-json\/wp\/v2\/media?parent=623"}],"wp:term":[{"taxonomy":"product_cat","embeddable":true,"href":"https:\/\/lofimusic.com.es\/index.php\/wp-json\/wp\/v2\/product_cat?post=623"},{"taxonomy":"product_tag","embeddable":true,"href":"https:\/\/lofimusic.com.es\/index.php\/wp-json\/wp\/v2\/product_tag?post=623"}],"curies":[{"name":"wp","href":"https:\/\/api.w.org\/{rel}","templated":true}]}}