{"id":621,"date":"2024-09-13T21:49:05","date_gmt":"2024-09-13T21:49:05","guid":{"rendered":"https:\/\/lofimusic.com.es\/index.php\/producto\/b0d1qdb9qs_de\/"},"modified":"2024-09-13T21:49:05","modified_gmt":"2024-09-13T21:49:05","slug":"b0d1qdb9qs_de","status":"publish","type":"product","link":"https:\/\/lofimusic.com.es\/index.php\/producto\/b0d1qdb9qs_de\/","title":{"rendered":"B0D1QDB9QS_DE"},"content":{"rendered":"<p>&#8211; \u3010USB C Ladeger\u00e4t f\u00fcr iPhone 16 15 Serie\u301120 W iPhone 16 15 Ladekabel Original Apple Ausgestattet mit USB-C-Netzteilanschluss, bietet die neueste Generation der ersten Schnellladetechnologie. Es passt die Strom- und Spannungsausgabe automatisch an, um eine maximale Leistung von 20 Watt zu liefern Laden Sie Ihr iPhone mit einer maximalen Leistung von 20 W in nur 30 Minuten auf 65 % auf, dreimal schneller als herk\u00f6mmliche USB-Ladeger\u00e4te.<br \/>\n&#8211; \u3010Sicheres und effizientes Laden\u3011Das iPhone 15 Pro-Ladeger\u00e4t ist mit einem MFi-Chip ausgestattet, der \u00fcber den neuesten Smart-Zertifizierungschip und ein speziell f\u00fcr das iPhone 15\/iPad Pro entwickeltes Multi-Schutz-Sicherheitssystem verf\u00fcgt. Der mitgelieferte Smart-Chip kann die vom Ger\u00e4t ben\u00f6tigte Leistung automatisch anpassen und Ihr iPhone\/iPad entsprechend dem Strombedarf des Ger\u00e4ts schnell, sicher und stabil aufladen.<br \/>\n&#8211; \u3010Zweierpack 1M+2M iPhone 15 USB C Ladeger\u00e4t\u3011Perfektes 2er-Pack 1M\/2M USB C auf USB C Ladekabel f\u00fcr Ihren t\u00e4glichen Bedarf. Es ist lang genug, um Ihr iPad und iPhone bequem im Schlafzimmer, auf dem Sofa oder im B\u00fcro aufzuladen. Elastisches TPE-Material zur Vermeidung von Kabelsalat, 10-mal l\u00e4ngere Lebensdauer als gew\u00f6hnliche Kabel, unterst\u00fctzt 480 Mbit\/s Datensynchronisation zwischen Ger\u00e4ten und Laptops.<br \/>\n&#8211; \u3010Breite Kompatibilit\u00e4t\u3011schnellladestecker USB-C funktioniert mit USB-C Ger\u00e4ten. Superschnelles Ladeger\u00e4t kompatibel mit iPhone 16\/16 Plus\/16 Pro\/16 Pro Max, iPhone 15\/15 Plus\/15 Pro\/15 Pro Max, iPad Pro 12,9 Zoll 6.\/5th\/4.\/3th (2022\/2021\/2020\/2018), iPad Pro 11 inch 3rd\/2rd\/1rd Generation (2021\/2020\/2018), iPad Air 5th generation (2022), iPad Air 4th generation (2020), iPad Mini 6th Generation (2021), Samsung Galaxy S24\/S23\/S22\/S21, und mehr.<br \/>\n&#8211; \u3010Was Sie erhalten]\u30112er-Pack 20 W iPhone15 16 Ladestecker mit 2er-Pack USB C auf C Ladekabel (1M + 2M). Verschiedene L\u00e4ngenkombinationen, um alle Ihre t\u00e4glichen Bed\u00fcrfnisse zu erf\u00fcllen und Ihr Leben bequemer zu machen. Wenn Sie Fragen haben, kontaktieren Sie uns bitte. Wir werden Ihre Fragen innerhalb von 24 Stunden beantworten und Ihnen eine zufriedenstellende L\u00f6sung anbieten.<\/p>\n","protected":false},"excerpt":{"rendered":"<p>Werbung<br \/>\nUSB C Ladeger\u00e4t 20W, 2er-Pack, Typ C Schnellladeger\u00e4t mit langem USB C auf USB C Kabel [1M+2M], kompatibel mit iPhone 16\/15\/15 Plus\/Pro Max, iPad Pro 12,9\/11 Zoll, Samsung Galaxy S23 Ultra\/ S23\/S23+<\/p>\n","protected":false},"featured_media":620,"comment_status":"open","ping_status":"closed","template":"","meta":[],"product_cat":[15],"product_tag":[],"class_list":{"0":"post-621","1":"product","2":"type-product","3":"status-publish","4":"has-post-thumbnail","6":"product_cat-sin-categorizar","7":"nodate","8":"item-wrap","10":"first","11":"instock","12":"shipping-taxable","13":"product-type-external"},"_links":{"self":[{"href":"https:\/\/lofimusic.com.es\/index.php\/wp-json\/wp\/v2\/product\/621","targetHints":{"allow":["GET"]}}],"collection":[{"href":"https:\/\/lofimusic.com.es\/index.php\/wp-json\/wp\/v2\/product"}],"about":[{"href":"https:\/\/lofimusic.com.es\/index.php\/wp-json\/wp\/v2\/types\/product"}],"replies":[{"embeddable":true,"href":"https:\/\/lofimusic.com.es\/index.php\/wp-json\/wp\/v2\/comments?post=621"}],"wp:featuredmedia":[{"embeddable":true,"href":"https:\/\/lofimusic.com.es\/index.php\/wp-json\/wp\/v2\/media\/620"}],"wp:attachment":[{"href":"https:\/\/lofimusic.com.es\/index.php\/wp-json\/wp\/v2\/media?parent=621"}],"wp:term":[{"taxonomy":"product_cat","embeddable":true,"href":"https:\/\/lofimusic.com.es\/index.php\/wp-json\/wp\/v2\/product_cat?post=621"},{"taxonomy":"product_tag","embeddable":true,"href":"https:\/\/lofimusic.com.es\/index.php\/wp-json\/wp\/v2\/product_tag?post=621"}],"curies":[{"name":"wp","href":"https:\/\/api.w.org\/{rel}","templated":true}]}}