{"id":617,"date":"2024-09-13T21:45:05","date_gmt":"2024-09-13T21:45:05","guid":{"rendered":"https:\/\/lofimusic.com.es\/index.php\/producto\/b0chdzp9m6_fr\/"},"modified":"2024-09-13T21:45:05","modified_gmt":"2024-09-13T21:45:05","slug":"b0chdzp9m6_fr","status":"publish","type":"product","link":"https:\/\/lofimusic.com.es\/index.php\/producto\/b0chdzp9m6_fr\/","title":{"rendered":"B0CHDZP9M6_FR"},"content":{"rendered":"<p>&#8211; \u3010Condo Spacieux \u00e0 3 Niveaux :\u3011Le condo pour chat comprend 3 niveaux avec un syst\u00e8me de tunnel interne (3 trous totaux d&#8217;ext\u00e9rieur et d&#8217;int\u00e9rieur), permettant \u00e0 votre chat d&#8217;explorer, de grimper et de se cacher. L&#8217;espace int\u00e9rieur est spacieux, parfait pour les m\u00e9nages avec plusieurs amis f\u00e9lins.<br \/>\n&#8211; \u3010Confort Ultime :\u3011La maison pour chat en forme de baril est livr\u00e9e avec un perchoir confortable recouvert de coussins doux amovibles. De plus, la plate-forme int\u00e9rieure est recouverte de tissu doux pour une exp\u00e9rience confortable.<br \/>\n&#8211; \u3010Design Innovant 2 en 1 :\u3011Gr\u00e2ce au panneau en sisal amovible sur le devant, la maison pour chat peut r\u00e9pondre \u00e0 diff\u00e9rents besoins. Une fois install\u00e9, le condo pour chat sera une aire de repos priv\u00e9e et chaleureuse pour les chats. Une fois retir\u00e9e, la tour pour chat favorise la circulation de l&#8217;air tout en la rendant facile \u00e0 nettoyer.<br \/>\n&#8211; \u3010Griffoirs en Sisal Durables :\u3011les planches de griffoir sont revouverts \u00e0 l&#8217;ext\u00e9rieur de corde de sisal naturel \u00e0 haute r\u00e9sistance, pour que vos chats puissent broyer les griffes, et ils aident \u00e0 prot\u00e9ger vos meubles et tapis contre les rayures ind\u00e9sirables.<br \/>\n&#8211; \u3010Conception Verticale et Nettoyage Facile : \u3011La tour de jeu pour chat stable de 40 x 40 x 69 cm pr\u00e9sente une conception verticale \u00e0 3 niveaux, peu encombrante et chaque couche peut supporter 15 KG. Et les coussins d\u00e9tachables du perchoir sup\u00e9rieur sont amovibles et lavables.<\/p>\n","protected":false},"excerpt":{"rendered":"<p>publicit\u00e9<br \/>\nCOSTWAY Maison pour Chat en Bois \u00e0 3 \u00c9tages, Niche pour Chats avec Griffoir en Sisal, 2 Condos et Perchoir Sup\u00e9rieur, Meuble en Forme de Tonneau pour Chats d&#8217;Int\u00e9rieur (40 x 40 x 69 CM)<\/p>\n","protected":false},"featured_media":616,"comment_status":"open","ping_status":"closed","template":"","meta":[],"product_cat":[15],"product_tag":[],"class_list":{"0":"post-617","1":"product","2":"type-product","3":"status-publish","4":"has-post-thumbnail","6":"product_cat-sin-categorizar","7":"nodate","8":"item-wrap","10":"first","11":"instock","12":"shipping-taxable","13":"product-type-external"},"_links":{"self":[{"href":"https:\/\/lofimusic.com.es\/index.php\/wp-json\/wp\/v2\/product\/617","targetHints":{"allow":["GET"]}}],"collection":[{"href":"https:\/\/lofimusic.com.es\/index.php\/wp-json\/wp\/v2\/product"}],"about":[{"href":"https:\/\/lofimusic.com.es\/index.php\/wp-json\/wp\/v2\/types\/product"}],"replies":[{"embeddable":true,"href":"https:\/\/lofimusic.com.es\/index.php\/wp-json\/wp\/v2\/comments?post=617"}],"wp:featuredmedia":[{"embeddable":true,"href":"https:\/\/lofimusic.com.es\/index.php\/wp-json\/wp\/v2\/media\/616"}],"wp:attachment":[{"href":"https:\/\/lofimusic.com.es\/index.php\/wp-json\/wp\/v2\/media?parent=617"}],"wp:term":[{"taxonomy":"product_cat","embeddable":true,"href":"https:\/\/lofimusic.com.es\/index.php\/wp-json\/wp\/v2\/product_cat?post=617"},{"taxonomy":"product_tag","embeddable":true,"href":"https:\/\/lofimusic.com.es\/index.php\/wp-json\/wp\/v2\/product_tag?post=617"}],"curies":[{"name":"wp","href":"https:\/\/api.w.org\/{rel}","templated":true}]}}