{"id":613,"date":"2024-09-13T21:41:03","date_gmt":"2024-09-13T21:41:03","guid":{"rendered":"https:\/\/lofimusic.com.es\/index.php\/producto\/b0cmxq2l6x_fr\/"},"modified":"2024-09-13T21:41:03","modified_gmt":"2024-09-13T21:41:03","slug":"b0cmxq2l6x_fr","status":"publish","type":"product","link":"https:\/\/lofimusic.com.es\/index.php\/producto\/b0cmxq2l6x_fr\/","title":{"rendered":"B0CMXQ2L6X_FR"},"content":{"rendered":"<p>&#8211; \ud83d\udc08\u3010Aire de Jeu Agr\u00e9able pour Chats :\u3011L&#8217;arbre d&#8217;activit\u00e9s pour chats est livr\u00e9 avec un perchoir sup\u00e9rieur et une plate-forme, id\u00e9ale pour que les chats puissent sauter de haut en bas ou profiter du paysage lointain, leur donnant le sentiment d&#8217;\u00eatre le roi du monde. Et la corde suspendue peut \u00e9veiller la curiosit\u00e9 de vos chats.<br \/>\n&#8211; \ud83d\udc08\u3010Maison de Repos Confortable :\u3011Notre tour pour chat comprend une grande condo am\u00e9lior\u00e9, rembourr\u00e9 d&#8217;un tapis en bambou respirant et frais, permettant aux chats d&#8217;avoir un sommeil plus r\u00e9parateur. De plus, elle est \u00e9quip\u00e9e de 2 grandes entr\u00e9es pour faciliter l&#8217;acc\u00e8s ou la cachette, tout en assurant une bonne ventilation.<br \/>\n&#8211; \ud83d\udc08\u3010Centre de Massage pour Chat :\u3011Afin de lib\u00e9rer les instincts du chat et de d\u00e9tourner son attention de vos meubles, nous avons con\u00e7u le Poteau en sisal pour que le chat puisse aiguiser ses griffes. Et il y a un poteau EVA de brosse qui permet aux chats de masser ou de se frotter pour un poil sain et raffin\u00e9.<br \/>\n&#8211; \ud83d\udc08\u3010Mat\u00e9riau de Qualit\u00e9 :\u3011Le perchoir sup\u00e9rieur et la plate-forme sont recouverts de peluche douce, garantissant un toucher doux pour les chats. De plus, les griffoirs et la brosse sont fabriqu\u00e9s en sisal naturel et en EVA respectueux de l&#8217;environnement, sans produits chimiques et sans danger.<br \/>\n&#8211; \ud83d\udc08\u3010Cadre Stable et Simple :\u3011Construite en bois d&#8217;ing\u00e9nierie massif et soutenue par une grande base, notre tour pour chat \u00e0 plusieurs niveaux est robuste pour supporter jusqu&#8217;\u00e0 20 kg. Et elle poss\u00e8de une structure simple pour un assemblage sans outil.<\/p>\n","protected":false},"excerpt":{"rendered":"<p>publicit\u00e9<br \/>\nCOSTWAY Arbre \u00e0 Chat \u00e0 3 Niveaux, Tour \u00e0 Chat en Peluche avec Poteaux en Sisal et Poteau EVA, Centre d\u2019Activit\u00e9 pour Chatons avec Condo et Corde Suspendue, Charge 10KG pour Le Perchoir (Noir)<\/p>\n","protected":false},"featured_media":612,"comment_status":"open","ping_status":"closed","template":"","meta":[],"product_cat":[15],"product_tag":[],"class_list":{"0":"post-613","1":"product","2":"type-product","3":"status-publish","4":"has-post-thumbnail","6":"product_cat-sin-categorizar","7":"nodate","8":"item-wrap","10":"first","11":"instock","12":"shipping-taxable","13":"product-type-external"},"_links":{"self":[{"href":"https:\/\/lofimusic.com.es\/index.php\/wp-json\/wp\/v2\/product\/613","targetHints":{"allow":["GET"]}}],"collection":[{"href":"https:\/\/lofimusic.com.es\/index.php\/wp-json\/wp\/v2\/product"}],"about":[{"href":"https:\/\/lofimusic.com.es\/index.php\/wp-json\/wp\/v2\/types\/product"}],"replies":[{"embeddable":true,"href":"https:\/\/lofimusic.com.es\/index.php\/wp-json\/wp\/v2\/comments?post=613"}],"wp:featuredmedia":[{"embeddable":true,"href":"https:\/\/lofimusic.com.es\/index.php\/wp-json\/wp\/v2\/media\/612"}],"wp:attachment":[{"href":"https:\/\/lofimusic.com.es\/index.php\/wp-json\/wp\/v2\/media?parent=613"}],"wp:term":[{"taxonomy":"product_cat","embeddable":true,"href":"https:\/\/lofimusic.com.es\/index.php\/wp-json\/wp\/v2\/product_cat?post=613"},{"taxonomy":"product_tag","embeddable":true,"href":"https:\/\/lofimusic.com.es\/index.php\/wp-json\/wp\/v2\/product_tag?post=613"}],"curies":[{"name":"wp","href":"https:\/\/api.w.org\/{rel}","templated":true}]}}