{"id":611,"date":"2024-09-13T21:39:04","date_gmt":"2024-09-13T21:39:04","guid":{"rendered":"https:\/\/lofimusic.com.es\/index.php\/producto\/b0d8xt6b3d_de\/"},"modified":"2024-09-13T21:39:04","modified_gmt":"2024-09-13T21:39:04","slug":"b0d8xt6b3d_de","status":"publish","type":"product","link":"https:\/\/lofimusic.com.es\/index.php\/producto\/b0d8xt6b3d_de\/","title":{"rendered":"B0D8XT6B3D_DE"},"content":{"rendered":"<p>&#8211; \u3010Neues Design der Metallhalterung\u3011Der Solarbrunnen wird mit drei Metallklammern geliefert.Kann leicht installiert werden, um eine neue Vogeltr\u00e4nke Brunnen Erfahrung zu bekommen, k\u00f6nnen die Klammern solar springbrunnen in der Mitte der Vogeltr\u00e4nke festgelegt werden, zur gleichen Zeit kann das Wasser aus Spritzen zu verhindern, auch in rauen Umgebungen, sondern auch, um sicherzustellen, dass die Solar-Brunnen stabile Arbeit.<br \/>\n&#8211; \u3010Umweltfreundlicher Solarbrunnen\u3011Vollst\u00e4ndig solargesteuerter solar brunnen aussen, keine Batterien oder Elektrizit\u00e4t, ist eine wirklich umweltfreundliche solarpumpe f\u00fcr brunnen, legen Sie einfach die solar springbrunnen ins Wasser, sobald Sie gen\u00fcgend Sonnenlicht erhalten, wird die Pumpe automatisch innerhalb von 3 Sekunden arbeiten.<br \/>\n&#8211; \u3010Einfache Installation\u3011Kein Werkzeug erforderlich, jeder kann die Pumpe leicht installieren, bauen Sie Ihr eigenes Vogelbad Wasserspiel, Sie k\u00f6nnen ein komfortables Gartenleben genie\u00dfen, je st\u00e4rker das Sonnenlicht, desto besser funktioniert der Brunnen! H\u00e4ufige Wasserwechsel werden empfohlen, um das Wasser sauber zu halten und zu verhindern, dass Schmutz die Pumpe verstopft.<br \/>\n&#8211; \u3010Zwei D\u00fcsen Zwei Modi\u3011Der Springbrunnen solar kommt mit zwei verschiedenen D\u00fcsen, die Sie von w\u00e4hlen k\u00f6nnen, sowie die Option, einen nagelneuen runden Brunnen ohne den Metallstandplatz zu erhalten, und mit den Saugn\u00e4pfen auf der Unterseite der Pumpe des Brunnens, die den Brunnen an der richtigen Stelle h\u00e4lt, haben Sie sogar mehr Wahlen, zum eines sch\u00f6nen Wasserspiels zu verursachen, das gerade f\u00fcr Sie ist.<br \/>\n&#8211; \u3010Anwendungen f\u00fcr Mehrere Szenarien\u3011Diese umweltfreundliche Solarpumpe ist perfekt f\u00fcr Vogelb\u00e4der, Gartendekoration und die Umw\u00e4lzung von sauerstoffhaltigem Wasser. Sie k\u00f6nnen auch Ihr eigenes Gartenwasserspiel bauen, der Solarbrunnen wird Ihren Garten so interessant dekorieren. Genie\u00dfen Sie ein gl\u00fcckliches und interessantes Gartenleben.<\/p>\n","protected":false},"excerpt":{"rendered":"<p>Werbung<br \/>\nAISITIN Solarbrunnen f\u00fcr Draussen Verbesserter, Solar Springbrunnen f\u00fcr Au\u00dfen mit Rutschfestem Metallb\u00fcgel, Solar Gartenbrunnen, Solar Springbrunnen Pumpe f\u00fcr G\u00e4rten, Vogelb\u00e4der, DIY Wasserspiele<\/p>\n","protected":false},"featured_media":610,"comment_status":"open","ping_status":"closed","template":"","meta":[],"product_cat":[15],"product_tag":[],"class_list":{"0":"post-611","1":"product","2":"type-product","3":"status-publish","4":"has-post-thumbnail","6":"product_cat-sin-categorizar","7":"nodate","8":"item-wrap","10":"first","11":"instock","12":"shipping-taxable","13":"product-type-external"},"_links":{"self":[{"href":"https:\/\/lofimusic.com.es\/index.php\/wp-json\/wp\/v2\/product\/611","targetHints":{"allow":["GET"]}}],"collection":[{"href":"https:\/\/lofimusic.com.es\/index.php\/wp-json\/wp\/v2\/product"}],"about":[{"href":"https:\/\/lofimusic.com.es\/index.php\/wp-json\/wp\/v2\/types\/product"}],"replies":[{"embeddable":true,"href":"https:\/\/lofimusic.com.es\/index.php\/wp-json\/wp\/v2\/comments?post=611"}],"wp:featuredmedia":[{"embeddable":true,"href":"https:\/\/lofimusic.com.es\/index.php\/wp-json\/wp\/v2\/media\/610"}],"wp:attachment":[{"href":"https:\/\/lofimusic.com.es\/index.php\/wp-json\/wp\/v2\/media?parent=611"}],"wp:term":[{"taxonomy":"product_cat","embeddable":true,"href":"https:\/\/lofimusic.com.es\/index.php\/wp-json\/wp\/v2\/product_cat?post=611"},{"taxonomy":"product_tag","embeddable":true,"href":"https:\/\/lofimusic.com.es\/index.php\/wp-json\/wp\/v2\/product_tag?post=611"}],"curies":[{"name":"wp","href":"https:\/\/api.w.org\/{rel}","templated":true}]}}