{"id":609,"date":"2024-09-13T21:37:03","date_gmt":"2024-09-13T21:37:03","guid":{"rendered":"https:\/\/lofimusic.com.es\/index.php\/producto\/b0d1qrsstw_fr\/"},"modified":"2024-09-13T21:37:03","modified_gmt":"2024-09-13T21:37:03","slug":"b0d1qrsstw_fr","status":"publish","type":"product","link":"https:\/\/lofimusic.com.es\/index.php\/producto\/b0d1qrsstw_fr\/","title":{"rendered":"B0D1QRSSTW_FR"},"content":{"rendered":"<p>&#8211; \u3010Aire de Jeux Tout-en-Un\u3011Equip\u00e9e de 2 perchoirs, d&#8217;un lit panier, d&#8217;un condo et d&#8217;un hamac profond, la tour pour chat \u00e0 plusieurs niveaux offre un espace de repos abondant pour plusieurs chatons. Et les 3 plateformes de saut permettent \u00e0 vos chats de laisser libre cours \u00e0 leur instinct naturel de sauter et d&#8217;explorer.<br \/>\n&#8211; \u3010Th\u00e8me de l&#8217;Oc\u00e9an\u3011La grande base et les plates-formes pr\u00e9sentent une apparence de vague pour ajouter un attrait visuel. De plus, en int\u00e9grant harmonieusement des \u00e9l\u00e9ments marins, tels que des d\u00e9corations d&#8217;algues et de poissons, la grande tour \u00e0 chat transformera votre pi\u00e8ce en parc oc\u00e9anique.<br \/>\n&#8211; \u3010Lib\u00e9rez Leurs Instincts\u3011Dot\u00e9s de griffoirs fabriqu\u00e9s en corde de sisal naturel, les chats auront un endroit id\u00e9al pour aiguiser leurs griffes. En outre, il y a 3 tiges interactives avec 3 balles en forme de poisson pour stimuler davantage la curiosit\u00e9 de vos chats.<br \/>\n&#8211; \u3010Confort In\u00e9gal\u00e9 pour Chats\u3011Les surfaces envelopp\u00e9es de polaire en peluche offrent un confort et une chaleur in\u00e9gal\u00e9s que vos chats adoreront. Et les perchoirs en peluche de 9 cm d&#8217;\u00e9paisseur offrent un refuge o\u00f9 vos chats peuvent se blottir et profiter d&#8217;une exp\u00e9rience de relaxation ultime.<br \/>\n&#8211; \u3010Conception Stable et Peu Encombrante\u3011La tour pour chat \u00e0 plusieurs niveaux est livr\u00e9e avec une base \u00e9largie, assurant une stabilit\u00e9 optimale et emp\u00eachant toute oscillation ou basculement. De plus, la conception verticale tout-en-un permet d&#8217;\u00e9conomiser de l&#8217;espace, ce qui en fait un choix id\u00e9al pour les petits coins.<\/p>\n","protected":false},"excerpt":{"rendered":"<p>publicit\u00e9<br \/>\nCOSTWAY Arbre \u00e0 Chat en Style Oc\u00e9anne, Petit Arbre a Chat \u00e0 4 \u00c9tages, Poteaux \u00e0 Griffer en Sisal, 3 Plateformes, Pompon, Jouets Suspendus, Centre d&#8217;Activit\u00e9 pour Chat (86 CM)<\/p>\n","protected":false},"featured_media":608,"comment_status":"open","ping_status":"closed","template":"","meta":[],"product_cat":[15],"product_tag":[],"class_list":{"0":"post-609","1":"product","2":"type-product","3":"status-publish","4":"has-post-thumbnail","6":"product_cat-sin-categorizar","7":"nodate","8":"item-wrap","10":"first","11":"instock","12":"shipping-taxable","13":"product-type-external"},"_links":{"self":[{"href":"https:\/\/lofimusic.com.es\/index.php\/wp-json\/wp\/v2\/product\/609","targetHints":{"allow":["GET"]}}],"collection":[{"href":"https:\/\/lofimusic.com.es\/index.php\/wp-json\/wp\/v2\/product"}],"about":[{"href":"https:\/\/lofimusic.com.es\/index.php\/wp-json\/wp\/v2\/types\/product"}],"replies":[{"embeddable":true,"href":"https:\/\/lofimusic.com.es\/index.php\/wp-json\/wp\/v2\/comments?post=609"}],"wp:featuredmedia":[{"embeddable":true,"href":"https:\/\/lofimusic.com.es\/index.php\/wp-json\/wp\/v2\/media\/608"}],"wp:attachment":[{"href":"https:\/\/lofimusic.com.es\/index.php\/wp-json\/wp\/v2\/media?parent=609"}],"wp:term":[{"taxonomy":"product_cat","embeddable":true,"href":"https:\/\/lofimusic.com.es\/index.php\/wp-json\/wp\/v2\/product_cat?post=609"},{"taxonomy":"product_tag","embeddable":true,"href":"https:\/\/lofimusic.com.es\/index.php\/wp-json\/wp\/v2\/product_tag?post=609"}],"curies":[{"name":"wp","href":"https:\/\/api.w.org\/{rel}","templated":true}]}}