{"id":605,"date":"2024-09-13T21:33:03","date_gmt":"2024-09-13T21:33:03","guid":{"rendered":"https:\/\/lofimusic.com.es\/index.php\/producto\/b0cllcyts4_fr\/"},"modified":"2024-09-13T21:33:03","modified_gmt":"2024-09-13T21:33:03","slug":"b0cllcyts4_fr","status":"publish","type":"product","link":"https:\/\/lofimusic.com.es\/index.php\/producto\/b0cllcyts4_fr\/","title":{"rendered":"B0CLLCYTS4_FR"},"content":{"rendered":"<p>&#8211; \ud83c\udf88\u3010Jeu de r\u00f4le culinaire :\u3011Cette cuisine enfants comprend une machine \u00e0 laver, un micro-ondes, un four, un \u00e9vier, des plaques de cuisson \u00e0 gaz et des boutons avec un son de clic pour plus de plaisir.<br \/>\n&#8211; \ud83c\udf88\u3010Mat\u00e9riau durable &amp; structure solide :\u3011Avec du MDF durable et du PP, cette cuisine enfants pr\u00e9sente un cadre plus solide et plus stable. La surface lisse permet de prot\u00e9ger efficacement les enfants contre les rayures et les chutes.<br \/>\n&#8211; \ud83c\udf88\u3010Espace de rangement g\u00e9n\u00e9reux :\u3011Diff\u00e9rentes tailles d&#8217;armoires avec portes, l&#8217;\u00e9tag\u00e8re ouverte inf\u00e9rieure et le porte-serviettes lat\u00e9ral peuvent \u00eatre utilis\u00e9s pour ranger une vari\u00e9t\u00e9 de jouets.<br \/>\n&#8211; \ud83c\udf88\u3010Multiples utilisations:\u3011Cette cuisine enfants avec horloge permet aux enfants de vivre le plaisir de cuisiner et d&#8217;acqu\u00e9rir des connaissances sur l&#8217;heure et quelques pr\u00e9cautions lors de l&#8217;utilisation des ustensiles de cuisine.<br \/>\n&#8211; \ud83c\udf88\u3010Accessoires int\u00e9ressants:\u3011Pour permettre \u00e0 vos enfants de vivre une exp\u00e9rience culinaire des plus authentiques, le jeu de cuisine est livr\u00e9e avec une casserole, une po\u00eale et 3 ustensiles de cuisine.<\/p>\n","protected":false},"excerpt":{"rendered":"<p>publicit\u00e9<br \/>\nCOSTWAY Cuisine Enfants en Forme Maison avec Horloge &amp; Micro-Ondes, Cuisiniere Enfants avec Lumi\u00e8re &amp; Effet Sonore, Machine \u00e0 Laver et \u00c9vier, Jeu de Cuisine pour Gar\u00e7ons Filles de 3 Ans+<\/p>\n","protected":false},"featured_media":604,"comment_status":"open","ping_status":"closed","template":"","meta":[],"product_cat":[15],"product_tag":[],"class_list":{"0":"post-605","1":"product","2":"type-product","3":"status-publish","4":"has-post-thumbnail","6":"product_cat-sin-categorizar","7":"nodate","8":"item-wrap","10":"first","11":"instock","12":"shipping-taxable","13":"product-type-external"},"_links":{"self":[{"href":"https:\/\/lofimusic.com.es\/index.php\/wp-json\/wp\/v2\/product\/605","targetHints":{"allow":["GET"]}}],"collection":[{"href":"https:\/\/lofimusic.com.es\/index.php\/wp-json\/wp\/v2\/product"}],"about":[{"href":"https:\/\/lofimusic.com.es\/index.php\/wp-json\/wp\/v2\/types\/product"}],"replies":[{"embeddable":true,"href":"https:\/\/lofimusic.com.es\/index.php\/wp-json\/wp\/v2\/comments?post=605"}],"wp:featuredmedia":[{"embeddable":true,"href":"https:\/\/lofimusic.com.es\/index.php\/wp-json\/wp\/v2\/media\/604"}],"wp:attachment":[{"href":"https:\/\/lofimusic.com.es\/index.php\/wp-json\/wp\/v2\/media?parent=605"}],"wp:term":[{"taxonomy":"product_cat","embeddable":true,"href":"https:\/\/lofimusic.com.es\/index.php\/wp-json\/wp\/v2\/product_cat?post=605"},{"taxonomy":"product_tag","embeddable":true,"href":"https:\/\/lofimusic.com.es\/index.php\/wp-json\/wp\/v2\/product_tag?post=605"}],"curies":[{"name":"wp","href":"https:\/\/api.w.org\/{rel}","templated":true}]}}