{"id":603,"date":"2024-09-13T21:29:05","date_gmt":"2024-09-13T21:29:05","guid":{"rendered":"https:\/\/lofimusic.com.es\/index.php\/producto\/b0cm9f1k8g_fr\/"},"modified":"2024-09-13T21:29:05","modified_gmt":"2024-09-13T21:29:05","slug":"b0cm9f1k8g_fr","status":"publish","type":"product","link":"https:\/\/lofimusic.com.es\/index.php\/producto\/b0cm9f1k8g_fr\/","title":{"rendered":"B0CM9F1K8G_FR"},"content":{"rendered":"<p>&#8211; \ud83e\udd55\u3010Cuisine double face\u3011D&#8217;un c\u00f4t\u00e9 se trouve une cuisine o\u00f9 les enfants peuvent simuler la cuisine et jouer avec leurs amis,et de l&#8217;autre c\u00f4t\u00e9 se trouve une salle \u00e0 manger pour enfants avec deux chaises et une table pliables.<br \/>\n&#8211; \ud83c\udf46\u3010Jeu de r\u00f4le r\u00e9aliste\u3011Votre enfant peut faire semblant de laver des l\u00e9gumes dans l&#8217;\u00e9vier, faire tourner les boutons sonores.La cuisine est \u00e9quip\u00e9e d&#8217;une cuisini\u00e8re, d&#8217;un robinet, d&#8217;un \u00e9gouttoir, d&#8217;un four et d&#8217;un grill rare.<br \/>\n&#8211; \ud83e\udd55\u3010Accessoires riches\u3011La cuisine enfants est livr\u00e9e avec 14 accessoires, dont des ustensiles de cuisine, des l\u00e9gumes, des v\u00eatements de chef, est hautement jouable.Elle peut am\u00e9liorer les comp\u00e9tences pratiques et la cr\u00e9ativit\u00e9.<br \/>\n&#8211; \ud83c\udf46\u3010Espaces de stockage abondants\u3011L&#8217;\u00e9tag\u00e8re sup\u00e9rieure offre suffisamment d&#8217;espace pour les condiments. Et il y a 3 crochets pour les ustensiles, 2 \u00e9tag\u00e8res ouvertes pour les petits plats et 1 four simul\u00e9 pour la p\u00e2tisserie.<br \/>\n&#8211; \ud83e\udd55\u3010Plus de plaisir\u3011Il y a une jouet d&#8217;horloge sur le dessus de la cuisine, ce qui ajoute \u00e0 la jouabilit\u00e9. L&#8217;auvent ainsi que la table et les chaises pliantes \u00e0 l&#8217;arri\u00e8re peuvent \u00eatre rang\u00e9s et plac\u00e9s contre le mur pour gagner de la place.<\/p>\n","protected":false},"excerpt":{"rendered":"<p>publicit\u00e9<br \/>\nCOSTWAY 2 en 1 Cuisine Enfants Double Face avec 14 Accessoires, Jeu de Cuisine avec Barbecue &amp; Auvent R\u00e9glable, Four \u00e0 R\u00f4tir, Espace de Stockage, Jeu de R\u00f4le pour Enfants de 3 \u00e0 8 Ans<\/p>\n","protected":false},"featured_media":602,"comment_status":"open","ping_status":"closed","template":"","meta":[],"product_cat":[15],"product_tag":[],"class_list":{"0":"post-603","1":"product","2":"type-product","3":"status-publish","4":"has-post-thumbnail","6":"product_cat-sin-categorizar","7":"nodate","8":"item-wrap","10":"first","11":"instock","12":"shipping-taxable","13":"product-type-external"},"_links":{"self":[{"href":"https:\/\/lofimusic.com.es\/index.php\/wp-json\/wp\/v2\/product\/603","targetHints":{"allow":["GET"]}}],"collection":[{"href":"https:\/\/lofimusic.com.es\/index.php\/wp-json\/wp\/v2\/product"}],"about":[{"href":"https:\/\/lofimusic.com.es\/index.php\/wp-json\/wp\/v2\/types\/product"}],"replies":[{"embeddable":true,"href":"https:\/\/lofimusic.com.es\/index.php\/wp-json\/wp\/v2\/comments?post=603"}],"wp:featuredmedia":[{"embeddable":true,"href":"https:\/\/lofimusic.com.es\/index.php\/wp-json\/wp\/v2\/media\/602"}],"wp:attachment":[{"href":"https:\/\/lofimusic.com.es\/index.php\/wp-json\/wp\/v2\/media?parent=603"}],"wp:term":[{"taxonomy":"product_cat","embeddable":true,"href":"https:\/\/lofimusic.com.es\/index.php\/wp-json\/wp\/v2\/product_cat?post=603"},{"taxonomy":"product_tag","embeddable":true,"href":"https:\/\/lofimusic.com.es\/index.php\/wp-json\/wp\/v2\/product_tag?post=603"}],"curies":[{"name":"wp","href":"https:\/\/api.w.org\/{rel}","templated":true}]}}