{"id":599,"date":"2024-09-13T21:25:04","date_gmt":"2024-09-13T21:25:04","guid":{"rendered":"https:\/\/lofimusic.com.es\/index.php\/producto\/b0c4pyf1z1_fr\/"},"modified":"2024-09-13T21:25:04","modified_gmt":"2024-09-13T21:25:04","slug":"b0c4pyf1z1_fr","status":"publish","type":"product","link":"https:\/\/lofimusic.com.es\/index.php\/producto\/b0c4pyf1z1_fr\/","title":{"rendered":"B0C4PYF1Z1_FR"},"content":{"rendered":"<p>&#8211; \ud83c\udf73\u3010Exp\u00e9rience culinaire interactive:\u3011Cette cuisine de jeu apporte une v\u00e9ritable exp\u00e9rience culinaire aux enfants. Ils peuvent allumer la cuisini\u00e8re avec des boutons \u00abclic\u00bb, cuisiner avec des casseroles et des po\u00eales et laver des l\u00e9gumes ou des fruits sous le robinet.<br \/>\n&#8211; \ud83c\udf73\u3010Conception humanis\u00e9e :\u3011Con\u00e7u avec 1 parasol amovible, ce chariot portable prot\u00e8ge les enfants contre le soleil fort, leur offrant ainsi un espace de jeu frais.<br \/>\n&#8211; \ud83c\udf73\u3010Structure en bois naturel :\u3011Fabriqu\u00e9 avec un mat\u00e9riau bois de sapin s\u00e9lectionn\u00e9, cette jouet permet une grande r\u00e9sistance et une excellente stabilit\u00e9 pour une dur\u00e9e de vie durable. Les bords exempts de bavures emp\u00eachent les rayures.<br \/>\n&#8211; \ud83c\udf73\u3010Espace de rangement int\u00e9gr\u00e9:\u3011L&#8217;armoire ferm\u00e9e, l&#8217;\u00e9tag\u00e8re de rangement ouverte et la bo\u00eete de rangement lat\u00e9rale permettent aux tout-petits de placer leurs articles de cuisine pour aider les enfants \u00e0 d\u00e9velopper une bonne habitude d&#8217;organiser les choses\u3002<br \/>\n&#8211; \ud83c\udf73\u3010Cadeau id\u00e9al :\u3011Ce sera une option parfaite pour les anniversaires des enfants ou d&#8217;autres festivals. Votre petit chef peut l&#8217;utiliser pour am\u00e9liorer ses comp\u00e9tences culinaires, sociales et cr\u00e9atives.<\/p>\n","protected":false},"excerpt":{"rendered":"<p>publicit\u00e9<br \/>\nCOSTWAY Chariot de Cuisine Ext\u00e9rieur pour Enfants avec Parasol Amovible, Cuisine Enfants en Bois avec Accessoires Sucr\u00e9s, Cuisini\u00e8re d&#8217;Imitation pour Tout-Petits de 3 Ans+\u2026<\/p>\n","protected":false},"featured_media":598,"comment_status":"open","ping_status":"closed","template":"","meta":[],"product_cat":[15],"product_tag":[],"class_list":{"0":"post-599","1":"product","2":"type-product","3":"status-publish","4":"has-post-thumbnail","6":"product_cat-sin-categorizar","7":"nodate","8":"item-wrap","10":"first","11":"instock","12":"shipping-taxable","13":"product-type-external"},"_links":{"self":[{"href":"https:\/\/lofimusic.com.es\/index.php\/wp-json\/wp\/v2\/product\/599","targetHints":{"allow":["GET"]}}],"collection":[{"href":"https:\/\/lofimusic.com.es\/index.php\/wp-json\/wp\/v2\/product"}],"about":[{"href":"https:\/\/lofimusic.com.es\/index.php\/wp-json\/wp\/v2\/types\/product"}],"replies":[{"embeddable":true,"href":"https:\/\/lofimusic.com.es\/index.php\/wp-json\/wp\/v2\/comments?post=599"}],"wp:featuredmedia":[{"embeddable":true,"href":"https:\/\/lofimusic.com.es\/index.php\/wp-json\/wp\/v2\/media\/598"}],"wp:attachment":[{"href":"https:\/\/lofimusic.com.es\/index.php\/wp-json\/wp\/v2\/media?parent=599"}],"wp:term":[{"taxonomy":"product_cat","embeddable":true,"href":"https:\/\/lofimusic.com.es\/index.php\/wp-json\/wp\/v2\/product_cat?post=599"},{"taxonomy":"product_tag","embeddable":true,"href":"https:\/\/lofimusic.com.es\/index.php\/wp-json\/wp\/v2\/product_tag?post=599"}],"curies":[{"name":"wp","href":"https:\/\/api.w.org\/{rel}","templated":true}]}}