{"id":597,"date":"2024-09-13T21:24:03","date_gmt":"2024-09-13T21:24:03","guid":{"rendered":"https:\/\/lofimusic.com.es\/index.php\/producto\/b0d813n2vc_de\/"},"modified":"2024-09-13T21:24:03","modified_gmt":"2024-09-13T21:24:03","slug":"b0d813n2vc_de","status":"publish","type":"product","link":"https:\/\/lofimusic.com.es\/index.php\/producto\/b0d813n2vc_de\/","title":{"rendered":"B0D813N2VC_DE"},"content":{"rendered":"<p>&#8211; \u3010Unsch\u00e4dlich f\u00fcr Mensch und Tier\u3011 Der Solar-Ultraschall-Rattenvertreiber vibriert mit ununterbrochener Frequenz. Schaffen Sie eine Umgebung, in der sich Maulw\u00fcrfe und Schlangen unwohl f\u00fchlen, und vertreiben Sie sie, ohne ihnen zu schaden.<br \/>\n&#8211; \u3010Gro\u00dfer effektiver Arbeitsbereich\u3011 Der effektive Bereich des Solar-Ultraschall-Mausvertreibers ist ein Kreis mit einem Durchmesser von etwa 20 Metern. Dieses Produkt eignet sich f\u00fcr offene Rasenfl\u00e4chen, Parks, Bauernh\u00f6fe, G\u00e4rten und andere offene Orte. F\u00fcr optimale Ergebnisse empfehlen wir die Installation von 2 Ger\u00e4ten alle 20 Meter in Bereichen, in denen h\u00e4ufig Nagetiere vorkommen.<br \/>\n&#8211; \u3010Solarladung\u3011 Angetrieben durch Solarzellen, keine zus\u00e4tzlichen Batterien erforderlich. An einem sonnigen Ort installiert, k\u00f6nnen Sie den eingebauten Akku jederzeit aufladen, ohne bef\u00fcrchten zu m\u00fcssen, dass Ihnen der Strom ausgeht.<br \/>\n&#8211; \u3010Wasserdicht und langlebig\u3011 Der Solar-Ultraschall-Mausvertreiber besteht aus hochwertigen ABS- und PVC-Materialien, die nicht leicht korrodieren, wenn sie l\u00e4ngere Zeit im Freien gelassen werden. Dieser M\u00e4usevertreiber hat eine gute Wasserdichtigkeit und hat keine Angst vor Regen, sodass Sie sich keine Sorgen machen m\u00fcssen, ihn an regnerischen Tagen zu verwenden. Hinweis: Bitte laden Sie es vor dem Gebrauch auf; tauchen Sie das Produkt nicht f\u00fcr l\u00e4ngere Zeit in Wasser.<br \/>\n&#8211; \u3010Einfach zu installieren\u3011Einfach in den Boden stecken, um die Installation abzuschlie\u00dfen. Weil es kompakt und leicht zu transportieren ist. Sie k\u00f6nnen Abwehrmittel \u00fcberall problemlos anbringen. Sch\u00fctzen Sie Hotelg\u00e4rten, Villeng\u00e4rten, Bauernh\u00f6fe, Reisfelder, Ackerland und alles vor Maulw\u00fcrfen.<\/p>\n","protected":false},"excerpt":{"rendered":"<p>Werbung<br \/>\nMaulwurfschreck Solar 4er Set | Maulwurf Vertreiben | Maulwurf Vertreiber | Maulwurfabwehr f\u00fcr den Garten | W\u00fchlmausschreck<\/p>\n","protected":false},"featured_media":596,"comment_status":"open","ping_status":"closed","template":"","meta":[],"product_cat":[15],"product_tag":[],"class_list":{"0":"post-597","1":"product","2":"type-product","3":"status-publish","4":"has-post-thumbnail","6":"product_cat-sin-categorizar","7":"nodate","8":"item-wrap","10":"first","11":"instock","12":"shipping-taxable","13":"product-type-external"},"_links":{"self":[{"href":"https:\/\/lofimusic.com.es\/index.php\/wp-json\/wp\/v2\/product\/597","targetHints":{"allow":["GET"]}}],"collection":[{"href":"https:\/\/lofimusic.com.es\/index.php\/wp-json\/wp\/v2\/product"}],"about":[{"href":"https:\/\/lofimusic.com.es\/index.php\/wp-json\/wp\/v2\/types\/product"}],"replies":[{"embeddable":true,"href":"https:\/\/lofimusic.com.es\/index.php\/wp-json\/wp\/v2\/comments?post=597"}],"wp:featuredmedia":[{"embeddable":true,"href":"https:\/\/lofimusic.com.es\/index.php\/wp-json\/wp\/v2\/media\/596"}],"wp:attachment":[{"href":"https:\/\/lofimusic.com.es\/index.php\/wp-json\/wp\/v2\/media?parent=597"}],"wp:term":[{"taxonomy":"product_cat","embeddable":true,"href":"https:\/\/lofimusic.com.es\/index.php\/wp-json\/wp\/v2\/product_cat?post=597"},{"taxonomy":"product_tag","embeddable":true,"href":"https:\/\/lofimusic.com.es\/index.php\/wp-json\/wp\/v2\/product_tag?post=597"}],"curies":[{"name":"wp","href":"https:\/\/api.w.org\/{rel}","templated":true}]}}