{"id":595,"date":"2024-09-13T21:21:04","date_gmt":"2024-09-13T21:21:04","guid":{"rendered":"https:\/\/lofimusic.com.es\/index.php\/producto\/b0d5l99ssc_fr\/"},"modified":"2024-09-13T21:21:04","modified_gmt":"2024-09-13T21:21:04","slug":"b0d5l99ssc_fr","status":"publish","type":"product","link":"https:\/\/lofimusic.com.es\/index.php\/producto\/b0d5l99ssc_fr\/","title":{"rendered":"B0D5L99SSC_FR"},"content":{"rendered":"<p>&#8211; \u3010Solution de Rangement\u3011Le plateau peut accueillir des t\u00e9l\u00e9viseurs \u00e0 \u00e9cran plat jusqu&#8217;\u00e0 55 pouces ou les consoles des jeux. En plus des \u00e9tag\u00e8res ouvertes, le meuble TV \u00e0 2 tiroirs offre suffisamment d&#8217;espace pour les lecteurs DVD, les livres, les articles multim\u00e9dias.<br \/>\n&#8211; \u3010Structure Fiable\u30114 pieds en bois massif fournissent une base fiable qui r\u00e9siste aux oscillations, offrant un support stable. En plus des repose-pieds antid\u00e9rapants, la table console multim\u00e9dia offre une plus grande stabilit\u00e9.<br \/>\n&#8211; \u3010Style Boh\u00eame\u3011La texture tiss\u00e9e en bambou des tiroirs rehausse non seulement l&#8217;attrait esth\u00e9tique, mais ajoute \u00e9galement une chaleur inspir\u00e9e de la nature \u00e0 n&#8217;importe quelle pi\u00e8ce.<br \/>\n&#8211; \u3010Gestion de C\u00e2bles Facile\u30112 passe-c\u00e2bles maintiennent vos cordons propres et hors de vue. L&#8217;espace de 10,5 cm entre le sol et le tiroir laisse suffisamment d&#8217;espace pour balayer en-dessous.<br \/>\n&#8211; \u3010Meuble Polyvalent\u3011La table TV est id\u00e9al pour votre salon, votre chambre ou tout espace n\u00e9cessitant un centre multim\u00e9dia. Ce meuble de rangement polyvalente sert \u00e9galement d\u2019armoire de rangement pour compl\u00e9ter l\u2019espace d\u2019exposition.<\/p>\n","protected":false},"excerpt":{"rendered":"<p>publicit\u00e9<br \/>\nCOSTWAY Meuble TV en Bois, Meuble T\u00e9l\u00e9 2 Tiroirs Tiss\u00e9s en Bambou, 2 Etag\u00e8res Ouvertes, 2 Passe-C\u00e2bles, Pieds en Bois Massif, Table TV Boh\u00eame, 55&#8243; au Max, 120 x 35 x 45,5 cm<\/p>\n","protected":false},"featured_media":594,"comment_status":"open","ping_status":"closed","template":"","meta":[],"product_cat":[15],"product_tag":[],"class_list":{"0":"post-595","1":"product","2":"type-product","3":"status-publish","4":"has-post-thumbnail","6":"product_cat-sin-categorizar","7":"nodate","8":"item-wrap","10":"first","11":"instock","12":"shipping-taxable","13":"product-type-external"},"_links":{"self":[{"href":"https:\/\/lofimusic.com.es\/index.php\/wp-json\/wp\/v2\/product\/595","targetHints":{"allow":["GET"]}}],"collection":[{"href":"https:\/\/lofimusic.com.es\/index.php\/wp-json\/wp\/v2\/product"}],"about":[{"href":"https:\/\/lofimusic.com.es\/index.php\/wp-json\/wp\/v2\/types\/product"}],"replies":[{"embeddable":true,"href":"https:\/\/lofimusic.com.es\/index.php\/wp-json\/wp\/v2\/comments?post=595"}],"wp:featuredmedia":[{"embeddable":true,"href":"https:\/\/lofimusic.com.es\/index.php\/wp-json\/wp\/v2\/media\/594"}],"wp:attachment":[{"href":"https:\/\/lofimusic.com.es\/index.php\/wp-json\/wp\/v2\/media?parent=595"}],"wp:term":[{"taxonomy":"product_cat","embeddable":true,"href":"https:\/\/lofimusic.com.es\/index.php\/wp-json\/wp\/v2\/product_cat?post=595"},{"taxonomy":"product_tag","embeddable":true,"href":"https:\/\/lofimusic.com.es\/index.php\/wp-json\/wp\/v2\/product_tag?post=595"}],"curies":[{"name":"wp","href":"https:\/\/api.w.org\/{rel}","templated":true}]}}