{"id":593,"date":"2024-09-13T21:19:03","date_gmt":"2024-09-13T21:19:03","guid":{"rendered":"https:\/\/lofimusic.com.es\/index.php\/producto\/b0d4d64173_de\/"},"modified":"2024-09-13T21:19:03","modified_gmt":"2024-09-13T21:19:03","slug":"b0d4d64173_de","status":"publish","type":"product","link":"https:\/\/lofimusic.com.es\/index.php\/producto\/b0d4d64173_de\/","title":{"rendered":"B0D4D64173_DE"},"content":{"rendered":"<p>&#8211; Verpackung: Ein Set mit 8 Schnarch-Clips, wiederverwendbar. Mit einer ausreichenden Menge, um Ihren t\u00e4glichen Bedarf zu decken.<br \/>\n&#8211; Verbessern Sie den Schlaf: Dieses Schnarchger\u00e4t ist speziell f\u00fcr Schnarcher konzipiert. Durch die Verbesserung der Nasenatmung kann es Schnarchprobleme effektiv angehen.<br \/>\n&#8211; Leicht zu reinigen: Wiederverwendbar und einfach zu waschen. Sie k\u00f6nnen das Schnarchen lindern und ruhige N\u00e4chte genie\u00dfen.<br \/>\n&#8211; Bequem in der Anwendung: Sie lassen sich leicht in die Nasenl\u00f6cher schieben, sind angenehm zu tragen und nahezu unsichtbar. Geeignet f\u00fcr verschiedene Nasenformen, sodass Sie bequem schlafen k\u00f6nnen.<br \/>\n&#8211; Breite Anwendung: Das Schnarchger\u00e4t verhindert nicht nur effektiv eine Nasenverstopfung w\u00e4hrend des Schlafs, sondern verbessert auch die Atmung. Schlafen Sie nachts sanft und leise, f\u00fchlen Sie sich erfrischt und bereit, jederzeit einen neuen Tag zu begr\u00fc\u00dfen.<\/p>\n","protected":false},"excerpt":{"rendered":"<p>Werbung<br \/>\n8 St\u00fcck Anti Schnarch Nasenclip, Schnarchstopper Anti Schnarch, Anti Schnarchen Stopper, Schnarch Stopper, Wiederverwendbares Schnarchen Stopper Nasenklammer, Anti Snoring f\u00fcr Entspannte N\u00e4chte<\/p>\n","protected":false},"featured_media":592,"comment_status":"open","ping_status":"closed","template":"","meta":[],"product_cat":[15],"product_tag":[],"class_list":{"0":"post-593","1":"product","2":"type-product","3":"status-publish","4":"has-post-thumbnail","6":"product_cat-sin-categorizar","7":"nodate","8":"item-wrap","10":"first","11":"instock","12":"shipping-taxable","13":"product-type-external"},"_links":{"self":[{"href":"https:\/\/lofimusic.com.es\/index.php\/wp-json\/wp\/v2\/product\/593","targetHints":{"allow":["GET"]}}],"collection":[{"href":"https:\/\/lofimusic.com.es\/index.php\/wp-json\/wp\/v2\/product"}],"about":[{"href":"https:\/\/lofimusic.com.es\/index.php\/wp-json\/wp\/v2\/types\/product"}],"replies":[{"embeddable":true,"href":"https:\/\/lofimusic.com.es\/index.php\/wp-json\/wp\/v2\/comments?post=593"}],"wp:featuredmedia":[{"embeddable":true,"href":"https:\/\/lofimusic.com.es\/index.php\/wp-json\/wp\/v2\/media\/592"}],"wp:attachment":[{"href":"https:\/\/lofimusic.com.es\/index.php\/wp-json\/wp\/v2\/media?parent=593"}],"wp:term":[{"taxonomy":"product_cat","embeddable":true,"href":"https:\/\/lofimusic.com.es\/index.php\/wp-json\/wp\/v2\/product_cat?post=593"},{"taxonomy":"product_tag","embeddable":true,"href":"https:\/\/lofimusic.com.es\/index.php\/wp-json\/wp\/v2\/product_tag?post=593"}],"curies":[{"name":"wp","href":"https:\/\/api.w.org\/{rel}","templated":true}]}}