{"id":591,"date":"2024-09-13T21:17:03","date_gmt":"2024-09-13T21:17:03","guid":{"rendered":"https:\/\/lofimusic.com.es\/index.php\/producto\/b0d4z586sp_fr\/"},"modified":"2024-09-13T21:17:03","modified_gmt":"2024-09-13T21:17:03","slug":"b0d4z586sp_fr","status":"publish","type":"product","link":"https:\/\/lofimusic.com.es\/index.php\/producto\/b0d4z586sp_fr\/","title":{"rendered":"B0D4Z586SP_FR"},"content":{"rendered":"<p>&#8211; \ud83d\udef5Moto Convertible 2 en 1 \u2014 La moto \u00e9lectrique pour enfants peut \u00eatre facilement convertie en 2 ou 3 roues, accompagnant la croissance des enfants de 18 \u00e0 36 mois. Les grandes roues avec filetage anti-usure assurent une conduite stable sur diverses surfaces.<br \/>\n&#8211; \ud83d\udef5Roues d&#8217;Entra\u00eenement Amovibles \u2014 Il y a 2 roues d&#8217;entra\u00eenement amovibles qui maintiennent la moto \u00e9lectrique aussi stable que possible. Lorsque les enfants grandissent, les parents peuvent d\u00e9tacher les roues stabilisatrices afin que les enfants puissent diriger et conduire de mani\u00e8re plus ind\u00e9pendante.<br \/>\n&#8211; \ud83d\udef5Conception S\u00fbre &amp; Longue Dur\u00e9e de Jeu \u2014 Avec une direction limit\u00e9e \u00e0 60\u00b0 et un d\u00e9marrage en douceur, la moto \u00e9lectrique fonctionne en toute s\u00e9curit\u00e9 et en douceur \u00e0 2-3 km\/h. Aliment\u00e9e par une batterie de stockage de 6 V\/4,5 Ah, la moto offre une longue dur\u00e9e de jeu aux enfants apr\u00e8s avoir \u00e9t\u00e9 compl\u00e8tement charg\u00e9e.<br \/>\n&#8211; \ud83d\udef5Conduite R\u00e9aliste avec de la Musique \u2014 Allumez le bouton d&#8217;alimentation, appuyez sur le bouton avant et sur la p\u00e9dale vers le bas, et la moto avance. Pour r\u00e9duire l&#8217;ennui pendant la conduite, la moto est soigneusement con\u00e7ue avec un klaxon et de la musique pour plus de plaisir.<br \/>\n&#8211; \ud83d\udef5Voiture Parfaite pour les Enfants \u2014 Avec son apparence \u00e9l\u00e9gante, la moto avec phare LED lumineux attirera l&#8217;attention des enfants. Ce sera un cadeau d&#8217;anniversaire ou de f\u00eates parfait pour les enfants, les aidant \u00e0 d\u00e9velopper leur \u00e9quilibre, leur motricit\u00e9, leur coordination \u0153il-main et bien plus encore.<\/p>\n","protected":false},"excerpt":{"rendered":"<p>publicit\u00e9<br \/>\nDREAMADE 6V Moto \u00c9lectrique pour Enfants 18-36 Mois, Moto Rechargeable \u00e0 2 Roues\/3 Roues avec Phare LED &amp; Musique &amp; Klaxon, D\u00e9marrage Doux, 74 x 38 x 48 cm, 2-3 km\/h, Charge Max. 20 kg (Bleu)<\/p>\n","protected":false},"featured_media":590,"comment_status":"open","ping_status":"closed","template":"","meta":[],"product_cat":[15],"product_tag":[],"class_list":{"0":"post-591","1":"product","2":"type-product","3":"status-publish","4":"has-post-thumbnail","6":"product_cat-sin-categorizar","7":"nodate","8":"item-wrap","10":"first","11":"instock","12":"shipping-taxable","13":"product-type-external"},"_links":{"self":[{"href":"https:\/\/lofimusic.com.es\/index.php\/wp-json\/wp\/v2\/product\/591","targetHints":{"allow":["GET"]}}],"collection":[{"href":"https:\/\/lofimusic.com.es\/index.php\/wp-json\/wp\/v2\/product"}],"about":[{"href":"https:\/\/lofimusic.com.es\/index.php\/wp-json\/wp\/v2\/types\/product"}],"replies":[{"embeddable":true,"href":"https:\/\/lofimusic.com.es\/index.php\/wp-json\/wp\/v2\/comments?post=591"}],"wp:featuredmedia":[{"embeddable":true,"href":"https:\/\/lofimusic.com.es\/index.php\/wp-json\/wp\/v2\/media\/590"}],"wp:attachment":[{"href":"https:\/\/lofimusic.com.es\/index.php\/wp-json\/wp\/v2\/media?parent=591"}],"wp:term":[{"taxonomy":"product_cat","embeddable":true,"href":"https:\/\/lofimusic.com.es\/index.php\/wp-json\/wp\/v2\/product_cat?post=591"},{"taxonomy":"product_tag","embeddable":true,"href":"https:\/\/lofimusic.com.es\/index.php\/wp-json\/wp\/v2\/product_tag?post=591"}],"curies":[{"name":"wp","href":"https:\/\/api.w.org\/{rel}","templated":true}]}}