{"id":587,"date":"2024-09-13T21:13:03","date_gmt":"2024-09-13T21:13:03","guid":{"rendered":"https:\/\/lofimusic.com.es\/index.php\/producto\/b0ctk67nwz_fr\/"},"modified":"2024-09-13T21:13:03","modified_gmt":"2024-09-13T21:13:03","slug":"b0ctk67nwz_fr","status":"publish","type":"product","link":"https:\/\/lofimusic.com.es\/index.php\/producto\/b0ctk67nwz_fr\/","title":{"rendered":"B0CTK67NWZ_FR"},"content":{"rendered":"<p>&#8211; Plus de plaisir \u00e0 jouer \u2014 Avec 22 chansons de d\u00e9monstration, 8 sons d&#8217;instruments, 8 rythmes et 8 sons de percussion, notre piano pour enfants initiera votre enfant au monde de la musique. Il peut \u00e9galement personnaliser son jeu en r\u00e9glant le tempo et le volume pour un plaisir sans fin.<br \/>\n&#8211; Construction solide et stable \u2014 Notre piano jouet est fabriqu\u00e9 \u00e0 partir de mat\u00e9riaux robustes et de touches r\u00e9sistantes. Le piano est \u00e9galement livr\u00e9 avec un tabouret confortable qui peut supporter jusqu&#8217;\u00e0 50 kg, ce qui le rend parfait pour les petits musiciens. Les pieds antid\u00e9rapants suppl\u00e9mentaires assurent une excellente stabilit\u00e9.<br \/>\n&#8211; Fonctionnement flexible \u2014 Le piano \u00e9lectronique pour enfants est \u00e9quip\u00e9 d&#8217;un pied de microphone r\u00e9glable et d&#8217;un pupitre amovible, qui peuvent \u00eatre ajust\u00e9s en fonction des besoins de votre enfant. Il peut \u00e9galement \u00eatre connect\u00e9 \u00e0 un microphone et \u00e0 un lecteur MP3 pour que les enfants puissent chanter ou jouer avec leurs chansons pr\u00e9f\u00e9r\u00e9es.<br \/>\n&#8211; D\u00e9tails exquis \u2014 Ce clavier de piano bien con\u00e7u pr\u00e9sente une ergonomie optimale avec une hauteur d&#8217;assise de 16,5 cm et une hauteur de clavier de 49 cm, ce qui le rend id\u00e9al pour les petits pianistes. Les coins arrondis et le petit clavier sont parfaits pour les mains d\u00e9licates des enfants.<br \/>\n&#8211; Cadeau id\u00e9al \u2014 Notre piano pour enfants n&#8217;est pas seulement un instrument de musique, mais aussi un excellent outil pour le d\u00e9veloppement cognitif, la coordination \u0153il-main et les connaissances musicales.<\/p>\n","protected":false},"excerpt":{"rendered":"<p>publicit\u00e9<br \/>\nDREAMADE Piano Enfant \u00e0 37 Touches avec Tabouret, Clavier \u00e9lectronique pour 3+ Ans avec 22 D\u00e9mos, 8 Sons &amp; 8 Rythmes, Piano Jouet avec Microphone R\u00e9glable &amp; Pupitre Amovible (Rouge)<\/p>\n","protected":false},"featured_media":586,"comment_status":"open","ping_status":"closed","template":"","meta":[],"product_cat":[15],"product_tag":[],"class_list":{"0":"post-587","1":"product","2":"type-product","3":"status-publish","4":"has-post-thumbnail","6":"product_cat-sin-categorizar","7":"nodate","8":"item-wrap","10":"first","11":"instock","12":"shipping-taxable","13":"product-type-external"},"_links":{"self":[{"href":"https:\/\/lofimusic.com.es\/index.php\/wp-json\/wp\/v2\/product\/587","targetHints":{"allow":["GET"]}}],"collection":[{"href":"https:\/\/lofimusic.com.es\/index.php\/wp-json\/wp\/v2\/product"}],"about":[{"href":"https:\/\/lofimusic.com.es\/index.php\/wp-json\/wp\/v2\/types\/product"}],"replies":[{"embeddable":true,"href":"https:\/\/lofimusic.com.es\/index.php\/wp-json\/wp\/v2\/comments?post=587"}],"wp:featuredmedia":[{"embeddable":true,"href":"https:\/\/lofimusic.com.es\/index.php\/wp-json\/wp\/v2\/media\/586"}],"wp:attachment":[{"href":"https:\/\/lofimusic.com.es\/index.php\/wp-json\/wp\/v2\/media?parent=587"}],"wp:term":[{"taxonomy":"product_cat","embeddable":true,"href":"https:\/\/lofimusic.com.es\/index.php\/wp-json\/wp\/v2\/product_cat?post=587"},{"taxonomy":"product_tag","embeddable":true,"href":"https:\/\/lofimusic.com.es\/index.php\/wp-json\/wp\/v2\/product_tag?post=587"}],"curies":[{"name":"wp","href":"https:\/\/api.w.org\/{rel}","templated":true}]}}