{"id":585,"date":"2024-09-13T21:09:05","date_gmt":"2024-09-13T21:09:05","guid":{"rendered":"https:\/\/lofimusic.com.es\/index.php\/producto\/b0cn518yn6_de\/"},"modified":"2024-09-13T21:09:05","modified_gmt":"2024-09-13T21:09:05","slug":"b0cn518yn6_de","status":"publish","type":"product","link":"https:\/\/lofimusic.com.es\/index.php\/producto\/b0cn518yn6_de\/","title":{"rendered":"B0CN518YN6_DE"},"content":{"rendered":"<p>&#8211; Das Energie-Elixier: Das Shilajit-Harz der Marke DOZ ist das geheime Elixier, das Ihnen eine Explosion nat\u00fcrlicher Energie schenkt. Sorgf\u00e4ltig aus den majest\u00e4tischen Gipfeln des Himalaya gewonnen, gibt Ihnen dieses Wunder der Natur die Kraft, den Tag mit Kraft und Vitalit\u00e4t zu bew\u00e4ltigen.<br \/>\n&#8211; Himalaya-Langlebigkeit: Mit seinem reichhaltigen Profil an Mineralien und Antioxidantien l\u00e4dt das Shilajit DOZ-Harz Sie nicht nur mit sofortiger Energie auf, sondern st\u00e4rkt auch Ihre langfristige Gesundheit. Ein einziger Tropfen pro Tag ist alles, was Sie brauchen, um Ihre Ausdauer zu verbessern und Ihr Immunsystem zu st\u00e4rken.<br \/>\n&#8211; Scharfer Geist, Reine Konzentration: Wenn Sie Ihre Produktivit\u00e4t maximieren und Ihre Konzentration m\u00fchelos aufrechterhalten m\u00f6chten, ist Shilajit DOZ Harz Ihre Geheimwaffe. Stimuliert die kognitive Funktion und gibt Ihnen geistige Klarheit und geistige Beweglichkeit in jeder Situation.<br \/>\n&#8211; Leistungssteigerung: Egal, ob Sie ein Athlet auf der Suche nach einem zus\u00e4tzlichen Marsch sind oder ein Profi, der versucht, sich voranzutreiben, Shilajit DOZ Harz ist Ihre Antwort. Verbessern Sie Ihre Kraft und Ausdauer, um jede Herausforderung entschlossen zu meistern.<br \/>\n&#8211; Un\u00fcbertroffene Qualit\u00e4t, garantierte Reinheit: Die Marke DOZ steht f\u00fcr Exzellenz und Reinheit. Jeder Tropfen Shilajit Harz wird strengen Qualit\u00e4tskontrollen unterzogen, um sicherzustellen, dass Sie das Beste aus der Natur erhalten. Entscheiden Sie sich f\u00fcr Shilajit DOZ PREMIUM Qualit\u00e4t und entdecken Sie das Geheimnis eines Lebens voller Energie, Vitalit\u00e4t und Wohlbefinden.<\/p>\n","protected":false},"excerpt":{"rendered":"<p>Werbung<br \/>\nSHILAJIT DOZ &#8211; 50 g | Premium Goldqualit\u00e4t | Nat\u00fcrlicher Energie- und Ged\u00e4chtnisverst\u00e4rker | reiner Himalaya-Extrakt | 85 Mineralien &amp; Fulvins\u00e4ure | Gesundheit und Immunverst\u00e4rkung<\/p>\n","protected":false},"featured_media":584,"comment_status":"open","ping_status":"closed","template":"","meta":[],"product_cat":[15],"product_tag":[],"class_list":{"0":"post-585","1":"product","2":"type-product","3":"status-publish","4":"has-post-thumbnail","6":"product_cat-sin-categorizar","7":"nodate","8":"item-wrap","10":"first","11":"instock","12":"shipping-taxable","13":"product-type-external"},"_links":{"self":[{"href":"https:\/\/lofimusic.com.es\/index.php\/wp-json\/wp\/v2\/product\/585","targetHints":{"allow":["GET"]}}],"collection":[{"href":"https:\/\/lofimusic.com.es\/index.php\/wp-json\/wp\/v2\/product"}],"about":[{"href":"https:\/\/lofimusic.com.es\/index.php\/wp-json\/wp\/v2\/types\/product"}],"replies":[{"embeddable":true,"href":"https:\/\/lofimusic.com.es\/index.php\/wp-json\/wp\/v2\/comments?post=585"}],"wp:featuredmedia":[{"embeddable":true,"href":"https:\/\/lofimusic.com.es\/index.php\/wp-json\/wp\/v2\/media\/584"}],"wp:attachment":[{"href":"https:\/\/lofimusic.com.es\/index.php\/wp-json\/wp\/v2\/media?parent=585"}],"wp:term":[{"taxonomy":"product_cat","embeddable":true,"href":"https:\/\/lofimusic.com.es\/index.php\/wp-json\/wp\/v2\/product_cat?post=585"},{"taxonomy":"product_tag","embeddable":true,"href":"https:\/\/lofimusic.com.es\/index.php\/wp-json\/wp\/v2\/product_tag?post=585"}],"curies":[{"name":"wp","href":"https:\/\/api.w.org\/{rel}","templated":true}]}}