{"id":581,"date":"2024-09-13T21:05:04","date_gmt":"2024-09-13T21:05:04","guid":{"rendered":"https:\/\/lofimusic.com.es\/index.php\/producto\/b0crh9vp5p_fr\/"},"modified":"2024-09-13T21:05:04","modified_gmt":"2024-09-13T21:05:04","slug":"b0crh9vp5p_fr","status":"publish","type":"product","link":"https:\/\/lofimusic.com.es\/index.php\/producto\/b0crh9vp5p_fr\/","title":{"rendered":"B0CRH9VP5P_FR"},"content":{"rendered":"<p>&#8211; \u30103 Niveaux d&#8217;aspiration r\u00e9glables\u3011 Le nettoyeur de points noirs pour pores utilise 3 modes (doux, normal et fort) de technologie d&#8217;absorption par le vide. Vous pouvez facilement r\u00e9gler le niveau d&#8217;aspiration le plus adapt\u00e9 \u00e0 vos diff\u00e9rentes zones cutan\u00e9es. Le niveau doux convient aux peaux sensibles et s\u00e8ches, le niveau standard convient aux peaux neutres et le niveau puissant convient aux peaux mixtes et grasses.<br \/>\n&#8211; \u3010Mode Chauffant\u3011BENTFINE est un nouvel extracteur de points noirs dot\u00e9 d&#8217;un mode chauffant, qui permet d&#8217;ouvrir les pores avant l&#8217;utilisation du mode chauffant. L&#8217;interrupteur \u00e0 bouton facilite l&#8217;utilisation de l&#8217;appareil. Apr\u00e8s avoir utilis\u00e9 le nettoyeur de pores, il suffit de retirer la t\u00eate d&#8217;aspiration et de la rincer pour la nettoyer. Le design ergonomique est facile \u00e0 utiliser, tandis que le corps en ABS garantit la durabilit\u00e9 et est pratique pour la famille ou les voyages.<br \/>\n&#8211; \u30103 Types de Peau\u3011Le tout nouveau nettoyeur de pores pour l&#8217;\u00e9limination des points noirs de BENTFINE adopte une technologie de pointe. En raison des diff\u00e9rents types de peau, nous avons con\u00e7u 3 modes d&#8217;aspiration diff\u00e9rents, vous pouvez choisir (huile, naturel et sec) selon les besoins sp\u00e9cifiques de votre peau. Il vous aide efficacement \u00e0 \u00e9liminer les points noirs, les points blancs et les peaux mortes, \u00e0 traiter les boutons, \u00e0 nettoyer l&#8217;exc\u00e8s de s\u00e9bum et les r\u00e9sidus de produits cosm\u00e9tiques.<br \/>\n&#8211; \u3010Vari\u00e9t\u00e9 de T\u00eates de Succion\u3011\u00c9quip\u00e9 de 5 t\u00eates d&#8217;aspiration, fabriqu\u00e9 en ABS, mat\u00e9riau respectueux de l&#8217;environnement, non toxique et respectueux de la peau, peut \u00eatre utilis\u00e9 en toute s\u00e9curit\u00e9 sur le visage, peut r\u00e9soudre divers probl\u00e8mes de peau du visage. Plus l&#8217;embout est petit, plus la puissance d&#8217;aspiration est faible. Il est recommand\u00e9 de l&#8217;utiliser du plus petit au plus grand. Apportez ces suceurs de t\u00eate noirs pratiques partout o\u00f9 vous allez et.<br \/>\n&#8211; \u3010Bonus Gift\u3011Notre ensemble d&#8217;outils pour enlever les points noirs est \u00e9galement livr\u00e9 avec un ensemble d&#8217;\u00e9pingles \u00e0 acn\u00e9 4x pour se concentrer sur des points sp\u00e9cifiques. ce qui est une surprise pour vous aider \u00e0 enlever les points noirs difficiles \u00e0 obtenir, etc. Notre extracteur de points noirs est le meilleur cadeau pour les amis, les m\u00e8res, les s\u0153urs pour la Saint-Valentin, la f\u00eate des m\u00e8res, No\u00ebl, les anniversaires, etc.<br \/>\n&#8211; \u3010Conseils Chauds\u3011Avant d&#8217;utiliser l&#8217;appareil,essayez d&#8217;ouvrir votre visage avec une serviette chaude ou de la vapeur. A un niveau d&#8217;aspiration raisonnable,ne pas aspirer \u00e0 un endroit fixe pendant plus de 3 secondes,vous devez d\u00e9placer la t\u00eate d&#8217;aspiration de haut en bas (dans le sens oppos\u00e9 \u00e0 la croissance des pores),et ne pas bouger d&#8217;avant en arri\u00e8re,mais seulement une fois. Instructions ; Apr\u00e8s utilisation,veuillez utiliser de l&#8217;eau froide ou un masque facial pour restaurer les pores trait\u00e9s.<\/p>\n","protected":false},"excerpt":{"rendered":"<p>publicit\u00e9<br \/>\nBENTFINE Aspirateur de Point Noirs, 2 en 1 Electrique Extracteur de Com\u00e9dons, Nettoyant de Pores Professionnel en Mode de Chauffage, Nettoyant de Pores Purateur de Peau Soin Visage 5 Sondes et 3 Modes<\/p>\n","protected":false},"featured_media":580,"comment_status":"open","ping_status":"closed","template":"","meta":[],"product_cat":[15],"product_tag":[],"class_list":{"0":"post-581","1":"product","2":"type-product","3":"status-publish","4":"has-post-thumbnail","6":"product_cat-sin-categorizar","7":"nodate","8":"item-wrap","10":"first","11":"instock","12":"shipping-taxable","13":"product-type-external"},"_links":{"self":[{"href":"https:\/\/lofimusic.com.es\/index.php\/wp-json\/wp\/v2\/product\/581","targetHints":{"allow":["GET"]}}],"collection":[{"href":"https:\/\/lofimusic.com.es\/index.php\/wp-json\/wp\/v2\/product"}],"about":[{"href":"https:\/\/lofimusic.com.es\/index.php\/wp-json\/wp\/v2\/types\/product"}],"replies":[{"embeddable":true,"href":"https:\/\/lofimusic.com.es\/index.php\/wp-json\/wp\/v2\/comments?post=581"}],"wp:featuredmedia":[{"embeddable":true,"href":"https:\/\/lofimusic.com.es\/index.php\/wp-json\/wp\/v2\/media\/580"}],"wp:attachment":[{"href":"https:\/\/lofimusic.com.es\/index.php\/wp-json\/wp\/v2\/media?parent=581"}],"wp:term":[{"taxonomy":"product_cat","embeddable":true,"href":"https:\/\/lofimusic.com.es\/index.php\/wp-json\/wp\/v2\/product_cat?post=581"},{"taxonomy":"product_tag","embeddable":true,"href":"https:\/\/lofimusic.com.es\/index.php\/wp-json\/wp\/v2\/product_tag?post=581"}],"curies":[{"name":"wp","href":"https:\/\/api.w.org\/{rel}","templated":true}]}}