{"id":579,"date":"2024-09-13T21:04:03","date_gmt":"2024-09-13T21:04:03","guid":{"rendered":"https:\/\/lofimusic.com.es\/index.php\/producto\/b0cgzj7nhb_de\/"},"modified":"2024-09-13T21:04:03","modified_gmt":"2024-09-13T21:04:03","slug":"b0cgzj7nhb_de","status":"publish","type":"product","link":"https:\/\/lofimusic.com.es\/index.php\/producto\/b0cgzj7nhb_de\/","title":{"rendered":"B0CGZJ7NHB_DE"},"content":{"rendered":"<p>&#8211; \u3010Effizienter Vernebler\u3011Unser tragbarer Vernebler verwendet die neueste Vernebelungstechnologie und Mikronetztechnologie, um Partikel mit einem Durchmesser von 5 \u00b5m (MMAD) zu erzeugen. Es kann effektiv Erkrankungen der Atemwege wie Erk\u00e4ltungen und Bronchitis behandeln.<br \/>\n&#8211; \u3010Ultra-leise Vernebelung\u3011Mit einer Ger\u00e4uschreduktionstechnologie ist der Betrieb effizient und schnell und nahezu ger\u00e4uschlos (weniger als 30 dB). Es wird Personen in der N\u00e4he oder den Schlaf nicht st\u00f6ren. Im Gegensatz zu sperrigen Einsteckverneblern ist er nicht laut und vibriert nicht \u00fcberm\u00e4\u00dfig!<br \/>\n&#8211; \u3010Geringe R\u00fcckst\u00e4nde und automatische Reinigungsfunktion\u3011Nach der Verwendung betr\u00e4gt die R\u00fcckst\u00e4nde weniger als 0,5 ml Medikament. Das abnehmbare Design erleichtert die Reinigung des Medizinbechers. Es wird empfohlen, den Becher nach jedem Gebrauch mit Wasser zu reinigen und vor dem Gebrauch trocknen zu lassen. Halten Sie die Taste 5 Sekunden lang gedr\u00fcckt, um die automatische Reinigungsfunktion zu aktivieren.<br \/>\n&#8211; \u3010USB-Aufladung\u3011Der Inhalationsger\u00e4t verf\u00fcgt \u00fcber einen eingebauten 1200-mAh-Akku, der \u00fcber ein USB-Kabel aufgeladen werden kann. Es kann nicht nur \u00fcber eine Steckdose aufgeladen werden, sondern auch \u00fcber einen Schreibtisch, eine Powerbank oder im Auto. Eine volle Ladung reicht f\u00fcr etwa 120 Minuten. Bei einer t\u00e4glichen Betriebsdauer von 30 Minuten kann der Vernebler etwa eine Woche lang verwendet werden.<br \/>\n&#8211; \u3010Verschiedene Zubeh\u00f6rteile\u3011Mit D\u00fcse, Erwachsenenmaske, Kindermaske, USB-Kabel und Aufbewahrungstasche ausgestattet. Wenn Sie eine Maske mit elastischem Band tragen, k\u00f6nnen Sie Ihre H\u00e4nde befreien und sie in die mitgelieferte Reisetasche stecken, um unterwegs zu sein. Der Vernebler ist sehr klein und leicht und erm\u00f6glicht es Ihnen, jederzeit und \u00fcberall zu inhalieren, was ihn ideal f\u00fcr Ihre t\u00e4glichen Reisen und die h\u00e4usliche Pflege macht.<\/p>\n","protected":false},"excerpt":{"rendered":"<p>Werbung<br \/>\nCinlinso Inhalationsger\u00e4t, Inhalator f\u00fcr Kinder und Erwachsene, Wiederaufladbar Tragbar Inhalierger\u00e4te, Ideal f\u00fcr zu Hause oder auf Reise<\/p>\n","protected":false},"featured_media":578,"comment_status":"open","ping_status":"closed","template":"","meta":[],"product_cat":[15],"product_tag":[],"class_list":{"0":"post-579","1":"product","2":"type-product","3":"status-publish","4":"has-post-thumbnail","6":"product_cat-sin-categorizar","7":"nodate","8":"item-wrap","10":"first","11":"instock","12":"shipping-taxable","13":"product-type-external"},"_links":{"self":[{"href":"https:\/\/lofimusic.com.es\/index.php\/wp-json\/wp\/v2\/product\/579","targetHints":{"allow":["GET"]}}],"collection":[{"href":"https:\/\/lofimusic.com.es\/index.php\/wp-json\/wp\/v2\/product"}],"about":[{"href":"https:\/\/lofimusic.com.es\/index.php\/wp-json\/wp\/v2\/types\/product"}],"replies":[{"embeddable":true,"href":"https:\/\/lofimusic.com.es\/index.php\/wp-json\/wp\/v2\/comments?post=579"}],"wp:featuredmedia":[{"embeddable":true,"href":"https:\/\/lofimusic.com.es\/index.php\/wp-json\/wp\/v2\/media\/578"}],"wp:attachment":[{"href":"https:\/\/lofimusic.com.es\/index.php\/wp-json\/wp\/v2\/media?parent=579"}],"wp:term":[{"taxonomy":"product_cat","embeddable":true,"href":"https:\/\/lofimusic.com.es\/index.php\/wp-json\/wp\/v2\/product_cat?post=579"},{"taxonomy":"product_tag","embeddable":true,"href":"https:\/\/lofimusic.com.es\/index.php\/wp-json\/wp\/v2\/product_tag?post=579"}],"curies":[{"name":"wp","href":"https:\/\/api.w.org\/{rel}","templated":true}]}}