{"id":577,"date":"2024-09-13T21:01:04","date_gmt":"2024-09-13T21:01:04","guid":{"rendered":"https:\/\/lofimusic.com.es\/index.php\/producto\/b0czl4v5rp_fr\/"},"modified":"2024-09-13T21:01:04","modified_gmt":"2024-09-13T21:01:04","slug":"b0czl4v5rp_fr","status":"publish","type":"product","link":"https:\/\/lofimusic.com.es\/index.php\/producto\/b0czl4v5rp_fr\/","title":{"rendered":"B0CZL4V5RP_FR"},"content":{"rendered":"<p>&#8211; \u00c9cran IPS HD 4,3 pouces : L&#8217;\u00e9cran IPS HD 1080P de 4,3 pouces offre des images d&#8217;\u00e9chantillons exceptionnellement nettes et d\u00e9taill\u00e9es, am\u00e9liorant votre observation avec une pr\u00e9cision et une vivacit\u00e9 in\u00e9gal\u00e9es. C&#8217;est une solution tout-en-un non seulement pour capturer des photos de haute qualit\u00e9, mais aussi pour de superbes photos. Vid\u00e9o Exp\u00e9rience sans effort, \u00e9levant vos activit\u00e9s scientifiques vers de nouveaux sommets. (Carte TF de 32 Go non incluse)<br \/>\n&#8211; Outils d&#8217;exploration et d&#8217;\u00e9ducation : Le microscope num\u00e9rique avec 8 lumi\u00e8res LED ajustables est id\u00e9al pour observer les pi\u00e8ces de monnaie, les plantes, les pierres, les bijoux, les collections, les timbres, les diapositives biologiques, le microscope est \u00e9galement adapt\u00e9 \u00e0 la micro soudure et \u00e0 la r\u00e9paration \u00e9lectronique, etc.Cadeaux d&#8217;anniversaire\/vacances\/No\u00ebl parfaits pour les filles et les gar\u00e7ons, et superbes jouets pour enfants. Ne convient pas aux biologistes professionnels s\u00e9rieux<br \/>\n&#8211; Grossissement polyvalent 50-1000X : Microscope electronique \u00e0 grossissement permet d&#8217;effectuer des zooms avant et arri\u00e8re pour observer des d\u00e9tails incroyables avec un grossissement impressionnant de 50X \u00e0 un grossissement extraordinaire de 1000X. Que vous plongiez dans la complexit\u00e9 du microcosme ou que vous examiniez des structures macroscopiques, cette gamme de grossissement polyvalente vous garantit le niveau de d\u00e9tail parfait pour chaque sujet<br \/>\n&#8211; 8 lumi\u00e8res LED r\u00e9glables : prenez le contr\u00f4le de votre environnement d&#8217;observation avec les 8 lumi\u00e8res LED r\u00e9glables. Vous pouvez facilement contr\u00f4ler la luminosit\u00e9 des lumi\u00e8res en faisant glisser doucement le bouton de r\u00e9glage de la lumi\u00e8re sur le c\u00f4t\u00e9. Ces lumi\u00e8res de pr\u00e9cision garantissent une visibilit\u00e9 optimale dans toutes les conditions, vous permettant pour \u00e9clairer vos sujets avec la quantit\u00e9 de lumi\u00e8re parfaite pour r\u00e9v\u00e9ler chaque d\u00e9tail, quel que soit l&#8217;\u00e9clairage ambiant<br \/>\n&#8211; Prise en charge de la connexion avec un PC : Sortie pour une vue plus grande, capturez des images et des vid\u00e9os haute r\u00e9solution de minuscules d\u00e9tails avec GlobalCrown microscope,qui peut facilement \u00eatre connect\u00e9 \u00e0 votre ordinateur via USB pour la visualisation et l&#8217;analyse<\/p>\n","protected":false},"excerpt":{"rendered":"<p>publicit\u00e9<br \/>\nGlobalCrown Microscope num\u00e9rique Enfant\/Adulte,4,3 Pouces \u00e9cran Microscope electronique \u00e0 grossissement 50-1000X avec 8 lumi\u00e8res LED r\u00e9glables, loupe \u00e0 souder, Compatible Windows\/Mac<\/p>\n","protected":false},"featured_media":576,"comment_status":"open","ping_status":"closed","template":"","meta":[],"product_cat":[15],"product_tag":[],"class_list":{"0":"post-577","1":"product","2":"type-product","3":"status-publish","4":"has-post-thumbnail","6":"product_cat-sin-categorizar","7":"nodate","8":"item-wrap","10":"first","11":"instock","12":"shipping-taxable","13":"product-type-external"},"_links":{"self":[{"href":"https:\/\/lofimusic.com.es\/index.php\/wp-json\/wp\/v2\/product\/577","targetHints":{"allow":["GET"]}}],"collection":[{"href":"https:\/\/lofimusic.com.es\/index.php\/wp-json\/wp\/v2\/product"}],"about":[{"href":"https:\/\/lofimusic.com.es\/index.php\/wp-json\/wp\/v2\/types\/product"}],"replies":[{"embeddable":true,"href":"https:\/\/lofimusic.com.es\/index.php\/wp-json\/wp\/v2\/comments?post=577"}],"wp:featuredmedia":[{"embeddable":true,"href":"https:\/\/lofimusic.com.es\/index.php\/wp-json\/wp\/v2\/media\/576"}],"wp:attachment":[{"href":"https:\/\/lofimusic.com.es\/index.php\/wp-json\/wp\/v2\/media?parent=577"}],"wp:term":[{"taxonomy":"product_cat","embeddable":true,"href":"https:\/\/lofimusic.com.es\/index.php\/wp-json\/wp\/v2\/product_cat?post=577"},{"taxonomy":"product_tag","embeddable":true,"href":"https:\/\/lofimusic.com.es\/index.php\/wp-json\/wp\/v2\/product_tag?post=577"}],"curies":[{"name":"wp","href":"https:\/\/api.w.org\/{rel}","templated":true}]}}