{"id":575,"date":"2024-09-13T20:59:03","date_gmt":"2024-09-13T20:59:03","guid":{"rendered":"https:\/\/lofimusic.com.es\/index.php\/producto\/b0d4md6vh8_de\/"},"modified":"2024-09-13T20:59:03","modified_gmt":"2024-09-13T20:59:03","slug":"b0d4md6vh8_de","status":"publish","type":"product","link":"https:\/\/lofimusic.com.es\/index.php\/producto\/b0d4md6vh8_de\/","title":{"rendered":"B0D4MD6VH8_DE"},"content":{"rendered":"<p>&#8211; \u3010110DB Lauter F\u00fcr AirTag Fahrradklingel\u3011Neue Mountainbike Fahrradklingel F\u00fcr Airtag Fahrradglocke Erh\u00f6hen Lautst\u00e4rke um 10%. Unter normalen Bedingungen kann der Klangpegel zwischen 100-110dB liegen. In Extremsituationen kann er sogar kurzzeitig 120dB erreichen. Selbst in lauten Umgebungen bleibt die klingel fahrrad laut und herausragend. Verwendung dieser Fahrradklingel mit Anti-Diebstahl F\u00fcr AirTag-Halterung erh\u00f6ht Ihre Sicherheit.<br \/>\n&#8211; \u3010Sichers Versteckt AirTag-Halter Klingel\u3011Unsichtbare Mini Fahrradklingel mit GPS Fahrrad Tracker Diebstahlsicherung Halterung ist kompakt, klein und unauff\u00e4llig auf dem Lenker, sparen Sie Platz f\u00fcr die Montage von anderem Fahrradzubeh\u00f6r. Unser Fahrrad Halter f\u00fcr Apple AirTag ist so designed, dass er nicht auffallt. Dein F\u00fcr AirTag ist perfekt getarnt. Super einfach &amp; innovativ zugleich. Finden Sie Ihr Fahrrad jederzeit, um Diebstahl zu verhindern. (AirTag nicht im Lieferumfang enthalten).<br \/>\n&#8211; \u3010Als Klingel Getarnte Fahrrad-Diebstahlsicherung\u3011Schwarz Rennradklingel Bike Bell Fahrrad Klingel f\u00fcr Apple Airtag \/Ortung Fahrradhalterung ist der beste Fahrradbegleiter denn kingle Verfolgen Sie ganz einfach den Standort Ihres Fahrrads, und machen Sie sich keine Sorgen, dass Ihr Fahrrad gestohlen wird. Das f\u00fcr AirTag verbindet sich mit jedem iOS Device in seiner N\u00e4he. Via Apples \u201cFind My\u201d Netzwerk ortest du deine Fahrrad &amp; alles ger\u00e4te was mit ihr verbunden ist auf der ganzen Welt.<br \/>\n&#8211; \u3010Hochwertige &amp; Langlebig &amp; Wasserdicht\u3011Mountainbike Klingel f\u00fcr Airtag Fahrrad sind aus hohe Qualit\u00e4t Aluminiumlegierung und Edelstahl-Material, hervorragende Verarbeitung und langlebig. Fahrrad Klingel mit GPS Tracker Halterung ist wasserdicht, staub, rostfrei, sonnenbest\u00e4ndig, und korrosionsbest\u00e4ndig. AirTag-Halter aus Polyformaldehyd und ist robust und langlebig. Es passt genau auf den f\u00fcr AirTag und beeintr\u00e4chtigt das Signal nicht. Die dezente schwarze Kappe f\u00fcgt sich gut in das Bike ein.<br \/>\n&#8211; \u3010 Lenker 22,2-25,4-31,8 mm\u3011Wir bieten weiche und harte Pads f\u00fcr MTB Fahrradklingel Ring, um maximale Kompatibilit\u00e4t zu gew\u00e4hrleisten. In den meisten F\u00e4llen kann das harte Polster verwendet werden. Falls der Lenker zu dick ist, kann das weiche Polster verwendet werden. Fahrrad f\u00fcr Airtag Klingel Glocke ist f\u00fcr die meisten Fahrr\u00e4der geeignet von Fahrrad, Dreirad, Mountainbike, Ebike, Citybike, Rennwagen, Sportbike, Kinder Laufrad, Kinderfahrr\u00e4der und Roller.<\/p>\n","protected":false},"excerpt":{"rendered":"<p>Werbung<br \/>\nFahrradklingel F\u00fcr Apple AirTag 110DB Mini Fahrrad Klingel Versteckt Fahrrad Diebstahlsicherung f\u00fcr Fahrrad Rennrad Kinderfahrrad Ebike Mountainbike 22-31.8 mm Lenker<\/p>\n","protected":false},"featured_media":574,"comment_status":"open","ping_status":"closed","template":"","meta":[],"product_cat":[15],"product_tag":[],"class_list":{"0":"post-575","1":"product","2":"type-product","3":"status-publish","4":"has-post-thumbnail","6":"product_cat-sin-categorizar","7":"nodate","8":"item-wrap","10":"first","11":"instock","12":"shipping-taxable","13":"product-type-external"},"_links":{"self":[{"href":"https:\/\/lofimusic.com.es\/index.php\/wp-json\/wp\/v2\/product\/575","targetHints":{"allow":["GET"]}}],"collection":[{"href":"https:\/\/lofimusic.com.es\/index.php\/wp-json\/wp\/v2\/product"}],"about":[{"href":"https:\/\/lofimusic.com.es\/index.php\/wp-json\/wp\/v2\/types\/product"}],"replies":[{"embeddable":true,"href":"https:\/\/lofimusic.com.es\/index.php\/wp-json\/wp\/v2\/comments?post=575"}],"wp:featuredmedia":[{"embeddable":true,"href":"https:\/\/lofimusic.com.es\/index.php\/wp-json\/wp\/v2\/media\/574"}],"wp:attachment":[{"href":"https:\/\/lofimusic.com.es\/index.php\/wp-json\/wp\/v2\/media?parent=575"}],"wp:term":[{"taxonomy":"product_cat","embeddable":true,"href":"https:\/\/lofimusic.com.es\/index.php\/wp-json\/wp\/v2\/product_cat?post=575"},{"taxonomy":"product_tag","embeddable":true,"href":"https:\/\/lofimusic.com.es\/index.php\/wp-json\/wp\/v2\/product_tag?post=575"}],"curies":[{"name":"wp","href":"https:\/\/api.w.org\/{rel}","templated":true}]}}